{"id":6673,"date":"2025-10-09T00:00:00","date_gmt":"2025-10-08T22:00:00","guid":{"rendered":"https:\/\/yotavis.ch\/product\/tos5302\/"},"modified":"2026-04-24T13:34:43","modified_gmt":"2026-04-24T11:34:43","slug":"tos5302","status":"publish","type":"product","link":"https:\/\/yotavis.ch\/fr\/produit\/tos5302\/","title":{"rendered":"TOS5302"},"content":{"rendered":"<p>Le testeur Kikusui TOS5302 Hipot dispose d'une sortie AC de 5 kV et d'une capacit\u00e9 de courant de 100 mA, offrant une puissance nominale de 500 VA. Il comprend une fonctionnalit\u00e9 de contr\u00f4le du temps de mont\u00e9e, permettant un r\u00e9glage pr\u00e9cis de l'augmentation de la tension pendant le test. L'appareil permet de mesurer la r\u00e9sistance d'isolement jusqu'\u00e0 5,00 G\u03a9 \u00e0 une tension continue de 1000 V. Ce testeur est con\u00e7u pour effectuer des essais \u00e0 haute tension afin de garantir la s\u00e9curit\u00e9 et la fiabilit\u00e9 des composants \u00e9lectriques et des mat\u00e9riaux d'isolation. Ses sp\u00e9cifications mettent l'accent sur une application pr\u00e9cise et contr\u00f4l\u00e9e de la haute tension, adapt\u00e9e \u00e0 divers environnements de test. La combinaison de la sortie de tension alternative et de la mesure de la r\u00e9sistance d'isolement en fait un outil polyvalent pour les besoins de test \u00e9lectrique.<\/p>","protected":false},"excerpt":{"rendered":"<p>Hipot Tester AC 5 kV \/ 100 mA (500 VA), Rise- Time Control<br \/>\n IR 5.00 G\u03a9 (DC 1000 V)<\/p>","protected":false},"featured_media":7764,"comment_status":"closed","ping_status":"closed","template":"","meta":{"_acf_changed":false,"slim_seo":{"title":"TOS5302 - YOTAVIS AG","description":"Hipot Tester AC 5 kV \/ 100 mA (500 VA), Rise- Time Control IR 5.00 G\u03a9 (DC 1000 V)"}},"product_brand":[551],"product_cat":[518,642],"product_tag":[],"class_list":{"0":"post-6673","1":"product","2":"type-product","3":"status-publish","4":"has-post-thumbnail","6":"product_brand-kikusui","7":"product_cat-meters","8":"product_cat-safety-testers-en","10":"first","11":"instock","12":"taxable","13":"shipping-taxable","14":"purchasable","15":"product-type-simple"},"acf":[],"_links":{"self":[{"href":"https:\/\/yotavis.ch\/fr\/wp-json\/wp\/v2\/product\/6673","targetHints":{"allow":["GET"]}}],"collection":[{"href":"https:\/\/yotavis.ch\/fr\/wp-json\/wp\/v2\/product"}],"about":[{"href":"https:\/\/yotavis.ch\/fr\/wp-json\/wp\/v2\/types\/product"}],"replies":[{"embeddable":true,"href":"https:\/\/yotavis.ch\/fr\/wp-json\/wp\/v2\/comments?post=6673"}],"wp:featuredmedia":[{"embeddable":true,"href":"https:\/\/yotavis.ch\/fr\/wp-json\/wp\/v2\/media\/7764"}],"wp:attachment":[{"href":"https:\/\/yotavis.ch\/fr\/wp-json\/wp\/v2\/media?parent=6673"}],"wp:term":[{"taxonomy":"product_brand","embeddable":true,"href":"https:\/\/yotavis.ch\/fr\/wp-json\/wp\/v2\/product_brand?post=6673"},{"taxonomy":"product_cat","embeddable":true,"href":"https:\/\/yotavis.ch\/fr\/wp-json\/wp\/v2\/product_cat?post=6673"},{"taxonomy":"product_tag","embeddable":true,"href":"https:\/\/yotavis.ch\/fr\/wp-json\/wp\/v2\/product_tag?post=6673"}],"curies":[{"name":"wp","href":"https:\/\/api.w.org\/{rel}","templated":true}]}}