{"id":6676,"date":"2025-10-09T00:00:00","date_gmt":"2025-10-08T22:00:00","guid":{"rendered":"https:\/\/yotavis.ch\/product\/tos9301\/"},"modified":"2026-04-24T13:34:45","modified_gmt":"2026-04-24T11:34:45","slug":"tos9301","status":"publish","type":"product","link":"https:\/\/yotavis.ch\/fr\/produit\/tos9301\/","title":{"rendered":"TOS9301"},"content":{"rendered":"<p>Le TOS9301 de Kikusui pr\u00e9sente une tension alternative de 5kV avec un courant de 100mA, d\u00e9livrant une capacit\u00e9 de puissance de 500VA. Il prend \u00e9galement en charge une tension continue de 7,2 kV avec une puissance nominale de 100 W. La r\u00e9sistance d'isolation de ce produit est de 99,99G\u03a9, ce qui indique sa capacit\u00e9 \u00e0 supporter des niveaux de r\u00e9sistance \u00e9lev\u00e9s. Ces sp\u00e9cifications soulignent l'ad\u00e9quation de l'appareil aux applications n\u00e9cessitant une tension et une r\u00e9sistance d'isolement \u00e9lev\u00e9es. La combinaison des tensions nominales en courant alternatif et en courant continu avec les sp\u00e9cifications de puissance et de courant donne une vue d'ensemble de ses performances \u00e9lectriques. Le produit est con\u00e7u pour supporter des charges \u00e9lectriques importantes tout en conservant une r\u00e9sistance d'isolement \u00e9lev\u00e9e. Il s'agit donc d'un composant fiable \u00e0 utiliser dans des environnements o\u00f9 l'isolation \u00e9lectrique et l'endurance \u00e0 la haute tension sont essentielles.<\/p>","protected":false},"excerpt":{"rendered":"<p>AC 5kV \/ 100mA (500VA), DC 7.2kV \/ 100W, IR 99.99G\u03a9<\/p>","protected":false},"featured_media":7776,"comment_status":"closed","ping_status":"closed","template":"","meta":{"_acf_changed":false,"slim_seo":{"title":"TOS9301 - YOTAVIS AG","description":"AC 5kV \/ 100mA (500VA), DC 7.2kV \/ 100W, IR 99.99G\u03a9"}},"product_brand":[551],"product_cat":[518,642],"product_tag":[],"class_list":{"0":"post-6676","1":"product","2":"type-product","3":"status-publish","4":"has-post-thumbnail","6":"product_brand-kikusui","7":"product_cat-meters","8":"product_cat-safety-testers-en","10":"first","11":"instock","12":"taxable","13":"shipping-taxable","14":"purchasable","15":"product-type-simple"},"acf":[],"_links":{"self":[{"href":"https:\/\/yotavis.ch\/fr\/wp-json\/wp\/v2\/product\/6676","targetHints":{"allow":["GET"]}}],"collection":[{"href":"https:\/\/yotavis.ch\/fr\/wp-json\/wp\/v2\/product"}],"about":[{"href":"https:\/\/yotavis.ch\/fr\/wp-json\/wp\/v2\/types\/product"}],"replies":[{"embeddable":true,"href":"https:\/\/yotavis.ch\/fr\/wp-json\/wp\/v2\/comments?post=6676"}],"wp:featuredmedia":[{"embeddable":true,"href":"https:\/\/yotavis.ch\/fr\/wp-json\/wp\/v2\/media\/7776"}],"wp:attachment":[{"href":"https:\/\/yotavis.ch\/fr\/wp-json\/wp\/v2\/media?parent=6676"}],"wp:term":[{"taxonomy":"product_brand","embeddable":true,"href":"https:\/\/yotavis.ch\/fr\/wp-json\/wp\/v2\/product_brand?post=6676"},{"taxonomy":"product_cat","embeddable":true,"href":"https:\/\/yotavis.ch\/fr\/wp-json\/wp\/v2\/product_cat?post=6676"},{"taxonomy":"product_tag","embeddable":true,"href":"https:\/\/yotavis.ch\/fr\/wp-json\/wp\/v2\/product_tag?post=6676"}],"curies":[{"name":"wp","href":"https:\/\/api.w.org\/{rel}","templated":true}]}}