{"id":6678,"date":"2025-10-09T00:00:00","date_gmt":"2025-10-08T22:00:00","guid":{"rendered":"https:\/\/yotavis.ch\/product\/tos9301pd\/"},"modified":"2026-04-24T13:34:45","modified_gmt":"2026-04-24T11:34:45","slug":"tos9301pd","status":"publish","type":"product","link":"https:\/\/yotavis.ch\/fr\/produit\/tos9301pd\/","title":{"rendered":"TOS9301PD"},"content":{"rendered":"<p>Le TOS9301PD de Kikusui est un multi-analyseur de s\u00e9curit\u00e9 \u00e9lectrique con\u00e7u pour effectuer des mesures ACW, DCW, IR et PD. Ce dispositif est con\u00e7u pour des tests de s\u00e9curit\u00e9 \u00e9lectrique complets, int\u00e9grant de multiples fonctions de test dans une seule unit\u00e9. Il prend en charge diverses m\u00e9thodes de test, notamment la tension de tenue en courant alternatif (ACW), la tension de tenue en courant continu (DCW), la r\u00e9sistance d'isolement (IR) et la d\u00e9tection des d\u00e9charges partielles (PD). Le multi-analyseur est con\u00e7u pour faciliter l'\u00e9valuation efficace et pr\u00e9cise de la s\u00e9curit\u00e9 des \u00e9quipements \u00e9lectriques. Sa conception consolide les capacit\u00e9s de test essentielles, ce qui le rend adapt\u00e9 aux environnements o\u00f9 de multiples param\u00e8tres de s\u00e9curit\u00e9 \u00e9lectrique doivent \u00eatre \u00e9valu\u00e9s. Le TOS9301PD fait partie de la gamme de produits Kikusui, connue pour ses instruments de test \u00e9lectrique sp\u00e9cialis\u00e9s.<\/p>","protected":false},"excerpt":{"rendered":"<p>S\u00e9curit\u00e9 \u00e9lectrique Multi-analyseur ACW \/ DCW \/ IR \/ PD<\/p>","protected":false},"featured_media":7775,"comment_status":"closed","ping_status":"closed","template":"","meta":{"_acf_changed":false,"slim_seo":{"title":"TOS9301PD - YOTAVIS AG","description":"S\u00e9curit\u00e9 \u00e9lectrique Multi-analyseur ACW \/ DCW \/ IR \/ PD"}},"product_brand":[551],"product_cat":[518,642],"product_tag":[],"class_list":{"0":"post-6678","1":"product","2":"type-product","3":"status-publish","4":"has-post-thumbnail","6":"product_brand-kikusui","7":"product_cat-meters","8":"product_cat-safety-testers-en","10":"first","11":"instock","12":"taxable","13":"shipping-taxable","14":"purchasable","15":"product-type-simple"},"acf":[],"_links":{"self":[{"href":"https:\/\/yotavis.ch\/fr\/wp-json\/wp\/v2\/product\/6678","targetHints":{"allow":["GET"]}}],"collection":[{"href":"https:\/\/yotavis.ch\/fr\/wp-json\/wp\/v2\/product"}],"about":[{"href":"https:\/\/yotavis.ch\/fr\/wp-json\/wp\/v2\/types\/product"}],"replies":[{"embeddable":true,"href":"https:\/\/yotavis.ch\/fr\/wp-json\/wp\/v2\/comments?post=6678"}],"wp:featuredmedia":[{"embeddable":true,"href":"https:\/\/yotavis.ch\/fr\/wp-json\/wp\/v2\/media\/7775"}],"wp:attachment":[{"href":"https:\/\/yotavis.ch\/fr\/wp-json\/wp\/v2\/media?parent=6678"}],"wp:term":[{"taxonomy":"product_brand","embeddable":true,"href":"https:\/\/yotavis.ch\/fr\/wp-json\/wp\/v2\/product_brand?post=6678"},{"taxonomy":"product_cat","embeddable":true,"href":"https:\/\/yotavis.ch\/fr\/wp-json\/wp\/v2\/product_cat?post=6678"},{"taxonomy":"product_tag","embeddable":true,"href":"https:\/\/yotavis.ch\/fr\/wp-json\/wp\/v2\/product_tag?post=6678"}],"curies":[{"name":"wp","href":"https:\/\/api.w.org\/{rel}","templated":true}]}}