{"id":6679,"date":"2025-10-09T00:00:00","date_gmt":"2025-10-08T22:00:00","guid":{"rendered":"https:\/\/yotavis.ch\/product\/tos9302\/"},"modified":"2026-04-24T13:34:46","modified_gmt":"2026-04-24T11:34:46","slug":"tos9302","status":"publish","type":"product","link":"https:\/\/yotavis.ch\/fr\/produit\/tos9302\/","title":{"rendered":"TOS9302"},"content":{"rendered":"<p>Le TOS9302 de Kikusui est con\u00e7u pour g\u00e9rer des tensions alternatives jusqu'\u00e0 5kV et des courants jusqu'\u00e0 100mA, avec une puissance nominale de 500VA. Il est \u00e9galement dot\u00e9 d'une fonction de liaison \u00e0 la terre, essentielle pour garantir la s\u00e9curit\u00e9 et une mise \u00e0 la terre correcte pendant les essais \u00e9lectriques. Ce produit convient aux applications n\u00e9cessitant des tests de haute tension en courant alternatif et la v\u00e9rification de la mise \u00e0 la terre. Les sp\u00e9cifications indiquent sa capacit\u00e9 \u00e0 g\u00e9rer des charges \u00e9lectriques importantes, ce qui le rend utile dans divers environnements industriels et de laboratoire. La combinaison des valeurs nominales de tension, de courant et de puissance met en \u00e9vidence sa robustesse et sa fiabilit\u00e9 face \u00e0 des conditions \u00e9lectriques exigeantes. L'inclusion d'une fonctionnalit\u00e9 de liaison \u00e0 la terre renforce encore son utilit\u00e9 en fournissant un moyen de tester l'int\u00e9grit\u00e9 des connexions de mise \u00e0 la terre. Dans l'ensemble, le TOS9302 offre un ensemble cibl\u00e9 de fonctions adapt\u00e9es aux applications de haute tension en courant alternatif et de mise \u00e0 la terre.<\/p>","protected":false},"excerpt":{"rendered":"<p>AC 5kV \/ 100mA (500VA), et liaison \u00e0 la terre<\/p>","protected":false},"featured_media":7771,"comment_status":"closed","ping_status":"closed","template":"","meta":{"_acf_changed":false,"slim_seo":{"title":"TOS9302 - YOTAVIS AG","description":"AC 5kV \/ 100mA (500VA), and Ground Bond"}},"product_brand":[551],"product_cat":[518,642],"product_tag":[],"class_list":{"0":"post-6679","1":"product","2":"type-product","3":"status-publish","4":"has-post-thumbnail","6":"product_brand-kikusui","7":"product_cat-meters","8":"product_cat-safety-testers-en","10":"first","11":"instock","12":"taxable","13":"shipping-taxable","14":"purchasable","15":"product-type-simple"},"acf":[],"_links":{"self":[{"href":"https:\/\/yotavis.ch\/fr\/wp-json\/wp\/v2\/product\/6679","targetHints":{"allow":["GET"]}}],"collection":[{"href":"https:\/\/yotavis.ch\/fr\/wp-json\/wp\/v2\/product"}],"about":[{"href":"https:\/\/yotavis.ch\/fr\/wp-json\/wp\/v2\/types\/product"}],"replies":[{"embeddable":true,"href":"https:\/\/yotavis.ch\/fr\/wp-json\/wp\/v2\/comments?post=6679"}],"wp:featuredmedia":[{"embeddable":true,"href":"https:\/\/yotavis.ch\/fr\/wp-json\/wp\/v2\/media\/7771"}],"wp:attachment":[{"href":"https:\/\/yotavis.ch\/fr\/wp-json\/wp\/v2\/media?parent=6679"}],"wp:term":[{"taxonomy":"product_brand","embeddable":true,"href":"https:\/\/yotavis.ch\/fr\/wp-json\/wp\/v2\/product_brand?post=6679"},{"taxonomy":"product_cat","embeddable":true,"href":"https:\/\/yotavis.ch\/fr\/wp-json\/wp\/v2\/product_cat?post=6679"},{"taxonomy":"product_tag","embeddable":true,"href":"https:\/\/yotavis.ch\/fr\/wp-json\/wp\/v2\/product_tag?post=6679"}],"curies":[{"name":"wp","href":"https:\/\/api.w.org\/{rel}","templated":true}]}}