{"id":6680,"date":"2025-10-09T00:00:00","date_gmt":"2025-10-08T22:00:00","guid":{"rendered":"https:\/\/yotavis.ch\/product\/tos9303\/"},"modified":"2026-04-24T13:34:50","modified_gmt":"2026-04-24T11:34:50","slug":"tos9303","status":"publish","type":"product","link":"https:\/\/yotavis.ch\/fr\/produit\/tos9303\/","title":{"rendered":"TOS9303"},"content":{"rendered":"<p>Le TOS9303 de Kikusui pr\u00e9sente une tension alternative de 5kV avec un courant de 100mA, d\u00e9livrant une capacit\u00e9 de puissance de 500VA. Il prend \u00e9galement en charge une tension continue de 7,2 kV avec une puissance nominale de 100 W. La r\u00e9sistance d'isolation (IR) est sp\u00e9cifi\u00e9e \u00e0 99,99G\u03a9, ce qui indique un niveau \u00e9lev\u00e9 de performance d'isolation \u00e9lectrique. En outre, le produit comprend une fonction de liaison \u00e0 la terre, essentielle pour la s\u00e9curit\u00e9 et la mise \u00e0 la terre correcte dans les environnements de test \u00e9lectrique. Ces sp\u00e9cifications soulignent la capacit\u00e9 de l'appareil \u00e0 g\u00e9rer des niveaux de tension et de courant \u00e9lev\u00e9s tout en maintenant une r\u00e9sistance d'isolation fiable. La combinaison des tensions nominales AC et DC et de la fonction de mise \u00e0 la terre permet d'utiliser l'appareil dans diverses applications de test \u00e9lectrique o\u00f9 des mesures pr\u00e9cises et s\u00fbres sont n\u00e9cessaires.<\/p>","protected":false},"excerpt":{"rendered":"<p>AC 5kV \/ 100mA (500VA), DC 7.2kV \/ 100W, IR 99.99G\u03a9, et liaison \u00e0 la terre<\/p>","protected":false},"featured_media":7770,"comment_status":"closed","ping_status":"closed","template":"","meta":{"_acf_changed":false,"slim_seo":{"title":"TOS9303 - YOTAVIS AG","description":"AC 5kV \/ 100mA (500VA), DC 7.2kV \/ 100W, IR 99.99G\u03a9, et liaison \u00e0 la terre"}},"product_brand":[551],"product_cat":[518,642],"product_tag":[],"class_list":{"0":"post-6680","1":"product","2":"type-product","3":"status-publish","4":"has-post-thumbnail","6":"product_brand-kikusui","7":"product_cat-meters","8":"product_cat-safety-testers-en","10":"first","11":"instock","12":"taxable","13":"shipping-taxable","14":"purchasable","15":"product-type-simple"},"acf":[],"_links":{"self":[{"href":"https:\/\/yotavis.ch\/fr\/wp-json\/wp\/v2\/product\/6680","targetHints":{"allow":["GET"]}}],"collection":[{"href":"https:\/\/yotavis.ch\/fr\/wp-json\/wp\/v2\/product"}],"about":[{"href":"https:\/\/yotavis.ch\/fr\/wp-json\/wp\/v2\/types\/product"}],"replies":[{"embeddable":true,"href":"https:\/\/yotavis.ch\/fr\/wp-json\/wp\/v2\/comments?post=6680"}],"wp:featuredmedia":[{"embeddable":true,"href":"https:\/\/yotavis.ch\/fr\/wp-json\/wp\/v2\/media\/7770"}],"wp:attachment":[{"href":"https:\/\/yotavis.ch\/fr\/wp-json\/wp\/v2\/media?parent=6680"}],"wp:term":[{"taxonomy":"product_brand","embeddable":true,"href":"https:\/\/yotavis.ch\/fr\/wp-json\/wp\/v2\/product_brand?post=6680"},{"taxonomy":"product_cat","embeddable":true,"href":"https:\/\/yotavis.ch\/fr\/wp-json\/wp\/v2\/product_cat?post=6680"},{"taxonomy":"product_tag","embeddable":true,"href":"https:\/\/yotavis.ch\/fr\/wp-json\/wp\/v2\/product_tag?post=6680"}],"curies":[{"name":"wp","href":"https:\/\/api.w.org\/{rel}","templated":true}]}}