{"id":6681,"date":"2025-10-09T00:00:00","date_gmt":"2025-10-08T22:00:00","guid":{"rendered":"https:\/\/yotavis.ch\/product\/tos9303lc\/"},"modified":"2026-04-24T13:34:50","modified_gmt":"2026-04-24T11:34:50","slug":"tos9303lc","status":"publish","type":"product","link":"https:\/\/yotavis.ch\/fr\/produit\/tos9303lc\/","title":{"rendered":"TOS9303LC"},"content":{"rendered":"<p>Le TOS9303LC de Kikusui pr\u00e9sente une tension nominale de 5kV avec un courant de 100mA, d\u00e9livrant une capacit\u00e9 de puissance de 500VA. Il prend \u00e9galement en charge une tension continue de 7,2 kV avec une puissance nominale de 100 W. La r\u00e9sistance d'isolation est de 99,99G\u03a9, ce qui garantit des performances de r\u00e9sistance \u00e9lev\u00e9es. Ce produit comprend des fonctionnalit\u00e9s de test de la liaison \u00e0 la terre et de mesure du courant de fuite, ce qui le rend adapt\u00e9 aux \u00e9valuations de la s\u00e9curit\u00e9 \u00e9lectrique. La combinaison de ces sp\u00e9cifications met en \u00e9vidence sa capacit\u00e9 \u00e0 g\u00e9rer des niveaux de tension et de courant \u00e9lev\u00e9s tout en maintenant des mesures de r\u00e9sistance pr\u00e9cises. L'appareil est con\u00e7u pour prendre en charge divers sc\u00e9narios de test impliquant des param\u00e8tres d'isolation et de mise \u00e0 la terre. Ses caract\u00e9ristiques \u00e9lectriques d\u00e9taill\u00e9es fournissent des indications claires sur ses limites op\u00e9rationnelles et ses applications.<\/p>","protected":false},"excerpt":{"rendered":"<p>AC 5kV \/ 100mA (500VA), DC 7.2kV \/ 100W, IR 99.99G\u03a9, Ground Bond, et courant de fuite<\/p>","protected":false},"featured_media":7769,"comment_status":"closed","ping_status":"closed","template":"","meta":{"_acf_changed":false,"slim_seo":{"title":"TOS9303LC - YOTAVIS AG","description":"AC 5kV \/ 100mA (500VA), DC 7.2kV \/ 100W, IR 99.99G\u03a9, Ground Bond, and Leakage Current"}},"product_brand":[551],"product_cat":[518,642],"product_tag":[],"class_list":{"0":"post-6681","1":"product","2":"type-product","3":"status-publish","4":"has-post-thumbnail","6":"product_brand-kikusui","7":"product_cat-meters","8":"product_cat-safety-testers-en","10":"first","11":"instock","12":"taxable","13":"shipping-taxable","14":"purchasable","15":"product-type-simple"},"acf":[],"_links":{"self":[{"href":"https:\/\/yotavis.ch\/fr\/wp-json\/wp\/v2\/product\/6681","targetHints":{"allow":["GET"]}}],"collection":[{"href":"https:\/\/yotavis.ch\/fr\/wp-json\/wp\/v2\/product"}],"about":[{"href":"https:\/\/yotavis.ch\/fr\/wp-json\/wp\/v2\/types\/product"}],"replies":[{"embeddable":true,"href":"https:\/\/yotavis.ch\/fr\/wp-json\/wp\/v2\/comments?post=6681"}],"wp:featuredmedia":[{"embeddable":true,"href":"https:\/\/yotavis.ch\/fr\/wp-json\/wp\/v2\/media\/7769"}],"wp:attachment":[{"href":"https:\/\/yotavis.ch\/fr\/wp-json\/wp\/v2\/media?parent=6681"}],"wp:term":[{"taxonomy":"product_brand","embeddable":true,"href":"https:\/\/yotavis.ch\/fr\/wp-json\/wp\/v2\/product_brand?post=6681"},{"taxonomy":"product_cat","embeddable":true,"href":"https:\/\/yotavis.ch\/fr\/wp-json\/wp\/v2\/product_cat?post=6681"},{"taxonomy":"product_tag","embeddable":true,"href":"https:\/\/yotavis.ch\/fr\/wp-json\/wp\/v2\/product_tag?post=6681"}],"curies":[{"name":"wp","href":"https:\/\/api.w.org\/{rel}","templated":true}]}}