{"id":6682,"date":"2025-10-09T00:00:00","date_gmt":"2025-10-08T22:00:00","guid":{"rendered":"https:\/\/yotavis.ch\/product\/tos9320\/"},"modified":"2026-04-24T13:34:51","modified_gmt":"2026-04-24T11:34:51","slug":"tos9320","status":"publish","type":"product","link":"https:\/\/yotavis.ch\/fr\/produit\/tos9320\/","title":{"rendered":"TOS9320"},"content":{"rendered":"<p>Le TOS9320 est un scanner haute tension dot\u00e9 de quatre canaux et d'une fonction de v\u00e9rification des contacts. Il est fabriqu\u00e9 par Kikusui. Cet appareil est con\u00e7u pour traiter les t\u00e2ches de balayage haute tension avec plusieurs canaux, ce qui permet un fonctionnement efficace et fiable. L'inclusion d'une fonction de contr\u00f4le des contacts permet d'assurer une connectivit\u00e9 correcte pendant l'utilisation. Le scanner convient aux applications n\u00e9cessitant des mesures pr\u00e9cises de haute tension sur plusieurs canaux. Sa conception permet de l'int\u00e9grer dans diverses installations d'essai o\u00f9 le balayage de la haute tension est n\u00e9cessaire. Le produit se concentre sur la fourniture des fonctionnalit\u00e9s essentielles sans sp\u00e9cifications suppl\u00e9mentaires.<\/p>","protected":false},"excerpt":{"rendered":"<p>Scanner haute tension (4 voies) avec contr\u00f4le des contacts<\/p>","protected":false},"featured_media":7777,"comment_status":"closed","ping_status":"closed","template":"","meta":{"_acf_changed":false,"slim_seo":{"title":"TOS9320 - YOTAVIS AG","description":"Scanner haute tension (4 voies) avec contr\u00f4le des contacts"}},"product_brand":[551],"product_cat":[518,642],"product_tag":[],"class_list":{"0":"post-6682","1":"product","2":"type-product","3":"status-publish","4":"has-post-thumbnail","6":"product_brand-kikusui","7":"product_cat-meters","8":"product_cat-safety-testers-en","10":"first","11":"instock","12":"taxable","13":"shipping-taxable","14":"purchasable","15":"product-type-simple"},"acf":[],"_links":{"self":[{"href":"https:\/\/yotavis.ch\/fr\/wp-json\/wp\/v2\/product\/6682","targetHints":{"allow":["GET"]}}],"collection":[{"href":"https:\/\/yotavis.ch\/fr\/wp-json\/wp\/v2\/product"}],"about":[{"href":"https:\/\/yotavis.ch\/fr\/wp-json\/wp\/v2\/types\/product"}],"replies":[{"embeddable":true,"href":"https:\/\/yotavis.ch\/fr\/wp-json\/wp\/v2\/comments?post=6682"}],"wp:featuredmedia":[{"embeddable":true,"href":"https:\/\/yotavis.ch\/fr\/wp-json\/wp\/v2\/media\/7777"}],"wp:attachment":[{"href":"https:\/\/yotavis.ch\/fr\/wp-json\/wp\/v2\/media?parent=6682"}],"wp:term":[{"taxonomy":"product_brand","embeddable":true,"href":"https:\/\/yotavis.ch\/fr\/wp-json\/wp\/v2\/product_brand?post=6682"},{"taxonomy":"product_cat","embeddable":true,"href":"https:\/\/yotavis.ch\/fr\/wp-json\/wp\/v2\/product_cat?post=6682"},{"taxonomy":"product_tag","embeddable":true,"href":"https:\/\/yotavis.ch\/fr\/wp-json\/wp\/v2\/product_tag?post=6682"}],"curies":[{"name":"wp","href":"https:\/\/api.w.org\/{rel}","templated":true}]}}