{"id":6683,"date":"2025-10-09T00:00:00","date_gmt":"2025-10-08T22:00:00","guid":{"rendered":"https:\/\/yotavis.ch\/product\/bim1030\/"},"modified":"2026-04-24T13:34:51","modified_gmt":"2026-04-24T11:34:51","slug":"bim1030","status":"publish","type":"product","link":"https:\/\/yotavis.ch\/fr\/produit\/bim1030\/","title":{"rendered":"BIM1030"},"content":{"rendered":"<p>L'imp\u00e9dancem\u00e8tre de batterie BIM1030 de Kikusui est con\u00e7u avec une entr\u00e9e nominale de \u00b1300V. Cette sp\u00e9cification indique la capacit\u00e9 de l'appareil \u00e0 traiter des entr\u00e9es de tension dans cette plage, ce qui le rend adapt\u00e9 \u00e0 diverses applications de test de batterie. L'appareil se concentre sur la mesure de l'imp\u00e9dance de la batterie, qui est essentielle pour \u00e9valuer la sant\u00e9 et les performances de la batterie. Bien que d'autres d\u00e9tails techniques tels que la consommation d'\u00e9nergie, le courant, la gamme de fr\u00e9quences et la capacit\u00e9 de m\u00e9moire ne soient pas mentionn\u00e9s, la principale caract\u00e9ristique du BIM1030 est sa tension d'entr\u00e9e nominale. La conception et la fonctionnalit\u00e9 de l'appareil sont con\u00e7ues pour fournir des mesures d'imp\u00e9dance pr\u00e9cises dans les limites de tension sp\u00e9cifi\u00e9es. Il s'agit donc d'un instrument sp\u00e9cialis\u00e9 pour les utilisateurs qui ont besoin de donn\u00e9es pr\u00e9cises sur l'imp\u00e9dance des batteries. L'absence d'autres sp\u00e9cifications sugg\u00e8re que l'accent est mis sur la capacit\u00e9 de mesure principale plut\u00f4t que sur les caract\u00e9ristiques multifonctionnelles. Dans l'ensemble, le BIM1030 est un outil d\u00e9di\u00e9 \u00e0 l'\u00e9valuation de l'imp\u00e9dance des batteries, avec une tension d'entr\u00e9e clairement d\u00e9finie.<\/p>","protected":false},"excerpt":{"rendered":"<p>Imp\u00e9dancem\u00e8tre de batterie, entr\u00e9e nominale \u00b1300V<\/p>","protected":false},"featured_media":7780,"comment_status":"closed","ping_status":"closed","template":"","meta":{"_acf_changed":false,"slim_seo":{"title":"BIM1030 - YOTAVIS AG","description":"Imp\u00e9dancem\u00e8tre de batterie, entr\u00e9e nominale \u00b1300V"}},"product_brand":[551],"product_cat":[518,538],"product_tag":[],"class_list":{"0":"post-6683","1":"product","2":"type-product","3":"status-publish","4":"has-post-thumbnail","6":"product_brand-kikusui","7":"product_cat-meters","8":"product_cat-others-meters","10":"first","11":"instock","12":"taxable","13":"shipping-taxable","14":"purchasable","15":"product-type-simple"},"acf":[],"_links":{"self":[{"href":"https:\/\/yotavis.ch\/fr\/wp-json\/wp\/v2\/product\/6683","targetHints":{"allow":["GET"]}}],"collection":[{"href":"https:\/\/yotavis.ch\/fr\/wp-json\/wp\/v2\/product"}],"about":[{"href":"https:\/\/yotavis.ch\/fr\/wp-json\/wp\/v2\/types\/product"}],"replies":[{"embeddable":true,"href":"https:\/\/yotavis.ch\/fr\/wp-json\/wp\/v2\/comments?post=6683"}],"wp:featuredmedia":[{"embeddable":true,"href":"https:\/\/yotavis.ch\/fr\/wp-json\/wp\/v2\/media\/7780"}],"wp:attachment":[{"href":"https:\/\/yotavis.ch\/fr\/wp-json\/wp\/v2\/media?parent=6683"}],"wp:term":[{"taxonomy":"product_brand","embeddable":true,"href":"https:\/\/yotavis.ch\/fr\/wp-json\/wp\/v2\/product_brand?post=6683"},{"taxonomy":"product_cat","embeddable":true,"href":"https:\/\/yotavis.ch\/fr\/wp-json\/wp\/v2\/product_cat?post=6683"},{"taxonomy":"product_tag","embeddable":true,"href":"https:\/\/yotavis.ch\/fr\/wp-json\/wp\/v2\/product_tag?post=6683"}],"curies":[{"name":"wp","href":"https:\/\/api.w.org\/{rel}","templated":true}]}}