{"id":6684,"date":"2025-10-09T00:00:00","date_gmt":"2025-10-08T22:00:00","guid":{"rendered":"https:\/\/yotavis.ch\/product\/bim1030-with-lan\/"},"modified":"2026-04-24T13:34:52","modified_gmt":"2026-04-24T11:34:52","slug":"bim1030-with-lan","status":"publish","type":"product","link":"https:\/\/yotavis.ch\/fr\/produit\/bim1030-with-lan\/","title":{"rendered":"BIM1030 AVEC LAN"},"content":{"rendered":"<p>The BIM1030 WITH LAN is a Battery Impedance Meter designed by Kikusui. It features a rated input voltage of \u00b1300V, allowing it to measure battery impedance within this specified range. The device is equipped with LAN connectivity, facilitating network communication and remote data access. As a specialized instrument, it focuses on precise impedance measurements critical for battery analysis. The model number BIM1030 indicates its specific configuration within Kikusui&#8217;s product lineup. This meter is suitable for applications requiring accurate assessment of battery health and performance through impedance evaluation.<\/p>","protected":false},"excerpt":{"rendered":"<p>Imp\u00e9dancem\u00e8tre de batterie, entr\u00e9e nominale \u00b1300V<\/p>","protected":false},"featured_media":7780,"comment_status":"closed","ping_status":"closed","template":"","meta":{"_acf_changed":false,"slim_seo":{"title":"BIM1030 WITH LAN - YOTAVIS AG","description":"Imp\u00e9dancem\u00e8tre de batterie, entr\u00e9e nominale \u00b1300V"}},"product_brand":[551],"product_cat":[518,538],"product_tag":[],"class_list":{"0":"post-6684","1":"product","2":"type-product","3":"status-publish","4":"has-post-thumbnail","6":"product_brand-kikusui","7":"product_cat-meters","8":"product_cat-others-meters","10":"first","11":"instock","12":"taxable","13":"shipping-taxable","14":"purchasable","15":"product-type-simple"},"acf":[],"_links":{"self":[{"href":"https:\/\/yotavis.ch\/fr\/wp-json\/wp\/v2\/product\/6684","targetHints":{"allow":["GET"]}}],"collection":[{"href":"https:\/\/yotavis.ch\/fr\/wp-json\/wp\/v2\/product"}],"about":[{"href":"https:\/\/yotavis.ch\/fr\/wp-json\/wp\/v2\/types\/product"}],"replies":[{"embeddable":true,"href":"https:\/\/yotavis.ch\/fr\/wp-json\/wp\/v2\/comments?post=6684"}],"wp:featuredmedia":[{"embeddable":true,"href":"https:\/\/yotavis.ch\/fr\/wp-json\/wp\/v2\/media\/7780"}],"wp:attachment":[{"href":"https:\/\/yotavis.ch\/fr\/wp-json\/wp\/v2\/media?parent=6684"}],"wp:term":[{"taxonomy":"product_brand","embeddable":true,"href":"https:\/\/yotavis.ch\/fr\/wp-json\/wp\/v2\/product_brand?post=6684"},{"taxonomy":"product_cat","embeddable":true,"href":"https:\/\/yotavis.ch\/fr\/wp-json\/wp\/v2\/product_cat?post=6684"},{"taxonomy":"product_tag","embeddable":true,"href":"https:\/\/yotavis.ch\/fr\/wp-json\/wp\/v2\/product_tag?post=6684"}],"curies":[{"name":"wp","href":"https:\/\/api.w.org\/{rel}","templated":true}]}}