{"id":6685,"date":"2025-10-09T00:00:00","date_gmt":"2025-10-08T22:00:00","guid":{"rendered":"https:\/\/yotavis.ch\/product\/bim1100\/"},"modified":"2026-04-24T13:34:52","modified_gmt":"2026-04-24T11:34:52","slug":"bim1100","status":"publish","type":"product","link":"https:\/\/yotavis.ch\/fr\/produit\/bim1100\/","title":{"rendered":"BIM1100"},"content":{"rendered":"<p>Le BIM1100 est un imp\u00e9dancem\u00e8tre de batterie con\u00e7u par Kikusui avec une entr\u00e9e nominale de \u00b11000V. Cet appareil est destin\u00e9 \u00e0 mesurer l'imp\u00e9dance des batteries et offre des capacit\u00e9s de traitement de la tension d'entr\u00e9e pr\u00e9cises. L'appareil est con\u00e7u pour s'adapter \u00e0 des entr\u00e9es de haute tension jusqu'\u00e0 \u00b11000V, assurant la compatibilit\u00e9 avec une gamme de sc\u00e9narios de test de batterie. En tant qu'instrument sp\u00e9cialis\u00e9, il se concentre sur la fourniture de mesures d'imp\u00e9dance pr\u00e9cises, essentielles pour l'analyse des performances des batteries. Le produit n'inclut pas de sp\u00e9cifications suppl\u00e9mentaires telles que la consommation d'\u00e9nergie, les valeurs nominales de courant ou les param\u00e8tres de fr\u00e9quence, mettant l'accent sur sa fonction premi\u00e8re d'imp\u00e9dancem\u00e8tre. Sa conception prend en charge les applications n\u00e9cessitant une gestion fiable de la tension d'entr\u00e9e, ce qui le rend adapt\u00e9 \u00e0 divers environnements de test de batteries. Le BIM1100 est un outil technique destin\u00e9 aux professionnels qui ont besoin de donn\u00e9es d'imp\u00e9dance d\u00e9taill\u00e9es pour l'\u00e9valuation des batteries.<\/p>","protected":false},"excerpt":{"rendered":"<p>Imp\u00e9dancem\u00e8tre de batterie, entr\u00e9e nominale \u00b11000V<\/p>","protected":false},"featured_media":7780,"comment_status":"closed","ping_status":"closed","template":"","meta":{"_acf_changed":false,"slim_seo":{"title":"BIM1100 - YOTAVIS AG","description":"Imp\u00e9dancem\u00e8tre de batterie, entr\u00e9e nominale \u00b11000V"}},"product_brand":[551],"product_cat":[518,538],"product_tag":[],"class_list":{"0":"post-6685","1":"product","2":"type-product","3":"status-publish","4":"has-post-thumbnail","6":"product_brand-kikusui","7":"product_cat-meters","8":"product_cat-others-meters","10":"first","11":"instock","12":"taxable","13":"shipping-taxable","14":"purchasable","15":"product-type-simple"},"acf":[],"_links":{"self":[{"href":"https:\/\/yotavis.ch\/fr\/wp-json\/wp\/v2\/product\/6685","targetHints":{"allow":["GET"]}}],"collection":[{"href":"https:\/\/yotavis.ch\/fr\/wp-json\/wp\/v2\/product"}],"about":[{"href":"https:\/\/yotavis.ch\/fr\/wp-json\/wp\/v2\/types\/product"}],"replies":[{"embeddable":true,"href":"https:\/\/yotavis.ch\/fr\/wp-json\/wp\/v2\/comments?post=6685"}],"wp:featuredmedia":[{"embeddable":true,"href":"https:\/\/yotavis.ch\/fr\/wp-json\/wp\/v2\/media\/7780"}],"wp:attachment":[{"href":"https:\/\/yotavis.ch\/fr\/wp-json\/wp\/v2\/media?parent=6685"}],"wp:term":[{"taxonomy":"product_brand","embeddable":true,"href":"https:\/\/yotavis.ch\/fr\/wp-json\/wp\/v2\/product_brand?post=6685"},{"taxonomy":"product_cat","embeddable":true,"href":"https:\/\/yotavis.ch\/fr\/wp-json\/wp\/v2\/product_cat?post=6685"},{"taxonomy":"product_tag","embeddable":true,"href":"https:\/\/yotavis.ch\/fr\/wp-json\/wp\/v2\/product_tag?post=6685"}],"curies":[{"name":"wp","href":"https:\/\/api.w.org\/{rel}","templated":true}]}}