{"id":6688,"date":"2025-10-09T00:00:00","date_gmt":"2025-10-08T22:00:00","guid":{"rendered":"https:\/\/yotavis.ch\/product\/tbvna-6000\/"},"modified":"2026-04-24T13:34:53","modified_gmt":"2026-04-24T11:34:53","slug":"tbvna-6000","status":"publish","type":"product","link":"https:\/\/yotavis.ch\/fr\/produit\/tbvna-6000\/","title":{"rendered":"TBVNA-6000"},"content":{"rendered":"<p>Le TBVNA-6000 de Tekbox est un analyseur de r\u00e9seau vectoriel qui fonctionne sur une plage de fr\u00e9quences allant de 0,1 Hz \u00e0 6 GHz. Il est dot\u00e9 de deux ports et offre une plage dynamique de 90 dB, ce qui permet d'effectuer des mesures pr\u00e9cises dans la plage de fr\u00e9quences sp\u00e9cifi\u00e9e. Cet appareil n'est pas portatif, ce qui signifie qu'il est con\u00e7u pour \u00eatre utilis\u00e9 sur un banc ou une installation fixe. La fr\u00e9quence maximale qu'il peut analyser est de 6000 MHz, ce qui le rend adapt\u00e9 \u00e0 une vari\u00e9t\u00e9 d'applications \u00e0 haute fr\u00e9quence. La conception de l'analyseur permet une analyse d\u00e9taill\u00e9e des signaux sur l'ensemble de sa bande passante op\u00e9rationnelle, bien que les d\u00e9tails sp\u00e9cifiques concernant la puissance, la tension, le courant et d'autres caract\u00e9ristiques \u00e9lectriques ne soient pas inclus. Sa configuration est ax\u00e9e sur une analyse pr\u00e9cise du r\u00e9seau avec une large plage dynamique et une connectivit\u00e9 \u00e0 double port. Le TBVNA-6000 est destin\u00e9 aux utilisateurs qui ont besoin de mesures fiables de la r\u00e9ponse en fr\u00e9quence jusqu'\u00e0 6 GHz sans avoir besoin d'une utilisation portable.<\/p>","protected":false},"excerpt":{"rendered":"<p>VNA 6GHz<\/p>","protected":false},"featured_media":7296,"comment_status":"closed","ping_status":"closed","template":"","meta":{"_acf_changed":false,"slim_seo":{"title":"TBVNA-6000 - YOTAVIS AG","description":"VNA 6GHz"}},"product_brand":[645],"product_cat":[523,525],"product_tag":[],"class_list":{"0":"post-6688","1":"product","2":"type-product","3":"status-publish","4":"has-post-thumbnail","6":"product_brand-tekbox","7":"product_cat-analyser","8":"product_cat-vna","9":"pa_dynamic-range-db-187","10":"pa_frequency-max-mhz-647","11":"pa_frequency-min-hz-0-1","12":"pa_handheld-no","13":"pa_ports-188","15":"first","16":"instock","17":"taxable","18":"shipping-taxable","19":"purchasable","20":"product-type-simple"},"acf":[],"_links":{"self":[{"href":"https:\/\/yotavis.ch\/fr\/wp-json\/wp\/v2\/product\/6688","targetHints":{"allow":["GET"]}}],"collection":[{"href":"https:\/\/yotavis.ch\/fr\/wp-json\/wp\/v2\/product"}],"about":[{"href":"https:\/\/yotavis.ch\/fr\/wp-json\/wp\/v2\/types\/product"}],"replies":[{"embeddable":true,"href":"https:\/\/yotavis.ch\/fr\/wp-json\/wp\/v2\/comments?post=6688"}],"wp:featuredmedia":[{"embeddable":true,"href":"https:\/\/yotavis.ch\/fr\/wp-json\/wp\/v2\/media\/7296"}],"wp:attachment":[{"href":"https:\/\/yotavis.ch\/fr\/wp-json\/wp\/v2\/media?parent=6688"}],"wp:term":[{"taxonomy":"product_brand","embeddable":true,"href":"https:\/\/yotavis.ch\/fr\/wp-json\/wp\/v2\/product_brand?post=6688"},{"taxonomy":"product_cat","embeddable":true,"href":"https:\/\/yotavis.ch\/fr\/wp-json\/wp\/v2\/product_cat?post=6688"},{"taxonomy":"product_tag","embeddable":true,"href":"https:\/\/yotavis.ch\/fr\/wp-json\/wp\/v2\/product_tag?post=6688"}],"curies":[{"name":"wp","href":"https:\/\/api.w.org\/{rel}","templated":true}]}}