{"id":6689,"date":"2025-10-09T00:00:00","date_gmt":"2025-10-08T22:00:00","guid":{"rendered":"https:\/\/yotavis.ch\/product\/tblla-2m\/"},"modified":"2026-04-24T13:34:54","modified_gmt":"2026-04-24T11:34:54","slug":"tblla-2m","status":"publish","type":"product","link":"https:\/\/yotavis.ch\/fr\/produit\/tblla-2m\/","title":{"rendered":"TBLLA-2M"},"content":{"rendered":"<p>La TBLLA-2M est une grande antenne boucle con\u00e7ue pour fonctionner dans la gamme de fr\u00e9quences de 9 KHz \u00e0 30 MHz. Elle est fabriqu\u00e9e par Tekbox et dispose d'un connecteur de type N, couramment utilis\u00e9 pour les applications RF. Cette antenne convient aux applications n\u00e9cessitant une couverture sur un large spectre allant des tr\u00e8s basses fr\u00e9quences jusqu'\u00e0 la bande HF inf\u00e9rieure. La conception permet une r\u00e9ception et une transmission efficaces dans cette gamme de fr\u00e9quences. La structure en grande boucle est destin\u00e9e \u00e0 fournir des performances efficaces sur la bande passante indiqu\u00e9e. L'antenne ne comprend pas de fonctions suppl\u00e9mentaires telles que la t\u00e9l\u00e9commande ou les canaux num\u00e9riques. Il s'agit d'un composant sp\u00e9cialis\u00e9 destin\u00e9 \u00e0 \u00eatre utilis\u00e9 dans des syst\u00e8mes qui n\u00e9cessitent une fonctionnalit\u00e9 d'antenne en boucle fiable dans la gamme de 9 KHz \u00e0 30 MHz.<\/p>","protected":false},"excerpt":{"rendered":"<p>Antenne \u00e0 grande boucle 9 KHz - 30 MHz<\/p>","protected":false},"featured_media":7311,"comment_status":"closed","ping_status":"closed","template":"","meta":{"_acf_changed":false,"slim_seo":{"title":"TBLLA-2M - YOTAVIS AG","description":"Antenne \u00e0 grande boucle 9 KHz - 30 MHz"}},"product_brand":[645],"product_cat":[526,527],"product_tag":[],"class_list":{"0":"post-6689","1":"product","2":"type-product","3":"status-publish","4":"has-post-thumbnail","6":"product_brand-tekbox","7":"product_cat-accessories","8":"product_cat-antenna-en","9":"pa_connector-type-n","11":"first","12":"instock","13":"taxable","14":"shipping-taxable","15":"purchasable","16":"product-type-simple"},"acf":[],"_links":{"self":[{"href":"https:\/\/yotavis.ch\/fr\/wp-json\/wp\/v2\/product\/6689","targetHints":{"allow":["GET"]}}],"collection":[{"href":"https:\/\/yotavis.ch\/fr\/wp-json\/wp\/v2\/product"}],"about":[{"href":"https:\/\/yotavis.ch\/fr\/wp-json\/wp\/v2\/types\/product"}],"replies":[{"embeddable":true,"href":"https:\/\/yotavis.ch\/fr\/wp-json\/wp\/v2\/comments?post=6689"}],"wp:featuredmedia":[{"embeddable":true,"href":"https:\/\/yotavis.ch\/fr\/wp-json\/wp\/v2\/media\/7311"}],"wp:attachment":[{"href":"https:\/\/yotavis.ch\/fr\/wp-json\/wp\/v2\/media?parent=6689"}],"wp:term":[{"taxonomy":"product_brand","embeddable":true,"href":"https:\/\/yotavis.ch\/fr\/wp-json\/wp\/v2\/product_brand?post=6689"},{"taxonomy":"product_cat","embeddable":true,"href":"https:\/\/yotavis.ch\/fr\/wp-json\/wp\/v2\/product_cat?post=6689"},{"taxonomy":"product_tag","embeddable":true,"href":"https:\/\/yotavis.ch\/fr\/wp-json\/wp\/v2\/product_tag?post=6689"}],"curies":[{"name":"wp","href":"https:\/\/api.w.org\/{rel}","templated":true}]}}