{"id":6690,"date":"2025-10-09T00:00:00","date_gmt":"2025-10-08T22:00:00","guid":{"rendered":"https:\/\/yotavis.ch\/product\/tbst200-100-100\/"},"modified":"2026-04-24T13:34:54","modified_gmt":"2026-04-24T11:34:54","slug":"tbst200-100-100","status":"publish","type":"product","link":"https:\/\/yotavis.ch\/fr\/produit\/tbst200-100-100\/","title":{"rendered":"TBST200\/100\/100"},"content":{"rendered":"<p>La Tekbox TBST200\/100\/100 est une tente blind\u00e9e dont les dimensions sont de 200 cm de longueur, 104 cm de largeur et 100 cm de hauteur. Ce produit est con\u00e7u pour fournir un environnement contr\u00f4l\u00e9 pour diverses applications n\u00e9cessitant un blindage. Son grand espace int\u00e9rieur permet d'accueillir des \u00e9quipements ou des exp\u00e9riences qui doivent \u00eatre isol\u00e9s des interf\u00e9rences externes. La structure de la tente est con\u00e7ue pour maintenir des propri\u00e9t\u00e9s de blindage efficaces, garantissant une fuite de signal minimale. La conception facilite l'installation et l'int\u00e9gration dans les espaces de travail existants. Les mat\u00e9riaux et les d\u00e9tails de construction contribuent \u00e0 sa fonctionnalit\u00e9 en tant qu'enceinte blind\u00e9e. Cette tente peut \u00eatre utilis\u00e9e dans des environnements o\u00f9 les interf\u00e9rences \u00e9lectromagn\u00e9tiques doivent \u00eatre r\u00e9duites au minimum.<\/p>","protected":false},"excerpt":{"rendered":"<p>Tente blind\u00e9e 200 cm x 104 cm x 100 cm<\/p>","protected":false},"featured_media":7307,"comment_status":"closed","ping_status":"closed","template":"","meta":{"_acf_changed":false,"slim_seo":{"title":"TBST200\/100\/100 - YOTAVIS AG","description":"Tente blind\u00e9e 200 cm x 104 cm x 100 cm"}},"product_brand":[645],"product_cat":[526,649],"product_tag":[],"class_list":{"0":"post-6690","1":"product","2":"type-product","3":"status-publish","4":"has-post-thumbnail","6":"product_brand-tekbox","7":"product_cat-accessories","8":"product_cat-emc-test-equipment-accessories","10":"first","11":"instock","12":"taxable","13":"shipping-taxable","14":"purchasable","15":"product-type-simple"},"acf":[],"_links":{"self":[{"href":"https:\/\/yotavis.ch\/fr\/wp-json\/wp\/v2\/product\/6690","targetHints":{"allow":["GET"]}}],"collection":[{"href":"https:\/\/yotavis.ch\/fr\/wp-json\/wp\/v2\/product"}],"about":[{"href":"https:\/\/yotavis.ch\/fr\/wp-json\/wp\/v2\/types\/product"}],"replies":[{"embeddable":true,"href":"https:\/\/yotavis.ch\/fr\/wp-json\/wp\/v2\/comments?post=6690"}],"wp:featuredmedia":[{"embeddable":true,"href":"https:\/\/yotavis.ch\/fr\/wp-json\/wp\/v2\/media\/7307"}],"wp:attachment":[{"href":"https:\/\/yotavis.ch\/fr\/wp-json\/wp\/v2\/media?parent=6690"}],"wp:term":[{"taxonomy":"product_brand","embeddable":true,"href":"https:\/\/yotavis.ch\/fr\/wp-json\/wp\/v2\/product_brand?post=6690"},{"taxonomy":"product_cat","embeddable":true,"href":"https:\/\/yotavis.ch\/fr\/wp-json\/wp\/v2\/product_cat?post=6690"},{"taxonomy":"product_tag","embeddable":true,"href":"https:\/\/yotavis.ch\/fr\/wp-json\/wp\/v2\/product_tag?post=6690"}],"curies":[{"name":"wp","href":"https:\/\/api.w.org\/{rel}","templated":true}]}}