{"id":6691,"date":"2025-10-09T00:00:00","date_gmt":"2025-10-08T22:00:00","guid":{"rendered":"https:\/\/yotavis.ch\/product\/tbmda-bci25\/"},"modified":"2026-04-24T13:34:54","modified_gmt":"2026-04-24T11:34:54","slug":"tbmda-bci25","status":"publish","type":"product","link":"https:\/\/yotavis.ch\/fr\/produit\/tbmda-bci25\/","title":{"rendered":"TBMDA-BCI25"},"content":{"rendered":"<p>Le TBMDA-BCI25 de Tekbox est un amplificateur de puissance modul\u00e9 \u00e0 large bande d'une puissance de sortie de 25 watts, fonctionnant dans une gamme de fr\u00e9quences allant de 1 MHz \u00e0 400 MHz. Cet appareil est con\u00e7u pour amplifier les signaux dans ce large spectre de fr\u00e9quences, ce qui le rend adapt\u00e9 \u00e0 diverses applications n\u00e9cessitant une amplification \u00e0 large bande. L'amplificateur est \u00e9quip\u00e9 d'un connecteur de type N, couramment utilis\u00e9 pour les applications RF en raison de sa durabilit\u00e9 et de la fiabilit\u00e9 de ses performances. Sa large gamme de fr\u00e9quences lui permet de traiter des signaux allant des tr\u00e8s basses fr\u00e9quences jusqu'\u00e0 la bande VHF sup\u00e9rieure. La conception de l'appareil prend en charge la modulation, ce qui lui permet d'amplifier efficacement des formes d'ondes de signaux complexes. La puissance nominale de 25 watts indique sa capacit\u00e9 \u00e0 fournir une puissance de sortie substantielle pour les t\u00e2ches d'amplification de signaux exigeantes. Le TBMDA-BCI25 est con\u00e7u pour fournir des performances constantes dans sa gamme de fr\u00e9quences sp\u00e9cifi\u00e9e sans d\u00e9tails suppl\u00e9mentaires sur la tension, le courant ou les interfaces de contr\u00f4le.<\/p>","protected":false},"excerpt":{"rendered":"<p>amplificateur de puissance large bande modul\u00e9 25W 1 MHz - 400 MHz<\/p>","protected":false},"featured_media":7313,"comment_status":"closed","ping_status":"closed","template":"","meta":{"_acf_changed":false,"slim_seo":{"title":"TBMDA-BCI25 - YOTAVIS AG","description":"amplificateur de puissance large bande modul\u00e9 25W 1 MHz - 400 MHz"}},"product_brand":[645],"product_cat":[526,531],"product_tag":[],"class_list":{"0":"post-6691","1":"product","2":"type-product","3":"status-publish","4":"has-post-thumbnail","6":"product_brand-tekbox","7":"product_cat-accessories","8":"product_cat-rf-amplifier-attenuator-converter","9":"pa_connector-type-n","11":"first","12":"instock","13":"taxable","14":"shipping-taxable","15":"purchasable","16":"product-type-simple"},"acf":[],"_links":{"self":[{"href":"https:\/\/yotavis.ch\/fr\/wp-json\/wp\/v2\/product\/6691","targetHints":{"allow":["GET"]}}],"collection":[{"href":"https:\/\/yotavis.ch\/fr\/wp-json\/wp\/v2\/product"}],"about":[{"href":"https:\/\/yotavis.ch\/fr\/wp-json\/wp\/v2\/types\/product"}],"replies":[{"embeddable":true,"href":"https:\/\/yotavis.ch\/fr\/wp-json\/wp\/v2\/comments?post=6691"}],"wp:featuredmedia":[{"embeddable":true,"href":"https:\/\/yotavis.ch\/fr\/wp-json\/wp\/v2\/media\/7313"}],"wp:attachment":[{"href":"https:\/\/yotavis.ch\/fr\/wp-json\/wp\/v2\/media?parent=6691"}],"wp:term":[{"taxonomy":"product_brand","embeddable":true,"href":"https:\/\/yotavis.ch\/fr\/wp-json\/wp\/v2\/product_brand?post=6691"},{"taxonomy":"product_cat","embeddable":true,"href":"https:\/\/yotavis.ch\/fr\/wp-json\/wp\/v2\/product_cat?post=6691"},{"taxonomy":"product_tag","embeddable":true,"href":"https:\/\/yotavis.ch\/fr\/wp-json\/wp\/v2\/product_tag?post=6691"}],"curies":[{"name":"wp","href":"https:\/\/api.w.org\/{rel}","templated":true}]}}