{"id":6692,"date":"2025-10-09T00:00:00","date_gmt":"2025-10-08T22:00:00","guid":{"rendered":"https:\/\/yotavis.ch\/product\/tbmda-cdn25\/"},"modified":"2026-04-24T13:34:55","modified_gmt":"2026-04-24T11:34:55","slug":"tbmda-cdn25","status":"publish","type":"product","link":"https:\/\/yotavis.ch\/fr\/produit\/tbmda-cdn25\/","title":{"rendered":"TBMDA-CDN25"},"content":{"rendered":"<p>Le TBMDA-CDN25 de Tekbox est un amplificateur de puissance modul\u00e9 \u00e0 large bande con\u00e7u pour d\u00e9livrer 25 watts de puissance sur une plage de fr\u00e9quences allant de 100 kHz \u00e0 250 MHz. Cet appareil est \u00e9quip\u00e9 d'un connecteur de type N, couramment utilis\u00e9 pour les applications RF, qui garantit des connexions fiables et s\u00fbres. L'amplificateur convient aux applications n\u00e9cessitant une amplification \u00e0 large bande dans la gamme de fr\u00e9quences sp\u00e9cifi\u00e9e. Sa conception prend en charge la modulation, ce qui lui permet de traiter efficacement diff\u00e9rents types de signaux. La puissance de sortie de 25 watts indique sa capacit\u00e9 \u00e0 amplifier les signaux \u00e0 un niveau significatif dans sa bande passante op\u00e9rationnelle. La gamme de fr\u00e9quences allant de 100 kHz \u00e0 250 MHz couvre un large spectre, ce qui le rend polyvalent pour diff\u00e9rentes utilisations. L'inclusion d'un connecteur de type N facilite la compatibilit\u00e9 avec l'\u00e9quipement RF standard et les configurations de test. Dans l'ensemble, le TBMDA-CDN25 fournit une solution cibl\u00e9e pour les besoins d'amplification \u00e0 large bande dans le cadre de ses param\u00e8tres sp\u00e9cifi\u00e9s.<\/p>","protected":false},"excerpt":{"rendered":"<p>modulated wideband power amplifier 25W 100 kHz &#8211; 250 MHz<\/p>","protected":false},"featured_media":7320,"comment_status":"closed","ping_status":"closed","template":"","meta":{"_acf_changed":false,"slim_seo":{"title":"TBMDA-CDN25 - YOTAVIS AG","description":"amplificateur de puissance modul\u00e9 \u00e0 large bande 25W 100 kHz - 250 MHz"}},"product_brand":[645],"product_cat":[526,531],"product_tag":[],"class_list":{"0":"post-6692","1":"product","2":"type-product","3":"status-publish","4":"has-post-thumbnail","6":"product_brand-tekbox","7":"product_cat-accessories","8":"product_cat-rf-amplifier-attenuator-converter","9":"pa_connector-type-n","11":"first","12":"instock","13":"taxable","14":"shipping-taxable","15":"purchasable","16":"product-type-simple"},"acf":[],"_links":{"self":[{"href":"https:\/\/yotavis.ch\/fr\/wp-json\/wp\/v2\/product\/6692","targetHints":{"allow":["GET"]}}],"collection":[{"href":"https:\/\/yotavis.ch\/fr\/wp-json\/wp\/v2\/product"}],"about":[{"href":"https:\/\/yotavis.ch\/fr\/wp-json\/wp\/v2\/types\/product"}],"replies":[{"embeddable":true,"href":"https:\/\/yotavis.ch\/fr\/wp-json\/wp\/v2\/comments?post=6692"}],"wp:featuredmedia":[{"embeddable":true,"href":"https:\/\/yotavis.ch\/fr\/wp-json\/wp\/v2\/media\/7320"}],"wp:attachment":[{"href":"https:\/\/yotavis.ch\/fr\/wp-json\/wp\/v2\/media?parent=6692"}],"wp:term":[{"taxonomy":"product_brand","embeddable":true,"href":"https:\/\/yotavis.ch\/fr\/wp-json\/wp\/v2\/product_brand?post=6692"},{"taxonomy":"product_cat","embeddable":true,"href":"https:\/\/yotavis.ch\/fr\/wp-json\/wp\/v2\/product_cat?post=6692"},{"taxonomy":"product_tag","embeddable":true,"href":"https:\/\/yotavis.ch\/fr\/wp-json\/wp\/v2\/product_tag?post=6692"}],"curies":[{"name":"wp","href":"https:\/\/api.w.org\/{rel}","templated":true}]}}