{"id":6693,"date":"2025-10-09T00:00:00","date_gmt":"2025-10-08T22:00:00","guid":{"rendered":"https:\/\/yotavis.ch\/product\/tbma8\/"},"modified":"2026-04-24T13:34:55","modified_gmt":"2026-04-24T11:34:55","slug":"tbma8","status":"publish","type":"product","link":"https:\/\/yotavis.ch\/fr\/produit\/tbma8\/","title":{"rendered":"TBMA8"},"content":{"rendered":"<p>La TBMA8 de Tekbox est une antenne de mesure hybride con\u00e7ue pour fonctionner dans une gamme de fr\u00e9quences de 30 MHz \u00e0 3000 MHz. Elle est \u00e9quip\u00e9e d'un connecteur de type N, couramment utilis\u00e9 pour les applications RF, qui garantit des connexions fiables et s\u00fbres. Cette antenne convient \u00e0 un large \u00e9ventail de t\u00e2ches de mesure dans la bande de fr\u00e9quences sp\u00e9cifi\u00e9e. La conception prend en charge les capacit\u00e9s de mesure hybrides, ce qui permet de l'utiliser dans divers sc\u00e9narios de test et de mesure. Le produit ne sp\u00e9cifie pas de puissance, de tension, de courant ou d'autres param\u00e8tres \u00e9lectriques, se concentrant plut\u00f4t sur sa gamme de fr\u00e9quences et son type de connecteur. Sa large couverture de fr\u00e9quences lui permet de s'adapter \u00e0 diff\u00e9rentes applications n\u00e9cessitant des mesures d'antennes pr\u00e9cises. Le TBMA8 est un outil sp\u00e9cialis\u00e9 destin\u00e9 \u00e0 \u00eatre utilis\u00e9 dans des environnements o\u00f9 une r\u00e9ponse en fr\u00e9quence et une capture de signal pr\u00e9cises sont essentielles.<\/p>","protected":false},"excerpt":{"rendered":"<p>Antenne de mesure hybride 30 MHz - 3000 MHz<\/p>","protected":false},"featured_media":7327,"comment_status":"closed","ping_status":"closed","template":"","meta":{"_acf_changed":false,"slim_seo":{"title":"TBMA8 - YOTAVIS AG","description":"Antenne de mesure hybride 30 MHz - 3000 MHz"}},"product_brand":[645],"product_cat":[526,527],"product_tag":[],"class_list":{"0":"post-6693","1":"product","2":"type-product","3":"status-publish","4":"has-post-thumbnail","6":"product_brand-tekbox","7":"product_cat-accessories","8":"product_cat-antenna-en","9":"pa_connector-type-n","11":"first","12":"instock","13":"taxable","14":"shipping-taxable","15":"purchasable","16":"product-type-simple"},"acf":[],"_links":{"self":[{"href":"https:\/\/yotavis.ch\/fr\/wp-json\/wp\/v2\/product\/6693","targetHints":{"allow":["GET"]}}],"collection":[{"href":"https:\/\/yotavis.ch\/fr\/wp-json\/wp\/v2\/product"}],"about":[{"href":"https:\/\/yotavis.ch\/fr\/wp-json\/wp\/v2\/types\/product"}],"replies":[{"embeddable":true,"href":"https:\/\/yotavis.ch\/fr\/wp-json\/wp\/v2\/comments?post=6693"}],"wp:featuredmedia":[{"embeddable":true,"href":"https:\/\/yotavis.ch\/fr\/wp-json\/wp\/v2\/media\/7327"}],"wp:attachment":[{"href":"https:\/\/yotavis.ch\/fr\/wp-json\/wp\/v2\/media?parent=6693"}],"wp:term":[{"taxonomy":"product_brand","embeddable":true,"href":"https:\/\/yotavis.ch\/fr\/wp-json\/wp\/v2\/product_brand?post=6693"},{"taxonomy":"product_cat","embeddable":true,"href":"https:\/\/yotavis.ch\/fr\/wp-json\/wp\/v2\/product_cat?post=6693"},{"taxonomy":"product_tag","embeddable":true,"href":"https:\/\/yotavis.ch\/fr\/wp-json\/wp\/v2\/product_tag?post=6693"}],"curies":[{"name":"wp","href":"https:\/\/api.w.org\/{rel}","templated":true}]}}