{"id":6694,"date":"2025-10-09T00:00:00","date_gmt":"2025-10-08T22:00:00","guid":{"rendered":"https:\/\/yotavis.ch\/product\/tbl5032-3-eu-us-au-or-uk\/"},"modified":"2026-04-24T13:34:55","modified_gmt":"2026-04-24T11:34:55","slug":"tbl5032-3-eu-us-au-or-uk","status":"publish","type":"product","link":"https:\/\/yotavis.ch\/fr\/produit\/tbl5032-3-eu-us-au-or-uk\/","title":{"rendered":"TBL5032-3 (UE, US, AU ou UK)"},"content":{"rendered":"<p>Le Tekbox TBL5032-3 est un r\u00e9seau de stabilisation d'imp\u00e9dance de ligne (LISN) avec une inductance de 50 microhenries et un courant nominal de 32 amp\u00e8res. Ce dispositif est con\u00e7u pour fournir une imp\u00e9dance stable pour les tests d'\u00e9missions conduites, garantissant des mesures coh\u00e9rentes et reproductibles. Il peut \u00eatre utilis\u00e9 dans diverses r\u00e9gions, notamment l'UE, les \u00c9tats-Unis, l'Australie et le Royaume-Uni, ce qui indique sa compatibilit\u00e9 avec diff\u00e9rentes normes \u00e9lectriques. Le LISN permet d'isoler l'\u00e9quipement test\u00e9 du bruit de l'alimentation \u00e9lectrique et fournit une imp\u00e9dance d\u00e9finie \u00e0 la ligne \u00e9lectrique. Son courant nominal robuste de 32A lui permet de g\u00e9rer des niveaux de puissance importants pendant les tests. Le TBL5032-3 fait partie de la gamme d'\u00e9quipements de test Tekbox, connue pour sa pr\u00e9cision et sa fiabilit\u00e9 dans les environnements de test de compatibilit\u00e9 \u00e9lectromagn\u00e9tique (CEM). Ce mod\u00e8le est sp\u00e9cialement con\u00e7u pour la stabilisation de l'imp\u00e9dance de ligne, qui est essentielle dans les tests de conformit\u00e9 et le d\u00e9pannage des appareils \u00e9lectriques.<\/p>","protected":false},"excerpt":{"rendered":"<p>50uH 32A R\u00e9seau de stabilisation de l'imp\u00e9dance de ligne LISN<\/p>","protected":false},"featured_media":7328,"comment_status":"closed","ping_status":"closed","template":"","meta":{"_acf_changed":false,"slim_seo":{"title":"TBL5032-3 (EU, US, AU or UK) - YOTAVIS AG","description":"50uH 32A R\u00e9seau de stabilisation de l'imp\u00e9dance de ligne LISN"}},"product_brand":[645],"product_cat":[526,649],"product_tag":[],"class_list":{"0":"post-6694","1":"product","2":"type-product","3":"status-publish","4":"has-post-thumbnail","6":"product_brand-tekbox","7":"product_cat-accessories","8":"product_cat-emc-test-equipment-accessories","10":"first","11":"instock","12":"taxable","13":"shipping-taxable","14":"purchasable","15":"product-type-simple"},"acf":[],"_links":{"self":[{"href":"https:\/\/yotavis.ch\/fr\/wp-json\/wp\/v2\/product\/6694","targetHints":{"allow":["GET"]}}],"collection":[{"href":"https:\/\/yotavis.ch\/fr\/wp-json\/wp\/v2\/product"}],"about":[{"href":"https:\/\/yotavis.ch\/fr\/wp-json\/wp\/v2\/types\/product"}],"replies":[{"embeddable":true,"href":"https:\/\/yotavis.ch\/fr\/wp-json\/wp\/v2\/comments?post=6694"}],"wp:featuredmedia":[{"embeddable":true,"href":"https:\/\/yotavis.ch\/fr\/wp-json\/wp\/v2\/media\/7328"}],"wp:attachment":[{"href":"https:\/\/yotavis.ch\/fr\/wp-json\/wp\/v2\/media?parent=6694"}],"wp:term":[{"taxonomy":"product_brand","embeddable":true,"href":"https:\/\/yotavis.ch\/fr\/wp-json\/wp\/v2\/product_brand?post=6694"},{"taxonomy":"product_cat","embeddable":true,"href":"https:\/\/yotavis.ch\/fr\/wp-json\/wp\/v2\/product_cat?post=6694"},{"taxonomy":"product_tag","embeddable":true,"href":"https:\/\/yotavis.ch\/fr\/wp-json\/wp\/v2\/product_tag?post=6694"}],"curies":[{"name":"wp","href":"https:\/\/api.w.org\/{rel}","templated":true}]}}