{"id":6697,"date":"2025-10-09T00:00:00","date_gmt":"2025-10-08T22:00:00","guid":{"rendered":"https:\/\/yotavis.ch\/product\/tbl5016-3-eu-us-au-or-uk\/"},"modified":"2026-04-24T13:34:56","modified_gmt":"2026-04-24T11:34:56","slug":"tbl5016-3-eu-us-au-or-uk","status":"publish","type":"product","link":"https:\/\/yotavis.ch\/fr\/produit\/tbl5016-3-eu-us-au-or-uk\/","title":{"rendered":"TBL5016-3 (EU, US, AU or UK)"},"content":{"rendered":"<p>Le Tekbox TBL5016-3 est un r\u00e9seau de stabilisation d'imp\u00e9dance de ligne (LISN) avec une inductance de 50 microhenries et un courant nominal de 16 amp\u00e8res. Ce dispositif est con\u00e7u pour fournir une imp\u00e9dance stable pour les tests d'\u00e9missions conduites, garantissant des mesures coh\u00e9rentes et reproductibles. Il est disponible dans des versions compatibles avec les normes d'alimentation de l'UE, des \u00c9tats-Unis, de l'Union europ\u00e9enne ou du Royaume-Uni, ce qui permet de l'utiliser dans divers environnements d'essai internationaux. Le LISN permet d'isoler l'\u00e9quipement test\u00e9 du bruit des lignes \u00e9lectriques et fournit un port de mesure pour les r\u00e9cepteurs EMI ou les analyseurs de spectre. Sa construction robuste supporte des charges de courant \u00e9lev\u00e9es jusqu'\u00e0 16A, ce qui est essentiel pour tester une large gamme d'appareils \u00e9lectriques et \u00e9lectroniques. Le TBL5016-3 est fabriqu\u00e9 par Tekbox, une marque connue pour ses \u00e9quipements de test et de mesure. Ce mod\u00e8le est sp\u00e9cialement con\u00e7u pour la stabilisation de l'imp\u00e9dance de ligne, contribuant aux tests de conformit\u00e9 et aux \u00e9valuations de la compatibilit\u00e9 \u00e9lectromagn\u00e9tique.<\/p>","protected":false},"excerpt":{"rendered":"<p>50uH 16A R\u00e9seau de stabilisation de l'imp\u00e9dance de ligne LISN<\/p>","protected":false},"featured_media":7342,"comment_status":"closed","ping_status":"closed","template":"","meta":{"_acf_changed":false,"slim_seo":{"title":"TBL5016-3 (EU, US, AU or UK) - YOTAVIS AG","description":"50uH 16A R\u00e9seau de stabilisation de l'imp\u00e9dance de ligne LISN"}},"product_brand":[645],"product_cat":[526,649],"product_tag":[],"class_list":{"0":"post-6697","1":"product","2":"type-product","3":"status-publish","4":"has-post-thumbnail","6":"product_brand-tekbox","7":"product_cat-accessories","8":"product_cat-emc-test-equipment-accessories","10":"first","11":"instock","12":"taxable","13":"shipping-taxable","14":"purchasable","15":"product-type-simple"},"acf":[],"_links":{"self":[{"href":"https:\/\/yotavis.ch\/fr\/wp-json\/wp\/v2\/product\/6697","targetHints":{"allow":["GET"]}}],"collection":[{"href":"https:\/\/yotavis.ch\/fr\/wp-json\/wp\/v2\/product"}],"about":[{"href":"https:\/\/yotavis.ch\/fr\/wp-json\/wp\/v2\/types\/product"}],"replies":[{"embeddable":true,"href":"https:\/\/yotavis.ch\/fr\/wp-json\/wp\/v2\/comments?post=6697"}],"wp:featuredmedia":[{"embeddable":true,"href":"https:\/\/yotavis.ch\/fr\/wp-json\/wp\/v2\/media\/7342"}],"wp:attachment":[{"href":"https:\/\/yotavis.ch\/fr\/wp-json\/wp\/v2\/media?parent=6697"}],"wp:term":[{"taxonomy":"product_brand","embeddable":true,"href":"https:\/\/yotavis.ch\/fr\/wp-json\/wp\/v2\/product_brand?post=6697"},{"taxonomy":"product_cat","embeddable":true,"href":"https:\/\/yotavis.ch\/fr\/wp-json\/wp\/v2\/product_cat?post=6697"},{"taxonomy":"product_tag","embeddable":true,"href":"https:\/\/yotavis.ch\/fr\/wp-json\/wp\/v2\/product_tag?post=6697"}],"curies":[{"name":"wp","href":"https:\/\/api.w.org\/{rel}","templated":true}]}}