{"id":6699,"date":"2025-10-09T00:00:00","date_gmt":"2025-10-08T22:00:00","guid":{"rendered":"https:\/\/yotavis.ch\/product\/tbl0225-2\/"},"modified":"2026-04-24T13:34:57","modified_gmt":"2026-04-24T11:34:57","slug":"tbl0225-2","status":"publish","type":"product","link":"https:\/\/yotavis.ch\/fr\/produit\/tbl0225-2\/","title":{"rendered":"TBL0225-2"},"content":{"rendered":"<p>Le Tekbox TBL0225-2 est un r\u00e9seau de stabilisation d'imp\u00e9dance de ligne de 2\u00b5H con\u00e7u pour fournir une imp\u00e9dance stable dans les applications de ligne. Ce produit est identifi\u00e9 par sa valeur d'inductance de 2 microhenries, ce qui est essentiel pour maintenir des caract\u00e9ristiques de ligne coh\u00e9rentes. Le dispositif est fabriqu\u00e9 par Tekbox, une marque connue pour ses composants \u00e9lectroniques sp\u00e9cialis\u00e9s. Bien que les caract\u00e9ristiques \u00e9lectriques sp\u00e9cifiques telles que la puissance, la tension et le courant ne soient pas d\u00e9taill\u00e9es, la fonction principale est centr\u00e9e sur la stabilisation de l'imp\u00e9dance. Le TBL0225-2 peut \u00eatre utilis\u00e9 dans des environnements o\u00f9 une imp\u00e9dance de ligne pr\u00e9cise est n\u00e9cessaire pour garantir l'int\u00e9grit\u00e9 du signal et r\u00e9duire les interf\u00e9rences. Sa conception prend en charge les applications n\u00e9cessitant une valeur d'inductance fixe, contribuant ainsi \u00e0 la performance globale des circuits \u00e9lectroniques. Le produit n'inclut pas de fonctions suppl\u00e9mentaires telles que la t\u00e9l\u00e9commande ou des canaux de sortie multiples, se concentrant uniquement sur son r\u00f4le principal de stabilisation de l'imp\u00e9dance.<\/p>","protected":false},"excerpt":{"rendered":"<p>2\u00b5H R\u00e9seau de stabilisation de l'imp\u00e9dance de ligne<\/p>","protected":false},"featured_media":7356,"comment_status":"closed","ping_status":"closed","template":"","meta":{"_acf_changed":false,"slim_seo":{"title":"TBL0225-2 - YOTAVIS AG","description":"2\u00b5H R\u00e9seau de stabilisation de l'imp\u00e9dance de ligne"}},"product_brand":[645],"product_cat":[526,649],"product_tag":[],"class_list":{"0":"post-6699","1":"product","2":"type-product","3":"status-publish","4":"has-post-thumbnail","6":"product_brand-tekbox","7":"product_cat-accessories","8":"product_cat-emc-test-equipment-accessories","10":"first","11":"instock","12":"taxable","13":"shipping-taxable","14":"purchasable","15":"product-type-simple"},"acf":[],"_links":{"self":[{"href":"https:\/\/yotavis.ch\/fr\/wp-json\/wp\/v2\/product\/6699","targetHints":{"allow":["GET"]}}],"collection":[{"href":"https:\/\/yotavis.ch\/fr\/wp-json\/wp\/v2\/product"}],"about":[{"href":"https:\/\/yotavis.ch\/fr\/wp-json\/wp\/v2\/types\/product"}],"replies":[{"embeddable":true,"href":"https:\/\/yotavis.ch\/fr\/wp-json\/wp\/v2\/comments?post=6699"}],"wp:featuredmedia":[{"embeddable":true,"href":"https:\/\/yotavis.ch\/fr\/wp-json\/wp\/v2\/media\/7356"}],"wp:attachment":[{"href":"https:\/\/yotavis.ch\/fr\/wp-json\/wp\/v2\/media?parent=6699"}],"wp:term":[{"taxonomy":"product_brand","embeddable":true,"href":"https:\/\/yotavis.ch\/fr\/wp-json\/wp\/v2\/product_brand?post=6699"},{"taxonomy":"product_cat","embeddable":true,"href":"https:\/\/yotavis.ch\/fr\/wp-json\/wp\/v2\/product_cat?post=6699"},{"taxonomy":"product_tag","embeddable":true,"href":"https:\/\/yotavis.ch\/fr\/wp-json\/wp\/v2\/product_tag?post=6699"}],"curies":[{"name":"wp","href":"https:\/\/api.w.org\/{rel}","templated":true}]}}