{"id":6701,"date":"2025-10-09T00:00:00","date_gmt":"2025-10-08T22:00:00","guid":{"rendered":"https:\/\/yotavis.ch\/product\/tbcg3-rn6\/"},"modified":"2026-04-24T13:34:59","modified_gmt":"2026-04-24T11:34:59","slug":"tbcg3-rn6","status":"publish","type":"product","link":"https:\/\/yotavis.ch\/fr\/produit\/tbcg3-rn6\/","title":{"rendered":"TBCG3-RN6"},"content":{"rendered":"<p>Le Tekbox TBCG3-RN6 est un g\u00e9n\u00e9rateur de peigne con\u00e7u pour diverses applications. Ce dispositif est identifi\u00e9 par son num\u00e9ro de mod\u00e8le TBCG3-RN6 et est fabriqu\u00e9 par Tekbox. Il sert de source pour g\u00e9n\u00e9rer des signaux en peigne, qui sont essentiels dans les sc\u00e9narios de test et de mesure. Le produit ne donne pas de d\u00e9tails sur la puissance, la tension, le courant ou le nombre de sorties. En outre, aucune information n'est fournie concernant les capacit\u00e9s de commande \u00e0 distance, la fr\u00e9quence maximale, les canaux, la bande passante, la fr\u00e9quence d'\u00e9chantillonnage, la profondeur de m\u00e9moire, la r\u00e9solution verticale, les canaux num\u00e9riques ou les caract\u00e9ristiques de l'\u00e9cran tactile. La fr\u00e9quence, l'amplitude, le balayage, la rafale et d'autres param\u00e8tres techniques ne sont pas non plus indiqu\u00e9s. L'absence de ces d\u00e9tails sugg\u00e8re que l'accent est mis sur la fonction principale de g\u00e9n\u00e9rateur de peigne, sans que des sp\u00e9cifications suppl\u00e9mentaires soient incluses dans cette description.<\/p>","protected":false},"excerpt":{"rendered":"<p>G\u00e9n\u00e9rateur de peigne<\/p>","protected":false},"featured_media":7364,"comment_status":"closed","ping_status":"closed","template":"","meta":{"_acf_changed":false,"slim_seo":{"title":"TBCG3-RN6 - YOTAVIS AG","description":"G\u00e9n\u00e9rateur de peigne"}},"product_brand":[645],"product_cat":[526,649],"product_tag":[],"class_list":{"0":"post-6701","1":"product","2":"type-product","3":"status-publish","4":"has-post-thumbnail","6":"product_brand-tekbox","7":"product_cat-accessories","8":"product_cat-emc-test-equipment-accessories","10":"first","11":"instock","12":"taxable","13":"shipping-taxable","14":"purchasable","15":"product-type-simple"},"acf":[],"_links":{"self":[{"href":"https:\/\/yotavis.ch\/fr\/wp-json\/wp\/v2\/product\/6701","targetHints":{"allow":["GET"]}}],"collection":[{"href":"https:\/\/yotavis.ch\/fr\/wp-json\/wp\/v2\/product"}],"about":[{"href":"https:\/\/yotavis.ch\/fr\/wp-json\/wp\/v2\/types\/product"}],"replies":[{"embeddable":true,"href":"https:\/\/yotavis.ch\/fr\/wp-json\/wp\/v2\/comments?post=6701"}],"wp:featuredmedia":[{"embeddable":true,"href":"https:\/\/yotavis.ch\/fr\/wp-json\/wp\/v2\/media\/7364"}],"wp:attachment":[{"href":"https:\/\/yotavis.ch\/fr\/wp-json\/wp\/v2\/media?parent=6701"}],"wp:term":[{"taxonomy":"product_brand","embeddable":true,"href":"https:\/\/yotavis.ch\/fr\/wp-json\/wp\/v2\/product_brand?post=6701"},{"taxonomy":"product_cat","embeddable":true,"href":"https:\/\/yotavis.ch\/fr\/wp-json\/wp\/v2\/product_cat?post=6701"},{"taxonomy":"product_tag","embeddable":true,"href":"https:\/\/yotavis.ch\/fr\/wp-json\/wp\/v2\/product_tag?post=6701"}],"curies":[{"name":"wp","href":"https:\/\/api.w.org\/{rel}","templated":true}]}}