{"id":6702,"date":"2025-10-09T00:00:00","date_gmt":"2025-10-08T22:00:00","guid":{"rendered":"https:\/\/yotavis.ch\/product\/tbrs101-set\/"},"modified":"2026-04-24T13:35:00","modified_gmt":"2026-04-24T11:35:00","slug":"tbrs101-set","status":"publish","type":"product","link":"https:\/\/yotavis.ch\/fr\/produit\/tbrs101-set\/","title":{"rendered":"TBRS101-SET"},"content":{"rendered":"<p>Le TBRS101-SET de Tekbox est un ensemble complet qui comprend le TBRS101-TX, le TBCCP1-2K70 et divers accessoires. Cette combinaison constitue un ensemble complet con\u00e7u pour fonctionner de mani\u00e8re transparente. Chaque composant est s\u00e9lectionn\u00e9 pour compl\u00e9ter les autres, assurant ainsi la compatibilit\u00e9 et la facilit\u00e9 d'utilisation. Cet ensemble est id\u00e9al pour les utilisateurs qui ont besoin de plusieurs \u00e9l\u00e9ments en un seul achat, ce qui simplifie le processus d'acquisition. Tekbox, en tant que marque \u00e0 l'origine de cet ensemble, est responsable de la conception et de la fabrication de ces produits. L'inclusion d'accessoires am\u00e9liore la fonctionnalit\u00e9 et la commodit\u00e9 de l'ensemble. Ce produit convient aux applications o\u00f9 le TBRS101-TX et le TBCCP1-2K70 sont n\u00e9cessaires en tandem.<\/p>","protected":false},"excerpt":{"rendered":"<p>Jeu de TBRS101-TX, TBCCP1-2K70 et accessoires<\/p>","protected":false},"featured_media":7365,"comment_status":"closed","ping_status":"closed","template":"","meta":{"_acf_changed":false,"slim_seo":{"title":"TBRS101-SET - YOTAVIS AG","description":"Jeu de TBRS101-TX, TBCCP1-2K70 et accessoires"}},"product_brand":[645],"product_cat":[526,649],"product_tag":[],"class_list":{"0":"post-6702","1":"product","2":"type-product","3":"status-publish","4":"has-post-thumbnail","6":"product_brand-tekbox","7":"product_cat-accessories","8":"product_cat-emc-test-equipment-accessories","10":"first","11":"instock","12":"taxable","13":"shipping-taxable","14":"purchasable","15":"product-type-simple"},"acf":[],"_links":{"self":[{"href":"https:\/\/yotavis.ch\/fr\/wp-json\/wp\/v2\/product\/6702","targetHints":{"allow":["GET"]}}],"collection":[{"href":"https:\/\/yotavis.ch\/fr\/wp-json\/wp\/v2\/product"}],"about":[{"href":"https:\/\/yotavis.ch\/fr\/wp-json\/wp\/v2\/types\/product"}],"replies":[{"embeddable":true,"href":"https:\/\/yotavis.ch\/fr\/wp-json\/wp\/v2\/comments?post=6702"}],"wp:featuredmedia":[{"embeddable":true,"href":"https:\/\/yotavis.ch\/fr\/wp-json\/wp\/v2\/media\/7365"}],"wp:attachment":[{"href":"https:\/\/yotavis.ch\/fr\/wp-json\/wp\/v2\/media?parent=6702"}],"wp:term":[{"taxonomy":"product_brand","embeddable":true,"href":"https:\/\/yotavis.ch\/fr\/wp-json\/wp\/v2\/product_brand?post=6702"},{"taxonomy":"product_cat","embeddable":true,"href":"https:\/\/yotavis.ch\/fr\/wp-json\/wp\/v2\/product_cat?post=6702"},{"taxonomy":"product_tag","embeddable":true,"href":"https:\/\/yotavis.ch\/fr\/wp-json\/wp\/v2\/product_tag?post=6702"}],"curies":[{"name":"wp","href":"https:\/\/api.w.org\/{rel}","templated":true}]}}