{"id":6707,"date":"2025-10-09T00:00:00","date_gmt":"2025-10-08T22:00:00","guid":{"rendered":"https:\/\/yotavis.ch\/product\/tbesdt1\/"},"modified":"2026-04-24T13:35:01","modified_gmt":"2026-04-24T11:35:01","slug":"tbesdt1","status":"publish","type":"product","link":"https:\/\/yotavis.ch\/fr\/produit\/tbesdt1\/","title":{"rendered":"TBESDT1"},"content":{"rendered":"<p>Le Tekbox TBESDT1 est une cible ESD de 2 Ohm con\u00e7ue pour des applications \u00e9lectriques sp\u00e9cifiques. Ce produit est identifi\u00e9 par le num\u00e9ro de mod\u00e8le TBESDT1 et est fabriqu\u00e9 par Tekbox. Il pr\u00e9sente une valeur de r\u00e9sistance de 2 Ohms, ce qui est essentiel pour l'utilisation pr\u00e9vue dans les tests de d\u00e9charge \u00e9lectrostatique ou les fonctions connexes. La conception et les sp\u00e9cifications sont ax\u00e9es sur la fourniture d'une cible de r\u00e9sistance fiable et coh\u00e9rente. Aucun param\u00e8tre \u00e9lectrique suppl\u00e9mentaire, tel que la puissance, la tension ou l'intensit\u00e9, n'est sp\u00e9cifi\u00e9 pour ce mod\u00e8le. Le produit n'inclut pas de caract\u00e9ristiques telles que la t\u00e9l\u00e9commande, les canaux num\u00e9riques ou les capacit\u00e9s d'\u00e9cran tactile. Il s'agit d'un composant simple destin\u00e9 \u00e0 \u00eatre int\u00e9gr\u00e9 dans des syst\u00e8mes n\u00e9cessitant une r\u00e9sistance pr\u00e9cise de 2 ohms \u00e0 des fins ESD.<\/p>","protected":false},"excerpt":{"rendered":"<p>Cible ESD 2 Ohm<\/p>","protected":false},"featured_media":7395,"comment_status":"closed","ping_status":"closed","template":"","meta":{"_acf_changed":false,"slim_seo":{"title":"TBESDT1 - YOTAVIS AG","description":"Cible ESD 2 Ohm"}},"product_brand":[645],"product_cat":[526,649],"product_tag":[],"class_list":{"0":"post-6707","1":"product","2":"type-product","3":"status-publish","4":"has-post-thumbnail","6":"product_brand-tekbox","7":"product_cat-accessories","8":"product_cat-emc-test-equipment-accessories","10":"first","11":"instock","12":"taxable","13":"shipping-taxable","14":"purchasable","15":"product-type-simple"},"acf":[],"_links":{"self":[{"href":"https:\/\/yotavis.ch\/fr\/wp-json\/wp\/v2\/product\/6707","targetHints":{"allow":["GET"]}}],"collection":[{"href":"https:\/\/yotavis.ch\/fr\/wp-json\/wp\/v2\/product"}],"about":[{"href":"https:\/\/yotavis.ch\/fr\/wp-json\/wp\/v2\/types\/product"}],"replies":[{"embeddable":true,"href":"https:\/\/yotavis.ch\/fr\/wp-json\/wp\/v2\/comments?post=6707"}],"wp:featuredmedia":[{"embeddable":true,"href":"https:\/\/yotavis.ch\/fr\/wp-json\/wp\/v2\/media\/7395"}],"wp:attachment":[{"href":"https:\/\/yotavis.ch\/fr\/wp-json\/wp\/v2\/media?parent=6707"}],"wp:term":[{"taxonomy":"product_brand","embeddable":true,"href":"https:\/\/yotavis.ch\/fr\/wp-json\/wp\/v2\/product_brand?post=6707"},{"taxonomy":"product_cat","embeddable":true,"href":"https:\/\/yotavis.ch\/fr\/wp-json\/wp\/v2\/product_cat?post=6707"},{"taxonomy":"product_tag","embeddable":true,"href":"https:\/\/yotavis.ch\/fr\/wp-json\/wp\/v2\/product_tag?post=6707"}],"curies":[{"name":"wp","href":"https:\/\/api.w.org\/{rel}","templated":true}]}}