{"id":6708,"date":"2025-10-09T00:00:00","date_gmt":"2025-10-08T22:00:00","guid":{"rendered":"https:\/\/yotavis.ch\/product\/tbesdt2\/"},"modified":"2026-04-24T13:35:02","modified_gmt":"2026-04-24T11:35:02","slug":"tbesdt2","status":"publish","type":"product","link":"https:\/\/yotavis.ch\/fr\/produit\/tbesdt2\/","title":{"rendered":"TBESDT2"},"content":{"rendered":"<p>Le TBESDT2 est une cible ESD de 1 Ohm fabriqu\u00e9e par Tekbox. Ce produit est con\u00e7u pour fournir une valeur de r\u00e9sistance pr\u00e9cise de 1 Ohm, ce qui est essentiel pour les applications de test de d\u00e9charge \u00e9lectrostatique. L'appareil est con\u00e7u pour r\u00e9pondre \u00e0 des exigences de test sp\u00e9cifiques o\u00f9 une mesure pr\u00e9cise de la r\u00e9sistance est essentielle. En tant que cible ESD, il sert de point de r\u00e9f\u00e9rence pour \u00e9valuer les performances et la s\u00e9curit\u00e9 des composants et syst\u00e8mes \u00e9lectroniques dans des conditions de d\u00e9charge \u00e9lectrostatique. La conception du produit garantit des r\u00e9sultats coh\u00e9rents et fiables pendant les proc\u00e9dures de test. Tekbox, la marque \u00e0 l'origine de ce produit, est connue pour produire des \u00e9quipements de test sp\u00e9cialis\u00e9s. Le TBESDT2 est un composant qui s'int\u00e8gre dans des configurations de test plus larges, contribuant \u00e0 la pr\u00e9cision et \u00e0 l'efficacit\u00e9 globales des processus de test ESD.<\/p>","protected":false},"excerpt":{"rendered":"<p>Cible ESD 1 Ohm<\/p>","protected":false},"featured_media":7395,"comment_status":"closed","ping_status":"closed","template":"","meta":{"_acf_changed":false,"slim_seo":{"title":"TBESDT2 - YOTAVIS AG","description":"Cible ESD 1 Ohm"}},"product_brand":[645],"product_cat":[526,649],"product_tag":[],"class_list":{"0":"post-6708","1":"product","2":"type-product","3":"status-publish","4":"has-post-thumbnail","6":"product_brand-tekbox","7":"product_cat-accessories","8":"product_cat-emc-test-equipment-accessories","10":"first","11":"instock","12":"taxable","13":"shipping-taxable","14":"purchasable","15":"product-type-simple"},"acf":[],"_links":{"self":[{"href":"https:\/\/yotavis.ch\/fr\/wp-json\/wp\/v2\/product\/6708","targetHints":{"allow":["GET"]}}],"collection":[{"href":"https:\/\/yotavis.ch\/fr\/wp-json\/wp\/v2\/product"}],"about":[{"href":"https:\/\/yotavis.ch\/fr\/wp-json\/wp\/v2\/types\/product"}],"replies":[{"embeddable":true,"href":"https:\/\/yotavis.ch\/fr\/wp-json\/wp\/v2\/comments?post=6708"}],"wp:featuredmedia":[{"embeddable":true,"href":"https:\/\/yotavis.ch\/fr\/wp-json\/wp\/v2\/media\/7395"}],"wp:attachment":[{"href":"https:\/\/yotavis.ch\/fr\/wp-json\/wp\/v2\/media?parent=6708"}],"wp:term":[{"taxonomy":"product_brand","embeddable":true,"href":"https:\/\/yotavis.ch\/fr\/wp-json\/wp\/v2\/product_brand?post=6708"},{"taxonomy":"product_cat","embeddable":true,"href":"https:\/\/yotavis.ch\/fr\/wp-json\/wp\/v2\/product_cat?post=6708"},{"taxonomy":"product_tag","embeddable":true,"href":"https:\/\/yotavis.ch\/fr\/wp-json\/wp\/v2\/product_tag?post=6708"}],"curies":[{"name":"wp","href":"https:\/\/api.w.org\/{rel}","templated":true}]}}