{"id":6709,"date":"2025-10-09T00:00:00","date_gmt":"2025-10-08T22:00:00","guid":{"rendered":"https:\/\/yotavis.ch\/product\/tbl05100-1-b\/"},"modified":"2026-04-24T13:35:02","modified_gmt":"2026-04-24T11:35:02","slug":"tbl05100-1-b","status":"publish","type":"product","link":"https:\/\/yotavis.ch\/fr\/produit\/tbl05100-1-b\/","title":{"rendered":"TBL05100-1-B"},"content":{"rendered":"<p>Le Tekbox TBL05100-1-B est un r\u00e9seau de stabilisation d'imp\u00e9dance de ligne (LISN) de 5uH et 100A con\u00e7u pour fournir une imp\u00e9dance stable pour les tests d'\u00e9missions conduites. Ce dispositif est con\u00e7u pour g\u00e9rer des courants allant jusqu'\u00e0 100 amp\u00e8res, ce qui garantit qu'il peut s'adapter \u00e0 des applications \u00e0 courant \u00e9lev\u00e9. La valeur d'inductance de 5 microhenries est sp\u00e9cifi\u00e9e pour maintenir des caract\u00e9ristiques d'imp\u00e9dance coh\u00e9rentes pendant les essais. En tant que LISN, il est utilis\u00e9 pour isoler l'\u00e9quipement test\u00e9 du bruit de l'alimentation et pour fournir un point de mesure pour les \u00e9missions conduites. Le produit est identifi\u00e9 par le num\u00e9ro de mod\u00e8le TBL05100-1-B et est fabriqu\u00e9 par Tekbox. Ce LISN peut \u00eatre utilis\u00e9 dans des environnements de test de compatibilit\u00e9 \u00e9lectromagn\u00e9tique (CEM) o\u00f9 une stabilisation pr\u00e9cise de l'imp\u00e9dance est n\u00e9cessaire. Il ne comprend pas de fonctions suppl\u00e9mentaires telles que la commande \u00e0 distance ou des canaux de sortie multiples. La conception est ax\u00e9e sur la fourniture de performances fiables pour la stabilisation de l'imp\u00e9dance de ligne en conformit\u00e9 avec les normes d'essai pertinentes.<\/p>","protected":false},"excerpt":{"rendered":"<p>R\u00e9seau de stabilisation de l'imp\u00e9dance de ligne 5uH 100A LISN<\/p>","protected":false},"featured_media":7404,"comment_status":"closed","ping_status":"closed","template":"","meta":{"_acf_changed":false,"slim_seo":{"title":"TBL05100-1-B - YOTAVIS AG","description":"R\u00e9seau de stabilisation de l'imp\u00e9dance de ligne 5uH 100A LISN"}},"product_brand":[645],"product_cat":[526,649],"product_tag":[],"class_list":{"0":"post-6709","1":"product","2":"type-product","3":"status-publish","4":"has-post-thumbnail","6":"product_brand-tekbox","7":"product_cat-accessories","8":"product_cat-emc-test-equipment-accessories","10":"first","11":"instock","12":"taxable","13":"shipping-taxable","14":"purchasable","15":"product-type-simple"},"acf":[],"_links":{"self":[{"href":"https:\/\/yotavis.ch\/fr\/wp-json\/wp\/v2\/product\/6709","targetHints":{"allow":["GET"]}}],"collection":[{"href":"https:\/\/yotavis.ch\/fr\/wp-json\/wp\/v2\/product"}],"about":[{"href":"https:\/\/yotavis.ch\/fr\/wp-json\/wp\/v2\/types\/product"}],"replies":[{"embeddable":true,"href":"https:\/\/yotavis.ch\/fr\/wp-json\/wp\/v2\/comments?post=6709"}],"wp:featuredmedia":[{"embeddable":true,"href":"https:\/\/yotavis.ch\/fr\/wp-json\/wp\/v2\/media\/7404"}],"wp:attachment":[{"href":"https:\/\/yotavis.ch\/fr\/wp-json\/wp\/v2\/media?parent=6709"}],"wp:term":[{"taxonomy":"product_brand","embeddable":true,"href":"https:\/\/yotavis.ch\/fr\/wp-json\/wp\/v2\/product_brand?post=6709"},{"taxonomy":"product_cat","embeddable":true,"href":"https:\/\/yotavis.ch\/fr\/wp-json\/wp\/v2\/product_cat?post=6709"},{"taxonomy":"product_tag","embeddable":true,"href":"https:\/\/yotavis.ch\/fr\/wp-json\/wp\/v2\/product_tag?post=6709"}],"curies":[{"name":"wp","href":"https:\/\/api.w.org\/{rel}","templated":true}]}}