{"id":6712,"date":"2025-10-09T00:00:00","date_gmt":"2025-10-08T22:00:00","guid":{"rendered":"https:\/\/yotavis.ch\/product\/tbl50100-1\/"},"modified":"2026-04-24T13:35:03","modified_gmt":"2026-04-24T11:35:03","slug":"tbl50100-1","status":"publish","type":"product","link":"https:\/\/yotavis.ch\/fr\/produit\/tbl50100-1\/","title":{"rendered":"TBL50100-1"},"content":{"rendered":"<p>Le TBL50100-1 de Tekbox est un r\u00e9seau de stabilisation d'imp\u00e9dance de ligne (LISN) avec une inductance de 50 microhenries et un courant nominal de 100 amp\u00e8res. Ce dispositif est con\u00e7u pour fournir une imp\u00e9dance stable pour les mesures de lignes \u00e9lectriques, garantissant des conditions de test coh\u00e9rentes et fiables. Il convient aux environnements de test de compatibilit\u00e9 \u00e9lectromagn\u00e9tique (CEM) o\u00f9 une stabilisation pr\u00e9cise de l'imp\u00e9dance est n\u00e9cessaire. Le LISN permet d'isoler l'\u00e9quipement test\u00e9 du bruit et des interf\u00e9rences des lignes \u00e9lectriques, facilitant ainsi la mesure pr\u00e9cise des \u00e9missions conduites. Sa capacit\u00e9 de traitement de courant robuste de 100A le rend appropri\u00e9 pour les applications \u00e0 courant \u00e9lev\u00e9. La valeur d'inductance de 50uH est une sp\u00e9cification standard pour les LISN utilis\u00e9s dans divers sc\u00e9narios de test. Fabriqu\u00e9 par Tekbox, le TBL50100-1 est un composant sp\u00e9cialis\u00e9 destin\u00e9 \u00e0 une utilisation professionnelle dans les tests de conformit\u00e9 et les domaines connexes.<\/p>","protected":false},"excerpt":{"rendered":"<p>50uH 100A R\u00e9seau de stabilisation de l'imp\u00e9dance de ligne LISN<\/p>","protected":false},"featured_media":7417,"comment_status":"closed","ping_status":"closed","template":"","meta":{"_acf_changed":false,"slim_seo":{"title":"TBL50100-1 - YOTAVIS AG","description":"50uH 100A R\u00e9seau de stabilisation de l'imp\u00e9dance de ligne LISN"}},"product_brand":[645],"product_cat":[526,649],"product_tag":[],"class_list":{"0":"post-6712","1":"product","2":"type-product","3":"status-publish","4":"has-post-thumbnail","6":"product_brand-tekbox","7":"product_cat-accessories","8":"product_cat-emc-test-equipment-accessories","10":"first","11":"instock","12":"taxable","13":"shipping-taxable","14":"purchasable","15":"product-type-simple"},"acf":[],"_links":{"self":[{"href":"https:\/\/yotavis.ch\/fr\/wp-json\/wp\/v2\/product\/6712","targetHints":{"allow":["GET"]}}],"collection":[{"href":"https:\/\/yotavis.ch\/fr\/wp-json\/wp\/v2\/product"}],"about":[{"href":"https:\/\/yotavis.ch\/fr\/wp-json\/wp\/v2\/types\/product"}],"replies":[{"embeddable":true,"href":"https:\/\/yotavis.ch\/fr\/wp-json\/wp\/v2\/comments?post=6712"}],"wp:featuredmedia":[{"embeddable":true,"href":"https:\/\/yotavis.ch\/fr\/wp-json\/wp\/v2\/media\/7417"}],"wp:attachment":[{"href":"https:\/\/yotavis.ch\/fr\/wp-json\/wp\/v2\/media?parent=6712"}],"wp:term":[{"taxonomy":"product_brand","embeddable":true,"href":"https:\/\/yotavis.ch\/fr\/wp-json\/wp\/v2\/product_brand?post=6712"},{"taxonomy":"product_cat","embeddable":true,"href":"https:\/\/yotavis.ch\/fr\/wp-json\/wp\/v2\/product_cat?post=6712"},{"taxonomy":"product_tag","embeddable":true,"href":"https:\/\/yotavis.ch\/fr\/wp-json\/wp\/v2\/product_tag?post=6712"}],"curies":[{"name":"wp","href":"https:\/\/api.w.org\/{rel}","templated":true}]}}