{"id":6714,"date":"2025-10-09T00:00:00","date_gmt":"2025-10-08T22:00:00","guid":{"rendered":"https:\/\/yotavis.ch\/product\/tbl05100-1\/"},"modified":"2026-04-24T13:35:04","modified_gmt":"2026-04-24T11:35:04","slug":"tbl05100-1","status":"publish","type":"product","link":"https:\/\/yotavis.ch\/fr\/produit\/tbl05100-1\/","title":{"rendered":"TBL05100-1"},"content":{"rendered":"<p>Le Tekbox TBL05100-1 est un r\u00e9seau de stabilisation d'imp\u00e9dance de ligne (LISN) 5uH 100A con\u00e7u pour fournir une imp\u00e9dance stable pour les tests d'\u00e9missions conduites. Ce dispositif est utilis\u00e9 pour mesurer les interf\u00e9rences \u00e9lectromagn\u00e9tiques (EMI) g\u00e9n\u00e9r\u00e9es par les \u00e9quipements \u00e9lectriques en isolant l'alimentation de l'\u00e9quipement test\u00e9. L'inductance de 5 microhenry et le courant nominal de 100 amp\u00e8res indiquent sa capacit\u00e9 \u00e0 g\u00e9rer des charges de courant \u00e9lev\u00e9es tout en maintenant une imp\u00e9dance constante. Le LISN permet d'assurer la conformit\u00e9 aux normes r\u00e9glementaires en fournissant un environnement d'imp\u00e9dance r\u00e9p\u00e9table et d\u00e9fini. Il s'agit d'un outil essentiel dans les installations d'essai de compatibilit\u00e9 \u00e9lectromagn\u00e9tique (CEM), en particulier pour les mesures d'\u00e9missions conduites par les lignes \u00e9lectriques. Le produit est fabriqu\u00e9 par Tekbox, une marque connue pour ses \u00e9quipements de test et de mesure. Ce LISN peut \u00eatre utilis\u00e9 dans les laboratoires et les environnements de production o\u00f9 des tests EMI pr\u00e9cis sont n\u00e9cessaires.<\/p>","protected":false},"excerpt":{"rendered":"<p>R\u00e9seau de stabilisation de l'imp\u00e9dance de ligne 5uH 100A LISN<\/p>","protected":false},"featured_media":7432,"comment_status":"closed","ping_status":"closed","template":"","meta":{"_acf_changed":false,"slim_seo":{"title":"TBL05100-1 - YOTAVIS AG","description":"R\u00e9seau de stabilisation de l'imp\u00e9dance de ligne 5uH 100A LISN"}},"product_brand":[645],"product_cat":[526,649],"product_tag":[],"class_list":{"0":"post-6714","1":"product","2":"type-product","3":"status-publish","4":"has-post-thumbnail","6":"product_brand-tekbox","7":"product_cat-accessories","8":"product_cat-emc-test-equipment-accessories","10":"first","11":"instock","12":"taxable","13":"shipping-taxable","14":"purchasable","15":"product-type-simple"},"acf":[],"_links":{"self":[{"href":"https:\/\/yotavis.ch\/fr\/wp-json\/wp\/v2\/product\/6714","targetHints":{"allow":["GET"]}}],"collection":[{"href":"https:\/\/yotavis.ch\/fr\/wp-json\/wp\/v2\/product"}],"about":[{"href":"https:\/\/yotavis.ch\/fr\/wp-json\/wp\/v2\/types\/product"}],"replies":[{"embeddable":true,"href":"https:\/\/yotavis.ch\/fr\/wp-json\/wp\/v2\/comments?post=6714"}],"wp:featuredmedia":[{"embeddable":true,"href":"https:\/\/yotavis.ch\/fr\/wp-json\/wp\/v2\/media\/7432"}],"wp:attachment":[{"href":"https:\/\/yotavis.ch\/fr\/wp-json\/wp\/v2\/media?parent=6714"}],"wp:term":[{"taxonomy":"product_brand","embeddable":true,"href":"https:\/\/yotavis.ch\/fr\/wp-json\/wp\/v2\/product_brand?post=6714"},{"taxonomy":"product_cat","embeddable":true,"href":"https:\/\/yotavis.ch\/fr\/wp-json\/wp\/v2\/product_cat?post=6714"},{"taxonomy":"product_tag","embeddable":true,"href":"https:\/\/yotavis.ch\/fr\/wp-json\/wp\/v2\/product_tag?post=6714"}],"curies":[{"name":"wp","href":"https:\/\/api.w.org\/{rel}","templated":true}]}}