{"id":6717,"date":"2025-10-09T00:00:00","date_gmt":"2025-10-08T22:00:00","guid":{"rendered":"https:\/\/yotavis.ch\/product\/tbcg3-cn\/"},"modified":"2026-04-24T13:35:05","modified_gmt":"2026-04-24T11:35:05","slug":"tbcg3-cn","status":"publish","type":"product","link":"https:\/\/yotavis.ch\/fr\/produit\/tbcg3-cn\/","title":{"rendered":"TBCG3-CN"},"content":{"rendered":"<p>Le Tekbox TBCG3-CN est un g\u00e9n\u00e9rateur de peigne con\u00e7u pour diverses applications. Il est identifi\u00e9 par le code produit TBCG3-CN et est fabriqu\u00e9 par Tekbox. Ce dispositif est sp\u00e9cifiquement class\u00e9 comme un g\u00e9n\u00e9rateur de peigne, qui est utilis\u00e9 pour produire une s\u00e9rie de lignes de fr\u00e9quence discr\u00e8tes et \u00e9galement espac\u00e9es. La description du produit n'inclut pas de sp\u00e9cifications techniques sp\u00e9cifiques telles que la puissance, la tension, le courant, le nombre de sorties ou la gamme de fr\u00e9quences. En outre, les d\u00e9tails concernant les capacit\u00e9s de commande \u00e0 distance, les canaux, la largeur de bande, le taux d'\u00e9chantillonnage, la profondeur de m\u00e9moire, la r\u00e9solution verticale, les canaux num\u00e9riques, les caract\u00e9ristiques de l'\u00e9cran tactile, l'amplitude, le balayage, la rafale, le temps de transition, la largeur d'impulsion, le bruit de phase, la largeur de bande IQ, les chiffres, les valeurs nominales maximales de tension et de courant, la r\u00e9sistance, la valeur efficace vraie, la vitesse de balayage, la pr\u00e9cision de base, les ports, la conception portable, la largeur de bande d'analyse, DANL, RTSA, le protocole, l'interface, les capteurs RF, les connecteurs, la gamme de longueurs d'onde, la vitesse, le niveau maximum, IOLM, la gamme dynamique ou la modularit\u00e9 ne sont pas fournis. Les informations disponibles se concentrent uniquement sur le nom, la marque et le type de produit, sans plus de d\u00e9tails sur ses attributs techniques ou ses fonctionnalit\u00e9s.<\/p>","protected":false},"excerpt":{"rendered":"<p>G\u00e9n\u00e9rateur de peigne<\/p>","protected":false},"featured_media":7438,"comment_status":"closed","ping_status":"closed","template":"","meta":{"_acf_changed":false,"slim_seo":{"title":"TBCG3-CN - YOTAVIS AG","description":"G\u00e9n\u00e9rateur de peigne"}},"product_brand":[645],"product_cat":[526,649],"product_tag":[],"class_list":{"0":"post-6717","1":"product","2":"type-product","3":"status-publish","4":"has-post-thumbnail","6":"product_brand-tekbox","7":"product_cat-accessories","8":"product_cat-emc-test-equipment-accessories","10":"first","11":"instock","12":"taxable","13":"shipping-taxable","14":"purchasable","15":"product-type-simple"},"acf":[],"_links":{"self":[{"href":"https:\/\/yotavis.ch\/fr\/wp-json\/wp\/v2\/product\/6717","targetHints":{"allow":["GET"]}}],"collection":[{"href":"https:\/\/yotavis.ch\/fr\/wp-json\/wp\/v2\/product"}],"about":[{"href":"https:\/\/yotavis.ch\/fr\/wp-json\/wp\/v2\/types\/product"}],"replies":[{"embeddable":true,"href":"https:\/\/yotavis.ch\/fr\/wp-json\/wp\/v2\/comments?post=6717"}],"wp:featuredmedia":[{"embeddable":true,"href":"https:\/\/yotavis.ch\/fr\/wp-json\/wp\/v2\/media\/7438"}],"wp:attachment":[{"href":"https:\/\/yotavis.ch\/fr\/wp-json\/wp\/v2\/media?parent=6717"}],"wp:term":[{"taxonomy":"product_brand","embeddable":true,"href":"https:\/\/yotavis.ch\/fr\/wp-json\/wp\/v2\/product_brand?post=6717"},{"taxonomy":"product_cat","embeddable":true,"href":"https:\/\/yotavis.ch\/fr\/wp-json\/wp\/v2\/product_cat?post=6717"},{"taxonomy":"product_tag","embeddable":true,"href":"https:\/\/yotavis.ch\/fr\/wp-json\/wp\/v2\/product_tag?post=6717"}],"curies":[{"name":"wp","href":"https:\/\/api.w.org\/{rel}","templated":true}]}}