{"id":6718,"date":"2025-10-09T00:00:00","date_gmt":"2025-10-08T22:00:00","guid":{"rendered":"https:\/\/yotavis.ch\/product\/tbst86-49-45-2-b\/"},"modified":"2026-04-24T13:35:05","modified_gmt":"2026-04-24T11:35:05","slug":"tbst86-49-45-2-b","status":"publish","type":"product","link":"https:\/\/yotavis.ch\/fr\/produit\/tbst86-49-45-2-b\/","title":{"rendered":"TBST86\/49\/45\/2-B"},"content":{"rendered":"<p>La Tekbox TBST86\/49\/45\/2-B est une tente blind\u00e9e mesurant 86 cm par 49 cm par 45 cm, con\u00e7ue pour fournir un environnement ferm\u00e9 pour diverses applications. Elle est \u00e9quip\u00e9e d'un filtre CA principal qui permet de maintenir un espace contr\u00f4l\u00e9 et sans interf\u00e9rences \u00e0 l'int\u00e9rieur de la tente. Les dimensions de la tente lui permettent d'accueillir des \u00e9quipements ou des exp\u00e9riences qui n\u00e9cessitent une protection contre les interf\u00e9rences \u00e9lectromagn\u00e9tiques externes. L'inclusion du filtre CA indique que la tente est destin\u00e9e \u00e0 g\u00e9rer la qualit\u00e9 de l'alimentation \u00e9lectrique \u00e0 l'int\u00e9rieur de l'espace clos. Ce produit fait partie de la gamme de solutions de blindage Tekbox, qui met l'accent sur la conception pratique et la fonctionnalit\u00e9. La taille et les caract\u00e9ristiques de la tente sugg\u00e8rent qu'elle peut \u00eatre utilis\u00e9e en laboratoire ou dans des environnements industriels o\u00f9 la compatibilit\u00e9 \u00e9lectromagn\u00e9tique est critique. Sa construction permet vraisemblablement de contenir les signaux ou le bruit, ce qui garantit la pr\u00e9cision des tests ou du fonctionnement des appareils sensibles dans son enceinte.<\/p>","protected":false},"excerpt":{"rendered":"<p>Tente blind\u00e9e 86 cm x 49 cm x 45 cm (avec filtre principal AC)<\/p>","protected":false},"featured_media":7339,"comment_status":"closed","ping_status":"closed","template":"","meta":{"_acf_changed":false,"slim_seo":{"title":"TBST86\/49\/45\/2-B - YOTAVIS AG","description":"Tente blind\u00e9e 86 cm x 49 cm x 45 cm (avec filtre principal AC)"}},"product_brand":[645],"product_cat":[526,649],"product_tag":[],"class_list":{"0":"post-6718","1":"product","2":"type-product","3":"status-publish","4":"has-post-thumbnail","6":"product_brand-tekbox","7":"product_cat-accessories","8":"product_cat-emc-test-equipment-accessories","10":"first","11":"instock","12":"taxable","13":"shipping-taxable","14":"purchasable","15":"product-type-simple"},"acf":[],"_links":{"self":[{"href":"https:\/\/yotavis.ch\/fr\/wp-json\/wp\/v2\/product\/6718","targetHints":{"allow":["GET"]}}],"collection":[{"href":"https:\/\/yotavis.ch\/fr\/wp-json\/wp\/v2\/product"}],"about":[{"href":"https:\/\/yotavis.ch\/fr\/wp-json\/wp\/v2\/types\/product"}],"replies":[{"embeddable":true,"href":"https:\/\/yotavis.ch\/fr\/wp-json\/wp\/v2\/comments?post=6718"}],"wp:featuredmedia":[{"embeddable":true,"href":"https:\/\/yotavis.ch\/fr\/wp-json\/wp\/v2\/media\/7339"}],"wp:attachment":[{"href":"https:\/\/yotavis.ch\/fr\/wp-json\/wp\/v2\/media?parent=6718"}],"wp:term":[{"taxonomy":"product_brand","embeddable":true,"href":"https:\/\/yotavis.ch\/fr\/wp-json\/wp\/v2\/product_brand?post=6718"},{"taxonomy":"product_cat","embeddable":true,"href":"https:\/\/yotavis.ch\/fr\/wp-json\/wp\/v2\/product_cat?post=6718"},{"taxonomy":"product_tag","embeddable":true,"href":"https:\/\/yotavis.ch\/fr\/wp-json\/wp\/v2\/product_tag?post=6718"}],"curies":[{"name":"wp","href":"https:\/\/api.w.org\/{rel}","templated":true}]}}