{"id":6724,"date":"2025-10-09T00:00:00","date_gmt":"2025-10-08T22:00:00","guid":{"rendered":"https:\/\/yotavis.ch\/product\/tbtc3\/"},"modified":"2026-04-24T13:35:12","modified_gmt":"2026-04-24T11:35:12","slug":"tbtc3","status":"publish","type":"product","link":"https:\/\/yotavis.ch\/fr\/produit\/tbtc3\/","title":{"rendered":"TBTC3"},"content":{"rendered":"<p>Le TBTC3 est une cellule TEM d'une taille de 150 mm, fabriqu\u00e9e par Tekbox. Ce produit est con\u00e7u pour les applications n\u00e9cessitant une cellule TEM de cette dimension sp\u00e9cifique. La description se concentre sur les caract\u00e9ristiques physiques de la cellule, en indiquant sa taille comme une caract\u00e9ristique cl\u00e9. Aucune autre sp\u00e9cification \u00e9lectrique ou technique, telle que la puissance, la tension, le courant, la fr\u00e9quence ou la largeur de bande, n'est fournie. Le produit ne donne aucun d\u00e9tail sur les num\u00e9ros de sortie, les capacit\u00e9s de contr\u00f4le \u00e0 distance ou les canaux num\u00e9riques. Il n'y a aucune information concernant les taux d'\u00e9chantillonnage, la profondeur de m\u00e9moire, la r\u00e9solution verticale ou les caract\u00e9ristiques de l'\u00e9cran tactile. Le TBTC3 ne contient pas de donn\u00e9es sur l'amplitude, le balayage, l'\u00e9clatement ou le bruit de phase. D'autres param\u00e8tres tels que la largeur d'impulsion, le temps de transition ou la largeur de bande IQ ne sont pas mentionn\u00e9s. Le produit manque \u00e9galement de d\u00e9tails sur les connecteurs, les interfaces ou les types de capteurs. Dans l'ensemble, le TBTC3 est identifi\u00e9 principalement par sa taille et sa marque, sans autres sp\u00e9cifications techniques.<\/p>","protected":false},"excerpt":{"rendered":"<p>Cellule TEM 150 mm<\/p>","protected":false},"featured_media":7471,"comment_status":"closed","ping_status":"closed","template":"","meta":{"_acf_changed":false,"slim_seo":{"title":"TBTC3 - YOTAVIS AG","description":"Cellule TEM 150 mm"}},"product_brand":[645],"product_cat":[526,649],"product_tag":[],"class_list":{"0":"post-6724","1":"product","2":"type-product","3":"status-publish","4":"has-post-thumbnail","6":"product_brand-tekbox","7":"product_cat-accessories","8":"product_cat-emc-test-equipment-accessories","10":"first","11":"instock","12":"taxable","13":"shipping-taxable","14":"purchasable","15":"product-type-simple"},"acf":[],"_links":{"self":[{"href":"https:\/\/yotavis.ch\/fr\/wp-json\/wp\/v2\/product\/6724","targetHints":{"allow":["GET"]}}],"collection":[{"href":"https:\/\/yotavis.ch\/fr\/wp-json\/wp\/v2\/product"}],"about":[{"href":"https:\/\/yotavis.ch\/fr\/wp-json\/wp\/v2\/types\/product"}],"replies":[{"embeddable":true,"href":"https:\/\/yotavis.ch\/fr\/wp-json\/wp\/v2\/comments?post=6724"}],"wp:featuredmedia":[{"embeddable":true,"href":"https:\/\/yotavis.ch\/fr\/wp-json\/wp\/v2\/media\/7471"}],"wp:attachment":[{"href":"https:\/\/yotavis.ch\/fr\/wp-json\/wp\/v2\/media?parent=6724"}],"wp:term":[{"taxonomy":"product_brand","embeddable":true,"href":"https:\/\/yotavis.ch\/fr\/wp-json\/wp\/v2\/product_brand?post=6724"},{"taxonomy":"product_cat","embeddable":true,"href":"https:\/\/yotavis.ch\/fr\/wp-json\/wp\/v2\/product_cat?post=6724"},{"taxonomy":"product_tag","embeddable":true,"href":"https:\/\/yotavis.ch\/fr\/wp-json\/wp\/v2\/product_tag?post=6724"}],"curies":[{"name":"wp","href":"https:\/\/api.w.org\/{rel}","templated":true}]}}