{"id":6725,"date":"2025-10-09T00:00:00","date_gmt":"2025-10-08T22:00:00","guid":{"rendered":"https:\/\/yotavis.ch\/product\/tbma6-p\/"},"modified":"2026-04-24T13:35:13","modified_gmt":"2026-04-24T11:35:13","slug":"tbma6-p","status":"publish","type":"product","link":"https:\/\/yotavis.ch\/fr\/produit\/tbma6-p\/","title":{"rendered":"TBMA6-P"},"content":{"rendered":"<p>La TBMA6-P de Tekbox est une antenne boucle passive con\u00e7ue pour fonctionner dans la gamme de fr\u00e9quences de 9 kHz \u00e0 30 MHz. Elle est \u00e9quip\u00e9e d'un connecteur de type N, couramment utilis\u00e9 pour les applications RF, ce qui garantit sa compatibilit\u00e9 avec divers appareils et syst\u00e8mes. Cette antenne ne n\u00e9cessite pas d'alimentation, car elle est passive, ce qui la rend adapt\u00e9e aux applications o\u00f9 la consommation d'\u00e9nergie doit \u00eatre r\u00e9duite au minimum. Sa conception lui permet de capturer des signaux sur un large spectre, des tr\u00e8s basses fr\u00e9quences \u00e0 partir de 9 kHz jusqu'\u00e0 30 MHz, couvrant ainsi une large gamme de besoins en mati\u00e8re de communication et de d\u00e9tection de signaux. La nature passive de l'antenne signifie qu'elle n'amplifie pas les signaux mais s'appuie sur sa conception en boucle pour recevoir efficacement les ondes \u00e9lectromagn\u00e9tiques. Le connecteur de type N assure une connexion s\u00fbre et stable, ce qui est essentiel pour maintenir l'int\u00e9grit\u00e9 du signal pendant l'utilisation. Cette antenne convient aux utilisateurs qui ont besoin d'une r\u00e9ception fiable dans la gamme de fr\u00e9quences sp\u00e9cifi\u00e9e sans avoir besoin d'une alimentation suppl\u00e9mentaire ou d'une configuration complexe.<\/p>","protected":false},"excerpt":{"rendered":"<p>9 kHz &#8211; 30 MHz Passive Loop Antenna<\/p>","protected":false},"featured_media":7477,"comment_status":"closed","ping_status":"closed","template":"","meta":{"_acf_changed":false,"slim_seo":{"title":"TBMA6-P - YOTAVIS AG","description":"9 kHz - 30 MHz Antenne \u00e0 boucle passive"}},"product_brand":[645],"product_cat":[526,527],"product_tag":[],"class_list":{"0":"post-6725","1":"product","2":"type-product","3":"status-publish","4":"has-post-thumbnail","6":"product_brand-tekbox","7":"product_cat-accessories","8":"product_cat-antenna-en","9":"pa_connector-type-n","11":"first","12":"instock","13":"taxable","14":"shipping-taxable","15":"purchasable","16":"product-type-simple"},"acf":[],"_links":{"self":[{"href":"https:\/\/yotavis.ch\/fr\/wp-json\/wp\/v2\/product\/6725","targetHints":{"allow":["GET"]}}],"collection":[{"href":"https:\/\/yotavis.ch\/fr\/wp-json\/wp\/v2\/product"}],"about":[{"href":"https:\/\/yotavis.ch\/fr\/wp-json\/wp\/v2\/types\/product"}],"replies":[{"embeddable":true,"href":"https:\/\/yotavis.ch\/fr\/wp-json\/wp\/v2\/comments?post=6725"}],"wp:featuredmedia":[{"embeddable":true,"href":"https:\/\/yotavis.ch\/fr\/wp-json\/wp\/v2\/media\/7477"}],"wp:attachment":[{"href":"https:\/\/yotavis.ch\/fr\/wp-json\/wp\/v2\/media?parent=6725"}],"wp:term":[{"taxonomy":"product_brand","embeddable":true,"href":"https:\/\/yotavis.ch\/fr\/wp-json\/wp\/v2\/product_brand?post=6725"},{"taxonomy":"product_cat","embeddable":true,"href":"https:\/\/yotavis.ch\/fr\/wp-json\/wp\/v2\/product_cat?post=6725"},{"taxonomy":"product_tag","embeddable":true,"href":"https:\/\/yotavis.ch\/fr\/wp-json\/wp\/v2\/product_tag?post=6725"}],"curies":[{"name":"wp","href":"https:\/\/api.w.org\/{rel}","templated":true}]}}