{"id":6726,"date":"2025-10-09T00:00:00","date_gmt":"2025-10-08T22:00:00","guid":{"rendered":"https:\/\/yotavis.ch\/product\/tbmda3b\/"},"modified":"2026-04-24T13:35:13","modified_gmt":"2026-04-24T11:35:13","slug":"tbmda3b","status":"publish","type":"product","link":"https:\/\/yotavis.ch\/fr\/produit\/tbmda3b\/","title":{"rendered":"TBMDA3B"},"content":{"rendered":"<p>Le TBMDA3B de Tekbox est un amplificateur de puissance modul\u00e9 \u00e0 large bande con\u00e7u pour fonctionner dans la gamme de fr\u00e9quences de 10 MHz \u00e0 1 GHz. Il est \u00e9quip\u00e9 d'un connecteur de type N, couramment utilis\u00e9 pour les applications RF, qui garantit une transmission fiable du signal. Cet amplificateur convient aux applications n\u00e9cessitant une couverture de fr\u00e9quence large bande et des capacit\u00e9s de modulation. Sa conception prend en charge un large spectre de fr\u00e9quences basses \u00e0 hautes, ce qui le rend polyvalent pour divers besoins en mati\u00e8re de test et d'amplification. Sa construction et ses sp\u00e9cifications sont ax\u00e9es sur la fourniture de performances constantes dans la gamme de fr\u00e9quences sp\u00e9cifi\u00e9e. L'appareil est con\u00e7u pour traiter efficacement les signaux modul\u00e9s, en fournissant une amplification sans compromettre l'int\u00e9grit\u00e9 du signal. Le TBMDA3B est un composant qui s'int\u00e8gre dans les syst\u00e8mes n\u00e9cessitant une amplification de puissance \u00e0 large bande dans les limites de fr\u00e9quence indiqu\u00e9es.<\/p>","protected":false},"excerpt":{"rendered":"<p>modulated wideband power amplifier 10 MHz &#8211; 1GHz<\/p>","protected":false},"featured_media":7484,"comment_status":"closed","ping_status":"closed","template":"","meta":{"_acf_changed":false,"slim_seo":{"title":"TBMDA3B - YOTAVIS AG","description":"amplificateur de puissance modul\u00e9 \u00e0 large bande 10 MHz - 1GHz"}},"product_brand":[645],"product_cat":[526,531],"product_tag":[],"class_list":{"0":"post-6726","1":"product","2":"type-product","3":"status-publish","4":"has-post-thumbnail","6":"product_brand-tekbox","7":"product_cat-accessories","8":"product_cat-rf-amplifier-attenuator-converter","9":"pa_connector-type-n","11":"first","12":"instock","13":"taxable","14":"shipping-taxable","15":"purchasable","16":"product-type-simple"},"acf":[],"_links":{"self":[{"href":"https:\/\/yotavis.ch\/fr\/wp-json\/wp\/v2\/product\/6726","targetHints":{"allow":["GET"]}}],"collection":[{"href":"https:\/\/yotavis.ch\/fr\/wp-json\/wp\/v2\/product"}],"about":[{"href":"https:\/\/yotavis.ch\/fr\/wp-json\/wp\/v2\/types\/product"}],"replies":[{"embeddable":true,"href":"https:\/\/yotavis.ch\/fr\/wp-json\/wp\/v2\/comments?post=6726"}],"wp:featuredmedia":[{"embeddable":true,"href":"https:\/\/yotavis.ch\/fr\/wp-json\/wp\/v2\/media\/7484"}],"wp:attachment":[{"href":"https:\/\/yotavis.ch\/fr\/wp-json\/wp\/v2\/media?parent=6726"}],"wp:term":[{"taxonomy":"product_brand","embeddable":true,"href":"https:\/\/yotavis.ch\/fr\/wp-json\/wp\/v2\/product_brand?post=6726"},{"taxonomy":"product_cat","embeddable":true,"href":"https:\/\/yotavis.ch\/fr\/wp-json\/wp\/v2\/product_cat?post=6726"},{"taxonomy":"product_tag","embeddable":true,"href":"https:\/\/yotavis.ch\/fr\/wp-json\/wp\/v2\/product_tag?post=6726"}],"curies":[{"name":"wp","href":"https:\/\/api.w.org\/{rel}","templated":true}]}}