{"id":6735,"date":"2025-10-09T00:00:00","date_gmt":"2025-10-08T22:00:00","guid":{"rendered":"https:\/\/yotavis.ch\/product\/tbl0110-2\/"},"modified":"2026-04-24T13:35:16","modified_gmt":"2026-04-24T11:35:16","slug":"tbl0110-2","status":"publish","type":"product","link":"https:\/\/yotavis.ch\/fr\/produit\/tbl0110-2\/","title":{"rendered":"TBL0110-2"},"content":{"rendered":"<p>Le Tekbox TBL0110-2 est un r\u00e9seau de stabilisation d'imp\u00e9dance de ligne (LISN) avec une inductance de 1\u00b5H et un courant nominal de 10 A. Ce dispositif est con\u00e7u pour fournir une imp\u00e9dance stable pour les tests d'\u00e9missions conduites, garantissant des mesures coh\u00e9rentes et reproductibles. Le LISN permet d'isoler l'alimentation \u00e9lectrique du dispositif test\u00e9, ce qui permet une mesure pr\u00e9cise du bruit sur les lignes \u00e9lectriques. Sa valeur d'inductance de 1\u00b5H convient \u00e0 une s\u00e9rie de sc\u00e9narios de test n\u00e9cessitant un contr\u00f4le pr\u00e9cis de l'imp\u00e9dance. Le courant nominal de 10 A indique sa capacit\u00e9 \u00e0 supporter des niveaux de courant mod\u00e9r\u00e9s pendant les proc\u00e9dures de test. Le TBL0110-2 est fabriqu\u00e9 par Tekbox, une marque connue pour ses \u00e9quipements de test \u00e9lectronique. Ce LISN est g\u00e9n\u00e9ralement utilis\u00e9 dans des environnements de test de conformit\u00e9 afin de respecter les normes r\u00e9glementaires en mati\u00e8re de compatibilit\u00e9 \u00e9lectromagn\u00e9tique.<\/p>","protected":false},"excerpt":{"rendered":"<p>1\u00b5H 10 A R\u00e9seau de stabilisation de l'imp\u00e9dance de ligne LISN<\/p>","protected":false},"featured_media":7510,"comment_status":"closed","ping_status":"closed","template":"","meta":{"_acf_changed":false,"slim_seo":{"title":"TBL0110-2 - YOTAVIS AG","description":"1\u00b5H 10 A R\u00e9seau de stabilisation de l'imp\u00e9dance de ligne LISN"}},"product_brand":[645],"product_cat":[526,649],"product_tag":[],"class_list":{"0":"post-6735","1":"product","2":"type-product","3":"status-publish","4":"has-post-thumbnail","6":"product_brand-tekbox","7":"product_cat-accessories","8":"product_cat-emc-test-equipment-accessories","10":"first","11":"instock","12":"taxable","13":"shipping-taxable","14":"purchasable","15":"product-type-simple"},"acf":[],"_links":{"self":[{"href":"https:\/\/yotavis.ch\/fr\/wp-json\/wp\/v2\/product\/6735","targetHints":{"allow":["GET"]}}],"collection":[{"href":"https:\/\/yotavis.ch\/fr\/wp-json\/wp\/v2\/product"}],"about":[{"href":"https:\/\/yotavis.ch\/fr\/wp-json\/wp\/v2\/types\/product"}],"replies":[{"embeddable":true,"href":"https:\/\/yotavis.ch\/fr\/wp-json\/wp\/v2\/comments?post=6735"}],"wp:featuredmedia":[{"embeddable":true,"href":"https:\/\/yotavis.ch\/fr\/wp-json\/wp\/v2\/media\/7510"}],"wp:attachment":[{"href":"https:\/\/yotavis.ch\/fr\/wp-json\/wp\/v2\/media?parent=6735"}],"wp:term":[{"taxonomy":"product_brand","embeddable":true,"href":"https:\/\/yotavis.ch\/fr\/wp-json\/wp\/v2\/product_brand?post=6735"},{"taxonomy":"product_cat","embeddable":true,"href":"https:\/\/yotavis.ch\/fr\/wp-json\/wp\/v2\/product_cat?post=6735"},{"taxonomy":"product_tag","embeddable":true,"href":"https:\/\/yotavis.ch\/fr\/wp-json\/wp\/v2\/product_tag?post=6735"}],"curies":[{"name":"wp","href":"https:\/\/api.w.org\/{rel}","templated":true}]}}