{"id":6737,"date":"2025-10-09T00:00:00","date_gmt":"2025-10-08T22:00:00","guid":{"rendered":"https:\/\/yotavis.ch\/product\/tbccp1-400k600\/"},"modified":"2026-04-24T13:35:17","modified_gmt":"2026-04-24T11:35:17","slug":"tbccp1-400k600","status":"publish","type":"product","link":"https:\/\/yotavis.ch\/fr\/produit\/tbccp1-400k600\/","title":{"rendered":"TBCCP1-400K600"},"content":{"rendered":"<p>La TBCCP1-400K600 est une sonde coaxiale de contr\u00f4le de courant RF fabriqu\u00e9e par Tekbox. Elle est dot\u00e9e d'une interface de type N, couramment utilis\u00e9e pour les applications RF afin de garantir des connexions fiables et coh\u00e9rentes. Cette sonde est con\u00e7ue sp\u00e9cifiquement pour contr\u00f4ler les courants RF, ce qui la rend adapt\u00e9e \u00e0 divers sc\u00e9narios de test et de mesure impliquant des signaux de radiofr\u00e9quence. La conception coaxiale permet de minimiser les interf\u00e9rences et de maintenir l'int\u00e9grit\u00e9 du signal pendant les mesures. Le produit n'indique pas de puissance, de tension, de courant ou de fr\u00e9quence nominaux sp\u00e9cifiques, se concentrant plut\u00f4t sur son r\u00f4le de sonde de surveillance. Sa construction et son type d'interface sugg\u00e8rent une compatibilit\u00e9 avec l'\u00e9quipement RF standard et les configurations de test. Le TBCCP1-400K600 est destin\u00e9 \u00e0 \u00eatre utilis\u00e9 dans des environnements o\u00f9 une surveillance pr\u00e9cise du courant RF est n\u00e9cessaire.<\/p>","protected":false},"excerpt":{"rendered":"<p>Sonde coaxiale de contr\u00f4le du courant RF<\/p>","protected":false},"featured_media":7520,"comment_status":"closed","ping_status":"closed","template":"","meta":{"_acf_changed":false,"slim_seo":{"title":"TBCCP1-400K600 - YOTAVIS AG","description":"Sonde coaxiale de contr\u00f4le du courant RF"}},"product_brand":[645],"product_cat":[543,509],"product_tag":[],"class_list":{"0":"post-6737","1":"product","2":"type-product","3":"status-publish","4":"has-post-thumbnail","6":"product_brand-tekbox","7":"product_cat-emc-test-equipment-en","8":"product_cat-probes-en","9":"pa_interface-type-n","11":"first","12":"instock","13":"taxable","14":"shipping-taxable","15":"purchasable","16":"product-type-simple"},"acf":[],"_links":{"self":[{"href":"https:\/\/yotavis.ch\/fr\/wp-json\/wp\/v2\/product\/6737","targetHints":{"allow":["GET"]}}],"collection":[{"href":"https:\/\/yotavis.ch\/fr\/wp-json\/wp\/v2\/product"}],"about":[{"href":"https:\/\/yotavis.ch\/fr\/wp-json\/wp\/v2\/types\/product"}],"replies":[{"embeddable":true,"href":"https:\/\/yotavis.ch\/fr\/wp-json\/wp\/v2\/comments?post=6737"}],"wp:featuredmedia":[{"embeddable":true,"href":"https:\/\/yotavis.ch\/fr\/wp-json\/wp\/v2\/media\/7520"}],"wp:attachment":[{"href":"https:\/\/yotavis.ch\/fr\/wp-json\/wp\/v2\/media?parent=6737"}],"wp:term":[{"taxonomy":"product_brand","embeddable":true,"href":"https:\/\/yotavis.ch\/fr\/wp-json\/wp\/v2\/product_brand?post=6737"},{"taxonomy":"product_cat","embeddable":true,"href":"https:\/\/yotavis.ch\/fr\/wp-json\/wp\/v2\/product_cat?post=6737"},{"taxonomy":"product_tag","embeddable":true,"href":"https:\/\/yotavis.ch\/fr\/wp-json\/wp\/v2\/product_tag?post=6737"}],"curies":[{"name":"wp","href":"https:\/\/api.w.org\/{rel}","templated":true}]}}