{"id":6738,"date":"2025-10-09T00:00:00","date_gmt":"2025-10-08T22:00:00","guid":{"rendered":"https:\/\/yotavis.ch\/product\/tbpcp1-20100\/"},"modified":"2026-04-24T13:35:17","modified_gmt":"2026-04-24T11:35:17","slug":"tbpcp1-20100","status":"publish","type":"product","link":"https:\/\/yotavis.ch\/fr\/produit\/tbpcp1-20100\/","title":{"rendered":"TBPCP1-20100"},"content":{"rendered":"<p>Le TBPCP1-20100 est une sonde de contr\u00f4le de courant \u00e0 impulsions RF fabriqu\u00e9e par Tekbox. Elle est dot\u00e9e d'une interface de type N, couramment utilis\u00e9e pour les applications RF. Ce produit est con\u00e7u pour surveiller les courants d'impulsion dans les syst\u00e8mes RF, fournissant des donn\u00e9es essentielles pour l'analyse et les tests. La sonde peut \u00eatre int\u00e9gr\u00e9e dans des installations n\u00e9cessitant des mesures pr\u00e9cises du courant dans les impulsions RF. Sa construction et ses sp\u00e9cifications la rendent compatible avec divers \u00e9quipements RF qui utilisent des connecteurs de type N. L'appareil est destin\u00e9 \u00e0 \u00eatre utilis\u00e9 dans des environnements o\u00f9 une surveillance pr\u00e9cise du courant d'impulsion est n\u00e9cessaire pour garantir la performance et la fiabilit\u00e9 du syst\u00e8me.<\/p>","protected":false},"excerpt":{"rendered":"<p>Sonde de contr\u00f4le de courant \u00e0 impulsions RF<\/p>","protected":false},"featured_media":7522,"comment_status":"closed","ping_status":"closed","template":"","meta":{"_acf_changed":false,"slim_seo":{"title":"TBPCP1-20100 - YOTAVIS AG","description":"Sonde de contr\u00f4le de courant \u00e0 impulsions RF"}},"product_brand":[645],"product_cat":[543,509],"product_tag":[],"class_list":{"0":"post-6738","1":"product","2":"type-product","3":"status-publish","4":"has-post-thumbnail","6":"product_brand-tekbox","7":"product_cat-emc-test-equipment-en","8":"product_cat-probes-en","9":"pa_interface-type-n","11":"first","12":"instock","13":"taxable","14":"shipping-taxable","15":"purchasable","16":"product-type-simple"},"acf":[],"_links":{"self":[{"href":"https:\/\/yotavis.ch\/fr\/wp-json\/wp\/v2\/product\/6738","targetHints":{"allow":["GET"]}}],"collection":[{"href":"https:\/\/yotavis.ch\/fr\/wp-json\/wp\/v2\/product"}],"about":[{"href":"https:\/\/yotavis.ch\/fr\/wp-json\/wp\/v2\/types\/product"}],"replies":[{"embeddable":true,"href":"https:\/\/yotavis.ch\/fr\/wp-json\/wp\/v2\/comments?post=6738"}],"wp:featuredmedia":[{"embeddable":true,"href":"https:\/\/yotavis.ch\/fr\/wp-json\/wp\/v2\/media\/7522"}],"wp:attachment":[{"href":"https:\/\/yotavis.ch\/fr\/wp-json\/wp\/v2\/media?parent=6738"}],"wp:term":[{"taxonomy":"product_brand","embeddable":true,"href":"https:\/\/yotavis.ch\/fr\/wp-json\/wp\/v2\/product_brand?post=6738"},{"taxonomy":"product_cat","embeddable":true,"href":"https:\/\/yotavis.ch\/fr\/wp-json\/wp\/v2\/product_cat?post=6738"},{"taxonomy":"product_tag","embeddable":true,"href":"https:\/\/yotavis.ch\/fr\/wp-json\/wp\/v2\/product_tag?post=6738"}],"curies":[{"name":"wp","href":"https:\/\/api.w.org\/{rel}","templated":true}]}}