{"id":6742,"date":"2025-10-09T00:00:00","date_gmt":"2025-10-08T22:00:00","guid":{"rendered":"https:\/\/yotavis.ch\/product\/tblpa1\/"},"modified":"2026-04-24T13:35:21","modified_gmt":"2026-04-24T11:35:21","slug":"tblpa1","status":"publish","type":"product","link":"https:\/\/yotavis.ch\/fr\/produit\/tblpa1\/","title":{"rendered":"TBLPA1"},"content":{"rendered":"<p>Le Tekbox TBLPA1 est un amplificateur de puissance RF lin\u00e9aire \u00e0 large bande con\u00e7u pour fonctionner dans la gamme de fr\u00e9quences de 50 MHz \u00e0 1 GHz. Il est \u00e9quip\u00e9 d'un connecteur de type N, couramment utilis\u00e9 pour les applications RF en raison de sa durabilit\u00e9 et de la fiabilit\u00e9 de ses performances. Cet amplificateur convient aux applications n\u00e9cessitant une amplification sur un large spectre de fr\u00e9quences, garantissant une sortie constante dans la plage sp\u00e9cifi\u00e9e. L'appareil est con\u00e7u pour traiter les signaux de mani\u00e8re lin\u00e9aire, en maintenant l'int\u00e9grit\u00e9 du signal tout au long du processus d'amplification. Sa capacit\u00e9 \u00e0 large bande lui permet de prendre en charge divers signaux RF sans qu'il soit n\u00e9cessaire d'utiliser plusieurs amplificateurs. Le TBLPA1 est un choix pratique pour les utilisateurs qui ont besoin d'un amplificateur de puissance RF robuste et polyvalent dans la bande de fr\u00e9quence de 50 MHz \u00e0 1 GHz.<\/p>","protected":false},"excerpt":{"rendered":"<p>linear wideband RF power amplifier 50 MHz &#8211; 1 GHz<\/p>","protected":false},"featured_media":7538,"comment_status":"closed","ping_status":"closed","template":"","meta":{"_acf_changed":false,"slim_seo":{"title":"TBLPA1 - YOTAVIS AG","description":"amplificateur de puissance RF lin\u00e9aire \u00e0 large bande 50 MHz - 1 GHz"}},"product_brand":[645],"product_cat":[526,531],"product_tag":[],"class_list":{"0":"post-6742","1":"product","2":"type-product","3":"status-publish","4":"has-post-thumbnail","6":"product_brand-tekbox","7":"product_cat-accessories","8":"product_cat-rf-amplifier-attenuator-converter","9":"pa_connector-type-n","11":"first","12":"instock","13":"taxable","14":"shipping-taxable","15":"purchasable","16":"product-type-simple"},"acf":[],"_links":{"self":[{"href":"https:\/\/yotavis.ch\/fr\/wp-json\/wp\/v2\/product\/6742","targetHints":{"allow":["GET"]}}],"collection":[{"href":"https:\/\/yotavis.ch\/fr\/wp-json\/wp\/v2\/product"}],"about":[{"href":"https:\/\/yotavis.ch\/fr\/wp-json\/wp\/v2\/types\/product"}],"replies":[{"embeddable":true,"href":"https:\/\/yotavis.ch\/fr\/wp-json\/wp\/v2\/comments?post=6742"}],"wp:featuredmedia":[{"embeddable":true,"href":"https:\/\/yotavis.ch\/fr\/wp-json\/wp\/v2\/media\/7538"}],"wp:attachment":[{"href":"https:\/\/yotavis.ch\/fr\/wp-json\/wp\/v2\/media?parent=6742"}],"wp:term":[{"taxonomy":"product_brand","embeddable":true,"href":"https:\/\/yotavis.ch\/fr\/wp-json\/wp\/v2\/product_brand?post=6742"},{"taxonomy":"product_cat","embeddable":true,"href":"https:\/\/yotavis.ch\/fr\/wp-json\/wp\/v2\/product_cat?post=6742"},{"taxonomy":"product_tag","embeddable":true,"href":"https:\/\/yotavis.ch\/fr\/wp-json\/wp\/v2\/product_tag?post=6742"}],"curies":[{"name":"wp","href":"https:\/\/api.w.org\/{rel}","templated":true}]}}