{"id":6743,"date":"2025-10-09T00:00:00","date_gmt":"2025-10-08T22:00:00","guid":{"rendered":"https:\/\/yotavis.ch\/product\/tbtc2\/"},"modified":"2026-04-24T13:35:21","modified_gmt":"2026-04-24T11:35:21","slug":"tbtc2","status":"publish","type":"product","link":"https:\/\/yotavis.ch\/fr\/produit\/tbtc2\/","title":{"rendered":"TBTC2"},"content":{"rendered":"<p>Le TBTC2 est une cellule TEM d'une taille de 100 mm, fabriqu\u00e9e par Tekbox. Ce produit est con\u00e7u pour les applications n\u00e9cessitant un environnement \u00e9lectromagn\u00e9tique transversal. Il se caract\u00e9rise par un facteur de forme compact adapt\u00e9 \u00e0 diverses configurations de test. La cellule TEM offre un espace contr\u00f4l\u00e9 pour les essais et les mesures de compatibilit\u00e9 \u00e9lectromagn\u00e9tique. Sa construction garantit une distribution coh\u00e9rente du champ \u00e0 l'int\u00e9rieur de la dimension de 100 mm. Le dispositif est destin\u00e9 \u00e0 faciliter des conditions de test pr\u00e9cises et reproductibles. Tekbox, la marque \u00e0 l'origine de ce produit, est sp\u00e9cialis\u00e9e dans les \u00e9quipements de test et de mesure \u00e9lectromagn\u00e9tiques.<\/p>","protected":false},"excerpt":{"rendered":"<p>Cellule TEM 100 mm<\/p>","protected":false},"featured_media":7473,"comment_status":"closed","ping_status":"closed","template":"","meta":{"_acf_changed":false,"slim_seo":{"title":"TBTC2 - YOTAVIS AG","description":"Cellule TEM 100 mm"}},"product_brand":[645],"product_cat":[526,649],"product_tag":[],"class_list":{"0":"post-6743","1":"product","2":"type-product","3":"status-publish","4":"has-post-thumbnail","6":"product_brand-tekbox","7":"product_cat-accessories","8":"product_cat-emc-test-equipment-accessories","10":"first","11":"instock","12":"taxable","13":"shipping-taxable","14":"purchasable","15":"product-type-simple"},"acf":[],"_links":{"self":[{"href":"https:\/\/yotavis.ch\/fr\/wp-json\/wp\/v2\/product\/6743","targetHints":{"allow":["GET"]}}],"collection":[{"href":"https:\/\/yotavis.ch\/fr\/wp-json\/wp\/v2\/product"}],"about":[{"href":"https:\/\/yotavis.ch\/fr\/wp-json\/wp\/v2\/types\/product"}],"replies":[{"embeddable":true,"href":"https:\/\/yotavis.ch\/fr\/wp-json\/wp\/v2\/comments?post=6743"}],"wp:featuredmedia":[{"embeddable":true,"href":"https:\/\/yotavis.ch\/fr\/wp-json\/wp\/v2\/media\/7473"}],"wp:attachment":[{"href":"https:\/\/yotavis.ch\/fr\/wp-json\/wp\/v2\/media?parent=6743"}],"wp:term":[{"taxonomy":"product_brand","embeddable":true,"href":"https:\/\/yotavis.ch\/fr\/wp-json\/wp\/v2\/product_brand?post=6743"},{"taxonomy":"product_cat","embeddable":true,"href":"https:\/\/yotavis.ch\/fr\/wp-json\/wp\/v2\/product_cat?post=6743"},{"taxonomy":"product_tag","embeddable":true,"href":"https:\/\/yotavis.ch\/fr\/wp-json\/wp\/v2\/product_tag?post=6743"}],"curies":[{"name":"wp","href":"https:\/\/api.w.org\/{rel}","templated":true}]}}