{"id":6744,"date":"2025-10-09T00:00:00","date_gmt":"2025-10-08T22:00:00","guid":{"rendered":"https:\/\/yotavis.ch\/product\/tbl5008-2c\/"},"modified":"2026-04-24T13:35:22","modified_gmt":"2026-04-24T11:35:22","slug":"tbl5008-2c","status":"publish","type":"product","link":"https:\/\/yotavis.ch\/fr\/produit\/tbl5008-2c\/","title":{"rendered":"TBL5008-2C"},"content":{"rendered":"<p>Le Tekbox TBL5008-2C est un r\u00e9seau de stabilisation d'imp\u00e9dance de ligne (LISN) 50uH 8A AC con\u00e7u pour \u00eatre utilis\u00e9 dans les environnements de test \u00e9lectrique. Il pr\u00e9sente une inductance de 50 microhenries et supporte un courant nominal de 8 amp\u00e8res. Ce dispositif est destin\u00e9 \u00e0 stabiliser l'imp\u00e9dance des lignes \u00e9lectriques \u00e0 courant alternatif pendant les essais de compatibilit\u00e9 \u00e9lectromagn\u00e9tique (CEM), garantissant ainsi des mesures coh\u00e9rentes et fiables. Le LISN permet d'isoler l'\u00e9quipement test\u00e9 du bruit des lignes \u00e9lectriques et fournit une imp\u00e9dance d\u00e9finie pour des tests pr\u00e9cis d'\u00e9missions conduites. Sa conception robuste permet de l'int\u00e9grer dans des installations de test n\u00e9cessitant une stabilisation pr\u00e9cise de l'imp\u00e9dance. Le TBL5008-2C est fabriqu\u00e9 par Tekbox, une marque connue pour produire des \u00e9quipements de test sp\u00e9cialis\u00e9s. Ce mod\u00e8le n'inclut pas de fonctions suppl\u00e9mentaires telles que la t\u00e9l\u00e9commande ou les canaux de sortie multiples, se concentrant plut\u00f4t sur sa fonction principale de r\u00e9seau de stabilisation d'imp\u00e9dance de ligne.<\/p>","protected":false},"excerpt":{"rendered":"<p>R\u00e9seau de stabilisation de l'imp\u00e9dance de ligne 50uH 8A AC LISN<\/p>","protected":false},"featured_media":7553,"comment_status":"closed","ping_status":"closed","template":"","meta":{"_acf_changed":false,"slim_seo":{"title":"TBL5008-2C - YOTAVIS AG","description":"R\u00e9seau de stabilisation de l'imp\u00e9dance de ligne 50uH 8A AC LISN"}},"product_brand":[645],"product_cat":[526,649],"product_tag":[],"class_list":{"0":"post-6744","1":"product","2":"type-product","3":"status-publish","4":"has-post-thumbnail","6":"product_brand-tekbox","7":"product_cat-accessories","8":"product_cat-emc-test-equipment-accessories","10":"first","11":"instock","12":"taxable","13":"shipping-taxable","14":"purchasable","15":"product-type-simple"},"acf":[],"_links":{"self":[{"href":"https:\/\/yotavis.ch\/fr\/wp-json\/wp\/v2\/product\/6744","targetHints":{"allow":["GET"]}}],"collection":[{"href":"https:\/\/yotavis.ch\/fr\/wp-json\/wp\/v2\/product"}],"about":[{"href":"https:\/\/yotavis.ch\/fr\/wp-json\/wp\/v2\/types\/product"}],"replies":[{"embeddable":true,"href":"https:\/\/yotavis.ch\/fr\/wp-json\/wp\/v2\/comments?post=6744"}],"wp:featuredmedia":[{"embeddable":true,"href":"https:\/\/yotavis.ch\/fr\/wp-json\/wp\/v2\/media\/7553"}],"wp:attachment":[{"href":"https:\/\/yotavis.ch\/fr\/wp-json\/wp\/v2\/media?parent=6744"}],"wp:term":[{"taxonomy":"product_brand","embeddable":true,"href":"https:\/\/yotavis.ch\/fr\/wp-json\/wp\/v2\/product_brand?post=6744"},{"taxonomy":"product_cat","embeddable":true,"href":"https:\/\/yotavis.ch\/fr\/wp-json\/wp\/v2\/product_cat?post=6744"},{"taxonomy":"product_tag","embeddable":true,"href":"https:\/\/yotavis.ch\/fr\/wp-json\/wp\/v2\/product_tag?post=6744"}],"curies":[{"name":"wp","href":"https:\/\/api.w.org\/{rel}","templated":true}]}}