{"id":6745,"date":"2025-10-09T00:00:00","date_gmt":"2025-10-08T22:00:00","guid":{"rendered":"https:\/\/yotavis.ch\/product\/tbswr-200k500\/"},"modified":"2026-04-24T13:35:22","modified_gmt":"2026-04-24T11:35:22","slug":"tbswr-200k500","status":"publish","type":"product","link":"https:\/\/yotavis.ch\/fr\/produit\/tbswr-200k500\/","title":{"rendered":"TBSWR-200K500"},"content":{"rendered":"<p>Le TBSWR-200K500 est un pont VSWR haute puissance de 50 \u03a9 fabriqu\u00e9 par Tekbox Ce dispositif est con\u00e7u pour fonctionner avec une imp\u00e9dance caract\u00e9ristique de 50 ohms, ce qui est standard pour de nombreuses applications RF La capacit\u00e9 haute puissance indique qu'il peut g\u00e9rer des niveaux de puissance significatifs, ce qui le rend adapt\u00e9 \u00e0 une utilisation dans des syst\u00e8mes n\u00e9cessitant des performances robustes Le pont VSWR est g\u00e9n\u00e9ralement utilis\u00e9 pour mesurer le rapport d'ondes stationnaires de tension, Bien que les caract\u00e9ristiques \u00e9lectriques sp\u00e9cifiques telles que la puissance, la tension et le courant ne soient pas d\u00e9taill\u00e9es, la d\u00e9signation du produit souligne son r\u00f4le dans les environnements de haute puissance Tekbox est connu pour produire des composants RF de pr\u00e9cision, et ce mod\u00e8le s'inscrit dans ce cadre Le TBSWR-200K500 est susceptible d'\u00eatre utilis\u00e9 dans des installations de test et de mesure o\u00f9 des lectures pr\u00e9cises du ROS sont essentielles pour l'optimisation du syst\u00e8me et le d\u00e9pannage.<\/p>","protected":false},"excerpt":{"rendered":"<p>50 \u03a9 Pont VSWR haute puissance<\/p>","protected":false},"featured_media":7549,"comment_status":"closed","ping_status":"closed","template":"","meta":{"_acf_changed":false,"slim_seo":{"title":"TBSWR-200K500 - YOTAVIS AG","description":"50 \u03a9 Pont VSWR haute puissance"}},"product_brand":[645],"product_cat":[526,649],"product_tag":[],"class_list":{"0":"post-6745","1":"product","2":"type-product","3":"status-publish","4":"has-post-thumbnail","6":"product_brand-tekbox","7":"product_cat-accessories","8":"product_cat-emc-test-equipment-accessories","10":"first","11":"instock","12":"taxable","13":"shipping-taxable","14":"purchasable","15":"product-type-simple"},"acf":[],"_links":{"self":[{"href":"https:\/\/yotavis.ch\/fr\/wp-json\/wp\/v2\/product\/6745","targetHints":{"allow":["GET"]}}],"collection":[{"href":"https:\/\/yotavis.ch\/fr\/wp-json\/wp\/v2\/product"}],"about":[{"href":"https:\/\/yotavis.ch\/fr\/wp-json\/wp\/v2\/types\/product"}],"replies":[{"embeddable":true,"href":"https:\/\/yotavis.ch\/fr\/wp-json\/wp\/v2\/comments?post=6745"}],"wp:featuredmedia":[{"embeddable":true,"href":"https:\/\/yotavis.ch\/fr\/wp-json\/wp\/v2\/media\/7549"}],"wp:attachment":[{"href":"https:\/\/yotavis.ch\/fr\/wp-json\/wp\/v2\/media?parent=6745"}],"wp:term":[{"taxonomy":"product_brand","embeddable":true,"href":"https:\/\/yotavis.ch\/fr\/wp-json\/wp\/v2\/product_brand?post=6745"},{"taxonomy":"product_cat","embeddable":true,"href":"https:\/\/yotavis.ch\/fr\/wp-json\/wp\/v2\/product_cat?post=6745"},{"taxonomy":"product_tag","embeddable":true,"href":"https:\/\/yotavis.ch\/fr\/wp-json\/wp\/v2\/product_tag?post=6745"}],"curies":[{"name":"wp","href":"https:\/\/api.w.org\/{rel}","templated":true}]}}