{"id":6747,"date":"2025-10-09T00:00:00","date_gmt":"2025-10-08T22:00:00","guid":{"rendered":"https:\/\/yotavis.ch\/product\/tblna-9k30\/"},"modified":"2026-04-24T13:35:23","modified_gmt":"2026-04-24T11:35:23","slug":"tblna-9k30","status":"publish","type":"product","link":"https:\/\/yotavis.ch\/fr\/produit\/tblna-9k30\/","title":{"rendered":"TBLNA-9K30"},"content":{"rendered":"<p>Le TBLNA-9K30 est un pr\u00e9amplificateur d'antenne boucle con\u00e7u par Tekbox. Il est \u00e9quip\u00e9 d'un connecteur de type N, couramment utilis\u00e9 pour les applications RF, qui garantit des connexions fiables et s\u00fbres. Ce dispositif est destin\u00e9 \u00e0 amplifier les signaux re\u00e7us par les antennes boucles, am\u00e9liorant ainsi leurs performances dans diverses configurations. Bien que les sp\u00e9cifications \u00e9lectriques sp\u00e9cifiques telles que la puissance, la tension et le courant ne soient pas d\u00e9taill\u00e9es, l'inclusion d'un connecteur de type N indique la compatibilit\u00e9 avec l'\u00e9quipement RF standard. Le pr\u00e9amplificateur peut \u00eatre utilis\u00e9 dans des syst\u00e8mes n\u00e9cessitant une am\u00e9lioration de la force et de la clart\u00e9 du signal des antennes en boucle. Sa conception se concentre sur les fonctionnalit\u00e9s li\u00e9es \u00e0 l'amplification du signal sans caract\u00e9ristiques suppl\u00e9mentaires telles que la commande \u00e0 distance ou les interfaces num\u00e9riques. Le TBLNA-9K30 sert de composant dans les cha\u00eenes de traitement des signaux RF o\u00f9 des antennes en boucle sont utilis\u00e9es.<\/p>","protected":false},"excerpt":{"rendered":"<p>Pr\u00e9-amplificateur d'antenne en boucle<\/p>","protected":false},"featured_media":7558,"comment_status":"closed","ping_status":"closed","template":"","meta":{"_acf_changed":false,"slim_seo":{"title":"TBLNA-9K30 - YOTAVIS AG","description":"Pr\u00e9-amplificateur d'antenne en boucle"}},"product_brand":[645],"product_cat":[526,531],"product_tag":[],"class_list":{"0":"post-6747","1":"product","2":"type-product","3":"status-publish","4":"has-post-thumbnail","6":"product_brand-tekbox","7":"product_cat-accessories","8":"product_cat-rf-amplifier-attenuator-converter","9":"pa_connector-type-n","11":"first","12":"instock","13":"taxable","14":"shipping-taxable","15":"purchasable","16":"product-type-simple"},"acf":[],"_links":{"self":[{"href":"https:\/\/yotavis.ch\/fr\/wp-json\/wp\/v2\/product\/6747","targetHints":{"allow":["GET"]}}],"collection":[{"href":"https:\/\/yotavis.ch\/fr\/wp-json\/wp\/v2\/product"}],"about":[{"href":"https:\/\/yotavis.ch\/fr\/wp-json\/wp\/v2\/types\/product"}],"replies":[{"embeddable":true,"href":"https:\/\/yotavis.ch\/fr\/wp-json\/wp\/v2\/comments?post=6747"}],"wp:featuredmedia":[{"embeddable":true,"href":"https:\/\/yotavis.ch\/fr\/wp-json\/wp\/v2\/media\/7558"}],"wp:attachment":[{"href":"https:\/\/yotavis.ch\/fr\/wp-json\/wp\/v2\/media?parent=6747"}],"wp:term":[{"taxonomy":"product_brand","embeddable":true,"href":"https:\/\/yotavis.ch\/fr\/wp-json\/wp\/v2\/product_brand?post=6747"},{"taxonomy":"product_cat","embeddable":true,"href":"https:\/\/yotavis.ch\/fr\/wp-json\/wp\/v2\/product_cat?post=6747"},{"taxonomy":"product_tag","embeddable":true,"href":"https:\/\/yotavis.ch\/fr\/wp-json\/wp\/v2\/product_tag?post=6747"}],"curies":[{"name":"wp","href":"https:\/\/api.w.org\/{rel}","templated":true}]}}