{"id":6752,"date":"2025-10-09T00:00:00","date_gmt":"2025-10-08T22:00:00","guid":{"rendered":"https:\/\/yotavis.ch\/product\/emcviewpro\/"},"modified":"2026-04-24T13:35:26","modified_gmt":"2026-04-24T11:35:26","slug":"emcviewpro","status":"publish","type":"product","link":"https:\/\/yotavis.ch\/fr\/produit\/emcviewpro\/","title":{"rendered":"EMCviewPro"},"content":{"rendered":"<p>EMCview Pro License est un logiciel propos\u00e9 par Tekbox. Il est con\u00e7u pour fournir aux utilisateurs des capacit\u00e9s avanc\u00e9es de gestion et d'analyse des donn\u00e9es de compatibilit\u00e9 \u00e9lectromagn\u00e9tique. Cette licence permet d'acc\u00e9der \u00e0 l'ensemble des fonctionnalit\u00e9s du logiciel EMCview Pro, facilitant l'examen d\u00e9taill\u00e9 et l'\u00e9tablissement de rapports sur les r\u00e9sultats des tests de compatibilit\u00e9 \u00e9lectromagn\u00e9tique. En tant que produit sous licence, elle permet l'int\u00e9gration avec les syst\u00e8mes mat\u00e9riels et logiciels Tekbox compatibles. La licence EMCview Pro est essentielle pour les professionnels qui ont besoin d'outils complets pour les tests de conformit\u00e9 CEM et la gestion des donn\u00e9es. Elle garantit que les utilisateurs peuvent utiliser le logiciel sans restrictions, am\u00e9liorant ainsi l'efficacit\u00e9 du flux de travail. Cette licence est un \u00e9l\u00e9ment cl\u00e9 pour ceux qui travaillent dans des environnements o\u00f9 une analyse CEM pr\u00e9cise est essentielle.<\/p>","protected":false},"excerpt":{"rendered":"<p>Licence EMCview Pro<\/p>","protected":false},"featured_media":7581,"comment_status":"closed","ping_status":"closed","template":"","meta":{"_acf_changed":false,"slim_seo":{"title":"EMCviewPro - YOTAVIS AG","description":"Licence EMCview Pro"}},"product_brand":[645],"product_cat":[526,651],"product_tag":[],"class_list":{"0":"post-6752","1":"product","2":"type-product","3":"status-publish","4":"has-post-thumbnail","6":"product_brand-tekbox","7":"product_cat-accessories","8":"product_cat-software","10":"first","11":"instock","12":"taxable","13":"shipping-taxable","14":"purchasable","15":"product-type-simple"},"acf":[],"_links":{"self":[{"href":"https:\/\/yotavis.ch\/fr\/wp-json\/wp\/v2\/product\/6752","targetHints":{"allow":["GET"]}}],"collection":[{"href":"https:\/\/yotavis.ch\/fr\/wp-json\/wp\/v2\/product"}],"about":[{"href":"https:\/\/yotavis.ch\/fr\/wp-json\/wp\/v2\/types\/product"}],"replies":[{"embeddable":true,"href":"https:\/\/yotavis.ch\/fr\/wp-json\/wp\/v2\/comments?post=6752"}],"wp:featuredmedia":[{"embeddable":true,"href":"https:\/\/yotavis.ch\/fr\/wp-json\/wp\/v2\/media\/7581"}],"wp:attachment":[{"href":"https:\/\/yotavis.ch\/fr\/wp-json\/wp\/v2\/media?parent=6752"}],"wp:term":[{"taxonomy":"product_brand","embeddable":true,"href":"https:\/\/yotavis.ch\/fr\/wp-json\/wp\/v2\/product_brand?post=6752"},{"taxonomy":"product_cat","embeddable":true,"href":"https:\/\/yotavis.ch\/fr\/wp-json\/wp\/v2\/product_cat?post=6752"},{"taxonomy":"product_tag","embeddable":true,"href":"https:\/\/yotavis.ch\/fr\/wp-json\/wp\/v2\/product_tag?post=6752"}],"curies":[{"name":"wp","href":"https:\/\/api.w.org\/{rel}","templated":true}]}}