{"id":6753,"date":"2025-10-09T00:00:00","date_gmt":"2025-10-08T22:00:00","guid":{"rendered":"https:\/\/yotavis.ch\/product\/tblna-110m-50\/"},"modified":"2026-04-24T13:35:27","modified_gmt":"2026-04-24T11:35:27","slug":"tblna-110m-50","status":"publish","type":"product","link":"https:\/\/yotavis.ch\/fr\/produit\/tblna-110m-50\/","title":{"rendered":"TBLNA-110M-50"},"content":{"rendered":"<p>Le TBLNA-110M-50 est un amplificateur \u00e0 faible bruit \u00e0 couplage DC fabriqu\u00e9 par Tekbox. Il est \u00e9quip\u00e9 d'un connecteur BNC, couramment utilis\u00e9 pour les connexions de signaux RF et vid\u00e9o. Cet amplificateur est con\u00e7u pour fonctionner avec un couplage en courant continu, ce qui lui permet de traiter les signaux sans bloquer les composants en courant continu. La caract\u00e9ristique de faible bruit indique qu'il convient aux applications n\u00e9cessitant une distorsion et une interf\u00e9rence minimales du signal. Le num\u00e9ro de mod\u00e8le sugg\u00e8re qu'il peut faire partie d'une s\u00e9rie ou d'une ligne de produits sp\u00e9cifiques parmi les offres de Tekbox. Bien que les param\u00e8tres \u00e9lectriques sp\u00e9cifiques tels que la puissance, la tension, le courant et la gamme de fr\u00e9quences ne soient pas d\u00e9taill\u00e9s, l'inclusion d'un connecteur BNC souligne sa compatibilit\u00e9 avec les \u00e9quipements de test et de mesure standard. Ce produit est probablement destin\u00e9 \u00e0 \u00eatre utilis\u00e9 dans des environnements o\u00f9 l'int\u00e9grit\u00e9 du signal et l'amplification \u00e0 faible bruit sont essentielles.<\/p>","protected":false},"excerpt":{"rendered":"<p>Amplificateur \u00e0 faible bruit coupl\u00e9 en courant continu<\/p>","protected":false},"featured_media":7584,"comment_status":"closed","ping_status":"closed","template":"","meta":{"_acf_changed":false,"slim_seo":{"title":"TBLNA-110M-50 - YOTAVIS AG","description":"Amplificateur \u00e0 faible bruit coupl\u00e9 en courant continu"}},"product_brand":[645],"product_cat":[526,531],"product_tag":[],"class_list":{"0":"post-6753","1":"product","2":"type-product","3":"status-publish","4":"has-post-thumbnail","6":"product_brand-tekbox","7":"product_cat-accessories","8":"product_cat-rf-amplifier-attenuator-converter","9":"pa_connector-bnc","11":"first","12":"instock","13":"taxable","14":"shipping-taxable","15":"purchasable","16":"product-type-simple"},"acf":[],"_links":{"self":[{"href":"https:\/\/yotavis.ch\/fr\/wp-json\/wp\/v2\/product\/6753","targetHints":{"allow":["GET"]}}],"collection":[{"href":"https:\/\/yotavis.ch\/fr\/wp-json\/wp\/v2\/product"}],"about":[{"href":"https:\/\/yotavis.ch\/fr\/wp-json\/wp\/v2\/types\/product"}],"replies":[{"embeddable":true,"href":"https:\/\/yotavis.ch\/fr\/wp-json\/wp\/v2\/comments?post=6753"}],"wp:featuredmedia":[{"embeddable":true,"href":"https:\/\/yotavis.ch\/fr\/wp-json\/wp\/v2\/media\/7584"}],"wp:attachment":[{"href":"https:\/\/yotavis.ch\/fr\/wp-json\/wp\/v2\/media?parent=6753"}],"wp:term":[{"taxonomy":"product_brand","embeddable":true,"href":"https:\/\/yotavis.ch\/fr\/wp-json\/wp\/v2\/product_brand?post=6753"},{"taxonomy":"product_cat","embeddable":true,"href":"https:\/\/yotavis.ch\/fr\/wp-json\/wp\/v2\/product_cat?post=6753"},{"taxonomy":"product_tag","embeddable":true,"href":"https:\/\/yotavis.ch\/fr\/wp-json\/wp\/v2\/product_tag?post=6753"}],"curies":[{"name":"wp","href":"https:\/\/api.w.org\/{rel}","templated":true}]}}