{"id":6765,"date":"2025-10-09T00:00:00","date_gmt":"2025-10-08T22:00:00","guid":{"rendered":"https:\/\/yotavis.ch\/product\/tbcp3-1000\/"},"modified":"2026-04-24T13:35:40","modified_gmt":"2026-04-24T11:35:40","slug":"tbcp3-1000","status":"publish","type":"product","link":"https:\/\/yotavis.ch\/fr\/produit\/tbcp3-1000\/","title":{"rendered":"TBCP3-1000"},"content":{"rendered":"<p>Le Tekbox TBCP3-1000 est une sonde de contr\u00f4le de courant dot\u00e9e d'une ouverture fixe de 17 mm. Elle est con\u00e7ue pour s'interfacer avec un connecteur de type N, ce qui garantit sa compatibilit\u00e9 avec diverses configurations de mesure. Cette sonde est destin\u00e9e aux applications n\u00e9cessitant un contr\u00f4le pr\u00e9cis du courant gr\u00e2ce \u00e0 son ouverture sp\u00e9cifique. La conception de l'ouverture fixe permet des mesures coh\u00e9rentes et fiables dans le cadre de ses param\u00e8tres op\u00e9rationnels. Le produit n'inclut pas de fonctions suppl\u00e9mentaires telles que la commande \u00e0 distance ou les canaux num\u00e9riques, se concentrant uniquement sur sa fonction principale de dispositif de contr\u00f4le du courant. Sa conception simple permet de l'int\u00e9grer dans des syst\u00e8mes existants o\u00f9 la mesure du courant est n\u00e9cessaire. La marque Tekbox est associ\u00e9e \u00e0 ce mod\u00e8le, indiquant son origine de fabrication et ses normes de qualit\u00e9.<\/p>","protected":false},"excerpt":{"rendered":"<p>Sonde de contr\u00f4le du courant, ouverture fixe 17mm<\/p>","protected":false},"featured_media":7616,"comment_status":"closed","ping_status":"closed","template":"","meta":{"_acf_changed":false,"slim_seo":{"title":"TBCP3-1000 - YOTAVIS AG","description":"Sonde de contr\u00f4le du courant, ouverture fixe 17mm"}},"product_brand":[645],"product_cat":[543,509],"product_tag":[],"class_list":{"0":"post-6765","1":"product","2":"type-product","3":"status-publish","4":"has-post-thumbnail","6":"product_brand-tekbox","7":"product_cat-emc-test-equipment-en","8":"product_cat-probes-en","9":"pa_interface-type-n","11":"first","12":"instock","13":"taxable","14":"shipping-taxable","15":"purchasable","16":"product-type-simple"},"acf":[],"_links":{"self":[{"href":"https:\/\/yotavis.ch\/fr\/wp-json\/wp\/v2\/product\/6765","targetHints":{"allow":["GET"]}}],"collection":[{"href":"https:\/\/yotavis.ch\/fr\/wp-json\/wp\/v2\/product"}],"about":[{"href":"https:\/\/yotavis.ch\/fr\/wp-json\/wp\/v2\/types\/product"}],"replies":[{"embeddable":true,"href":"https:\/\/yotavis.ch\/fr\/wp-json\/wp\/v2\/comments?post=6765"}],"wp:featuredmedia":[{"embeddable":true,"href":"https:\/\/yotavis.ch\/fr\/wp-json\/wp\/v2\/media\/7616"}],"wp:attachment":[{"href":"https:\/\/yotavis.ch\/fr\/wp-json\/wp\/v2\/media?parent=6765"}],"wp:term":[{"taxonomy":"product_brand","embeddable":true,"href":"https:\/\/yotavis.ch\/fr\/wp-json\/wp\/v2\/product_brand?post=6765"},{"taxonomy":"product_cat","embeddable":true,"href":"https:\/\/yotavis.ch\/fr\/wp-json\/wp\/v2\/product_cat?post=6765"},{"taxonomy":"product_tag","embeddable":true,"href":"https:\/\/yotavis.ch\/fr\/wp-json\/wp\/v2\/product_tag?post=6765"}],"curies":[{"name":"wp","href":"https:\/\/api.w.org\/{rel}","templated":true}]}}