{"id":6767,"date":"2025-10-09T00:00:00","date_gmt":"2025-10-08T22:00:00","guid":{"rendered":"https:\/\/yotavis.ch\/product\/tbswr-300k6000\/"},"modified":"2026-04-24T13:35:41","modified_gmt":"2026-04-24T11:35:41","slug":"tbswr-300k6000","status":"publish","type":"product","link":"https:\/\/yotavis.ch\/fr\/produit\/tbswr-300k6000\/","title":{"rendered":"TBSWR-300K6000"},"content":{"rendered":"<p>Le TBSWR-300K6000 est un pont VSWR \u00e0 usage g\u00e9n\u00e9ral de 50 \u03a9 fabriqu\u00e9 par Tekbox Cet appareil est con\u00e7u pour mesurer le rapport d'ondes stationnaires de tension dans les syst\u00e8mes RF, assurant une adaptation d'imp\u00e9dance correcte et minimisant les r\u00e9flexions de signal Il fonctionne avec une imp\u00e9dance caract\u00e9ristique de 50 ohms, Le pont VSWR est un composant crucial pour tester et maintenir la performance des antennes, des lignes de transmission et d'autres composants RF En fournissant des mesures pr\u00e9cises du VSWR, il aide \u00e0 diagnostiquer les probl\u00e8mes li\u00e9s \u00e0 la perte de signal et aux inefficacit\u00e9s du syst\u00e8me Le TBSWR-300K6000 est adapt\u00e9 \u00e0 une utilisation dans divers environnements de test RF o\u00f9 une adaptation fiable de l'imp\u00e9dance est n\u00e9cessaire.<\/p>","protected":false},"excerpt":{"rendered":"<p>Pont VSWR 50 \u03a9 \u00e0 usage g\u00e9n\u00e9ral<\/p>","protected":false},"featured_media":7623,"comment_status":"closed","ping_status":"closed","template":"","meta":{"_acf_changed":false,"slim_seo":{"title":"TBSWR-300K6000 - YOTAVIS AG","description":"Pont VSWR 50 \u03a9 \u00e0 usage g\u00e9n\u00e9ral"}},"product_brand":[645],"product_cat":[526,649],"product_tag":[],"class_list":{"0":"post-6767","1":"product","2":"type-product","3":"status-publish","4":"has-post-thumbnail","6":"product_brand-tekbox","7":"product_cat-accessories","8":"product_cat-emc-test-equipment-accessories","10":"first","11":"instock","12":"taxable","13":"shipping-taxable","14":"purchasable","15":"product-type-simple"},"acf":[],"_links":{"self":[{"href":"https:\/\/yotavis.ch\/fr\/wp-json\/wp\/v2\/product\/6767","targetHints":{"allow":["GET"]}}],"collection":[{"href":"https:\/\/yotavis.ch\/fr\/wp-json\/wp\/v2\/product"}],"about":[{"href":"https:\/\/yotavis.ch\/fr\/wp-json\/wp\/v2\/types\/product"}],"replies":[{"embeddable":true,"href":"https:\/\/yotavis.ch\/fr\/wp-json\/wp\/v2\/comments?post=6767"}],"wp:featuredmedia":[{"embeddable":true,"href":"https:\/\/yotavis.ch\/fr\/wp-json\/wp\/v2\/media\/7623"}],"wp:attachment":[{"href":"https:\/\/yotavis.ch\/fr\/wp-json\/wp\/v2\/media?parent=6767"}],"wp:term":[{"taxonomy":"product_brand","embeddable":true,"href":"https:\/\/yotavis.ch\/fr\/wp-json\/wp\/v2\/product_brand?post=6767"},{"taxonomy":"product_cat","embeddable":true,"href":"https:\/\/yotavis.ch\/fr\/wp-json\/wp\/v2\/product_cat?post=6767"},{"taxonomy":"product_tag","embeddable":true,"href":"https:\/\/yotavis.ch\/fr\/wp-json\/wp\/v2\/product_tag?post=6767"}],"curies":[{"name":"wp","href":"https:\/\/api.w.org\/{rel}","templated":true}]}}