{"id":6770,"date":"2025-10-09T00:00:00","date_gmt":"2025-10-08T22:00:00","guid":{"rendered":"https:\/\/yotavis.ch\/product\/awg-1104\/"},"modified":"2026-04-24T13:35:43","modified_gmt":"2026-04-24T11:35:43","slug":"awg-1104","status":"publish","type":"product","link":"https:\/\/yotavis.ch\/fr\/produit\/awg-1104\/","title":{"rendered":"AWG-1104"},"content":{"rendered":"<p>L'AWG-1104 d'Active Technologies est un g\u00e9n\u00e9rateur de formes d'ondes arbitraires \u00e0 4 canaux avec une fr\u00e9quence maximale de 125 MHz. Il offre un taux d'\u00e9chantillonnage de 250 MSa\/s et une profondeur de m\u00e9moire de 2 Mpts, permettant la g\u00e9n\u00e9ration et le stockage de formes d'ondes d\u00e9taill\u00e9es. Le dispositif prend en charge les fonctions de balayage et de rafale, ce qui accro\u00eet sa polyvalence en mati\u00e8re de g\u00e9n\u00e9ration de signaux. Le temps de transition minimal est de 3,5 ns et la largeur d'impulsion minimale de 10 ns, ce qui permet un contr\u00f4le pr\u00e9cis de la synchronisation du signal. L'amplitude peut atteindre jusqu'\u00e0 12 V, ce qui offre une gamme adapt\u00e9e \u00e0 diverses applications de test et de d\u00e9veloppement. Ce g\u00e9n\u00e9rateur de forme d'onde est con\u00e7u pour fournir un signal de sortie pr\u00e9cis et flexible pour une gamme de besoins de test \u00e9lectronique.<\/p>","protected":false},"excerpt":{"rendered":"<p>4CH &#8211; 250MSa\/s &#8211; 2MSa Memory Arbitrary Waveform Generator<\/p>","protected":false},"featured_media":7786,"comment_status":"closed","ping_status":"closed","template":"","meta":{"_acf_changed":false,"slim_seo":{"title":"AWG-1104 - YOTAVIS AG","description":"G\u00e9n\u00e9rateur de forme d'onde arbitraire 4CH - 250MSa\/s - 2MSa Memory"}},"product_brand":[657],"product_cat":[1189,541,513],"product_tag":[],"class_list":{"0":"post-6770","1":"product","2":"type-product","3":"status-publish","4":"has-post-thumbnail","6":"product_brand-active-technologies","7":"product_cat-afg","8":"product_cat-awg","9":"product_cat-generator","10":"pa_amplitude-v-653","11":"pa_burst-yes","12":"pa_channels-338","13":"pa_frequency-mhz-652","14":"pa_memory-mpts-654","15":"pa_pulse-width-min-ns-656","16":"pa_sampling-rate-ms-s-122","17":"pa_sweep-yes","18":"pa_transition-time-min-ns-3-5","19":"pa_vertical-resolution-bits-125","21":"first","22":"instock","23":"taxable","24":"shipping-taxable","25":"product-type-simple"},"acf":[],"_links":{"self":[{"href":"https:\/\/yotavis.ch\/fr\/wp-json\/wp\/v2\/product\/6770","targetHints":{"allow":["GET"]}}],"collection":[{"href":"https:\/\/yotavis.ch\/fr\/wp-json\/wp\/v2\/product"}],"about":[{"href":"https:\/\/yotavis.ch\/fr\/wp-json\/wp\/v2\/types\/product"}],"replies":[{"embeddable":true,"href":"https:\/\/yotavis.ch\/fr\/wp-json\/wp\/v2\/comments?post=6770"}],"wp:featuredmedia":[{"embeddable":true,"href":"https:\/\/yotavis.ch\/fr\/wp-json\/wp\/v2\/media\/7786"}],"wp:attachment":[{"href":"https:\/\/yotavis.ch\/fr\/wp-json\/wp\/v2\/media?parent=6770"}],"wp:term":[{"taxonomy":"product_brand","embeddable":true,"href":"https:\/\/yotavis.ch\/fr\/wp-json\/wp\/v2\/product_brand?post=6770"},{"taxonomy":"product_cat","embeddable":true,"href":"https:\/\/yotavis.ch\/fr\/wp-json\/wp\/v2\/product_cat?post=6770"},{"taxonomy":"product_tag","embeddable":true,"href":"https:\/\/yotavis.ch\/fr\/wp-json\/wp\/v2\/product_tag?post=6770"}],"curies":[{"name":"wp","href":"https:\/\/api.w.org\/{rel}","templated":true}]}}