{"id":6773,"date":"2025-10-09T00:00:00","date_gmt":"2025-10-08T22:00:00","guid":{"rendered":"https:\/\/yotavis.ch\/product\/at-1120\/"},"modified":"2026-04-24T13:35:45","modified_gmt":"2026-04-24T11:35:45","slug":"at-1120","status":"publish","type":"product","link":"https:\/\/yotavis.ch\/fr\/produit\/at-1120\/","title":{"rendered":"AT-1120"},"content":{"rendered":"<p>L'AT-1120 d'Active Technologies est un module adaptateur Flex-RIO g\u00e9n\u00e9rateur de signaux \u00e0 1 canal con\u00e7u pour fonctionner \u00e0 une fr\u00e9quence de 800 MHz. Il offre un taux d'\u00e9chantillonnage de 2000 MS\/s et une r\u00e9solution verticale de 14 bits. Le module d\u00e9livre une amplitude de 2 V et supporte un temps de transition minimum de 0,34 ns. Ce dispositif ne comprend pas de capacit\u00e9s de balayage ou de rafale. Il est con\u00e7u pour fournir une g\u00e9n\u00e9ration de signaux pr\u00e9cise avec un taux d'\u00e9chantillonnage \u00e9lev\u00e9 et une r\u00e9solution verticale fine, adapt\u00e9e aux applications n\u00e9cessitant une synth\u00e8se d\u00e9taill\u00e9e de la forme d'onde. La combinaison de ses sp\u00e9cifications de fr\u00e9quence et d'amplitude en fait un outil sp\u00e9cialis\u00e9 pour les t\u00e2ches de g\u00e9n\u00e9ration de signaux dans le cadre de ses param\u00e8tres op\u00e9rationnels.<\/p>","protected":false},"excerpt":{"rendered":"<p>1Ch &#8211; 2Gs\/s &#8211; 14bit signal generator Flex-RIO adapter Module<\/p>","protected":false},"featured_media":7801,"comment_status":"closed","ping_status":"closed","template":"","meta":{"_acf_changed":false,"slim_seo":{"title":"AT-1120 - YOTAVIS AG","description":"1Ch - 2Gs\/s - 14bit g\u00e9n\u00e9rateur de signaux Module adaptateur Flex-RIO"}},"product_brand":[657],"product_cat":[513],"product_tag":[],"class_list":{"0":"post-6773","1":"product","2":"type-product","3":"status-publish","4":"has-post-thumbnail","6":"product_brand-active-technologies","7":"product_cat-generator","8":"pa_amplitude-v-659","9":"pa_burst-no","10":"pa_channels-384","11":"pa_frequency-mhz-658","12":"pa_sampling-rate-ms-s-662","13":"pa_sweep-no","14":"pa_transition-time-min-ns-0-34","15":"pa_vertical-resolution-bits-113","17":"first","18":"instock","19":"taxable","20":"shipping-taxable","21":"product-type-simple"},"acf":[],"_links":{"self":[{"href":"https:\/\/yotavis.ch\/fr\/wp-json\/wp\/v2\/product\/6773","targetHints":{"allow":["GET"]}}],"collection":[{"href":"https:\/\/yotavis.ch\/fr\/wp-json\/wp\/v2\/product"}],"about":[{"href":"https:\/\/yotavis.ch\/fr\/wp-json\/wp\/v2\/types\/product"}],"replies":[{"embeddable":true,"href":"https:\/\/yotavis.ch\/fr\/wp-json\/wp\/v2\/comments?post=6773"}],"wp:featuredmedia":[{"embeddable":true,"href":"https:\/\/yotavis.ch\/fr\/wp-json\/wp\/v2\/media\/7801"}],"wp:attachment":[{"href":"https:\/\/yotavis.ch\/fr\/wp-json\/wp\/v2\/media?parent=6773"}],"wp:term":[{"taxonomy":"product_brand","embeddable":true,"href":"https:\/\/yotavis.ch\/fr\/wp-json\/wp\/v2\/product_brand?post=6773"},{"taxonomy":"product_cat","embeddable":true,"href":"https:\/\/yotavis.ch\/fr\/wp-json\/wp\/v2\/product_cat?post=6773"},{"taxonomy":"product_tag","embeddable":true,"href":"https:\/\/yotavis.ch\/fr\/wp-json\/wp\/v2\/product_tag?post=6773"}],"curies":[{"name":"wp","href":"https:\/\/api.w.org\/{rel}","templated":true}]}}