{"id":6774,"date":"2025-10-09T00:00:00","date_gmt":"2025-10-08T22:00:00","guid":{"rendered":"https:\/\/yotavis.ch\/product\/at-1212\/"},"modified":"2026-04-24T13:35:46","modified_gmt":"2026-04-24T11:35:46","slug":"at-1212","status":"publish","type":"product","link":"https:\/\/yotavis.ch\/fr\/produit\/at-1212\/","title":{"rendered":"AT-1212"},"content":{"rendered":"<p>L'AT-1212 d'Active Technologies est un module adaptateur Flex-RIO g\u00e9n\u00e9rateur de signaux \u00e0 2 canaux con\u00e7u pour fonctionner \u00e0 une fr\u00e9quence de 480 MHz. Il pr\u00e9sente un taux d'\u00e9chantillonnage de 1,25 GS\/s (1250 MS\/s) et offre une r\u00e9solution verticale de 14 bits. Le module fournit une amplitude de sortie de 4 V et supporte un temps de transition minimum de 0,5 ns. Ce dispositif convient aux applications n\u00e9cessitant une g\u00e9n\u00e9ration de signaux pr\u00e9cise avec des taux d'\u00e9chantillonnage \u00e9lev\u00e9s et une r\u00e9solution fine. Sa conception permet l'int\u00e9gration avec les syst\u00e8mes Flex-RIO, facilitant ainsi les t\u00e2ches de traitement de signal avanc\u00e9es. La combinaison de ses capacit\u00e9s de fr\u00e9quence et de sa sortie d'amplitude en fait un composant polyvalent pour diverses configurations de test et de mesure \u00e9lectroniques.<\/p>","protected":false},"excerpt":{"rendered":"<p>2Ch &#8211; 1.25Gs\/s &#8211; 14bit signal generator Flex-RIO adapter Module<\/p>","protected":false},"featured_media":7800,"comment_status":"closed","ping_status":"closed","template":"","meta":{"_acf_changed":false,"slim_seo":{"title":"AT-1212 - YOTAVIS AG","description":"2Ch - 1.25Gs\/s - 14bit g\u00e9n\u00e9rateur de signaux Module adaptateur Flex-RIO"}},"product_brand":[657],"product_cat":[513],"product_tag":[],"class_list":{"0":"post-6774","1":"product","2":"type-product","3":"status-publish","4":"has-post-thumbnail","6":"product_brand-active-technologies","7":"product_cat-generator","8":"pa_amplitude-v-666","9":"pa_burst-no","10":"pa_channels-350","11":"pa_frequency-mhz-665","12":"pa_sampling-rate-ms-s-667","13":"pa_sweep-no","14":"pa_transition-time-min-ns-0-5","15":"pa_vertical-resolution-bits-113","17":"first","18":"instock","19":"taxable","20":"shipping-taxable","21":"product-type-simple"},"acf":[],"_links":{"self":[{"href":"https:\/\/yotavis.ch\/fr\/wp-json\/wp\/v2\/product\/6774","targetHints":{"allow":["GET"]}}],"collection":[{"href":"https:\/\/yotavis.ch\/fr\/wp-json\/wp\/v2\/product"}],"about":[{"href":"https:\/\/yotavis.ch\/fr\/wp-json\/wp\/v2\/types\/product"}],"replies":[{"embeddable":true,"href":"https:\/\/yotavis.ch\/fr\/wp-json\/wp\/v2\/comments?post=6774"}],"wp:featuredmedia":[{"embeddable":true,"href":"https:\/\/yotavis.ch\/fr\/wp-json\/wp\/v2\/media\/7800"}],"wp:attachment":[{"href":"https:\/\/yotavis.ch\/fr\/wp-json\/wp\/v2\/media?parent=6774"}],"wp:term":[{"taxonomy":"product_brand","embeddable":true,"href":"https:\/\/yotavis.ch\/fr\/wp-json\/wp\/v2\/product_brand?post=6774"},{"taxonomy":"product_cat","embeddable":true,"href":"https:\/\/yotavis.ch\/fr\/wp-json\/wp\/v2\/product_cat?post=6774"},{"taxonomy":"product_tag","embeddable":true,"href":"https:\/\/yotavis.ch\/fr\/wp-json\/wp\/v2\/product_tag?post=6774"}],"curies":[{"name":"wp","href":"https:\/\/api.w.org\/{rel}","templated":true}]}}