{"id":6775,"date":"2025-10-09T00:00:00","date_gmt":"2025-10-08T22:00:00","guid":{"rendered":"https:\/\/yotavis.ch\/product\/pg-1072\/"},"modified":"2026-04-24T13:35:46","modified_gmt":"2026-04-24T11:35:46","slug":"pg-1072","status":"publish","type":"product","link":"https:\/\/yotavis.ch\/fr\/produit\/pg-1072\/","title":{"rendered":"PG-1072"},"content":{"rendered":"<p>Le PG-1072 d'Active Technologies est un g\u00e9n\u00e9rateur d'impulsions \u00e0 2 canaux avec une fr\u00e9quence de 800 MHz. Il fonctionne avec une amplitude de 5 volts et a un temps de transition minimum de 0,07 nanoseconde. Le dispositif est capable de produire des largeurs d'impulsion aussi courtes que 0,3 nanoseconde. Ce g\u00e9n\u00e9rateur d'impulsions est con\u00e7u pour fournir une synchronisation pr\u00e9cise et un contr\u00f4le de la tension pour diverses applications n\u00e9cessitant des temps de front rapides et des niveaux de sortie stables. Ses sp\u00e9cifications mettent l'accent sur les performances \u00e0 haute fr\u00e9quence et les transitions rapides des signaux. La combinaison de ces caract\u00e9ristiques le rend adapt\u00e9 aux t\u00e2ches qui exigent une g\u00e9n\u00e9ration d'impulsions pr\u00e9cise \u00e0 des vitesses \u00e9lev\u00e9es.<\/p>","protected":false},"excerpt":{"rendered":"<p>G\u00e9n\u00e9rateur d'impulsions \u00e0 2 canaux Temps de front 70 ps 5 Volts<\/p>","protected":false},"featured_media":7807,"comment_status":"closed","ping_status":"closed","template":"","meta":{"_acf_changed":false,"slim_seo":{"title":"PG-1072 - YOTAVIS AG","description":"G\u00e9n\u00e9rateur d'impulsions \u00e0 2 canaux Temps de front 70 ps 5 Volts"}},"product_brand":[657],"product_cat":[513,671],"product_tag":[],"class_list":{"0":"post-6775","1":"product","2":"type-product","3":"status-publish","4":"has-post-thumbnail","6":"product_brand-active-technologies","7":"product_cat-generator","8":"product_cat-pulse-generator","9":"pa_amplitude-v-668","10":"pa_channels-350","11":"pa_frequency-mhz-658","12":"pa_pulse-width-min-ns-0-3","13":"pa_transition-time-min-ns-0-07","15":"first","16":"instock","17":"taxable","18":"shipping-taxable","19":"product-type-simple"},"acf":[],"_links":{"self":[{"href":"https:\/\/yotavis.ch\/fr\/wp-json\/wp\/v2\/product\/6775","targetHints":{"allow":["GET"]}}],"collection":[{"href":"https:\/\/yotavis.ch\/fr\/wp-json\/wp\/v2\/product"}],"about":[{"href":"https:\/\/yotavis.ch\/fr\/wp-json\/wp\/v2\/types\/product"}],"replies":[{"embeddable":true,"href":"https:\/\/yotavis.ch\/fr\/wp-json\/wp\/v2\/comments?post=6775"}],"wp:featuredmedia":[{"embeddable":true,"href":"https:\/\/yotavis.ch\/fr\/wp-json\/wp\/v2\/media\/7807"}],"wp:attachment":[{"href":"https:\/\/yotavis.ch\/fr\/wp-json\/wp\/v2\/media?parent=6775"}],"wp:term":[{"taxonomy":"product_brand","embeddable":true,"href":"https:\/\/yotavis.ch\/fr\/wp-json\/wp\/v2\/product_brand?post=6775"},{"taxonomy":"product_cat","embeddable":true,"href":"https:\/\/yotavis.ch\/fr\/wp-json\/wp\/v2\/product_cat?post=6775"},{"taxonomy":"product_tag","embeddable":true,"href":"https:\/\/yotavis.ch\/fr\/wp-json\/wp\/v2\/product_tag?post=6775"}],"curies":[{"name":"wp","href":"https:\/\/api.w.org\/{rel}","templated":true}]}}