{"id":6777,"date":"2025-10-09T00:00:00","date_gmt":"2025-10-08T22:00:00","guid":{"rendered":"https:\/\/yotavis.ch\/product\/pg-1501\/"},"modified":"2026-04-24T13:35:49","modified_gmt":"2026-04-24T11:35:49","slug":"pg-1501","status":"publish","type":"product","link":"https:\/\/yotavis.ch\/fr\/produit\/pg-1501\/","title":{"rendered":"PG-1501"},"content":{"rendered":"<p>Le PG-1501 d'Active Technologies est un g\u00e9n\u00e9rateur d'impulsions dot\u00e9 d'une fr\u00e9quence de 200 MHz et d'une amplitude de 50 volts. Il offre un temps de transition minimal de 0,4 nanoseconde et une largeur d'impulsion minimale de 1 nanoseconde. Ce dispositif est con\u00e7u pour g\u00e9n\u00e9rer des impulsions pr\u00e9cises avec un temps de front de 400 picosecondes. La capacit\u00e9 d'amplitude de 50 volts permet une gamme d'applications n\u00e9cessitant des impulsions \u00e0 haute tension. La combinaison de ces sp\u00e9cifications rend le PG-1501 adapt\u00e9 aux t\u00e2ches qui exigent une g\u00e9n\u00e9ration d'impulsions rapide et pr\u00e9cise. Ses param\u00e8tres d\u00e9taill\u00e9s fournissent des informations claires sur ses limites op\u00e9rationnelles et ses caract\u00e9ristiques de performance.<\/p>","protected":false},"excerpt":{"rendered":"<p>G\u00e9n\u00e9rateur d'impulsions 1 voie 400 ps temps de front 50 Volts<\/p>","protected":false},"featured_media":7810,"comment_status":"closed","ping_status":"closed","template":"","meta":{"_acf_changed":false,"slim_seo":{"title":"PG-1501 - YOTAVIS AG","description":"G\u00e9n\u00e9rateur d'impulsions 1 voie 400 ps temps de front 50 Volts"}},"product_brand":[657],"product_cat":[513,671],"product_tag":[],"class_list":{"0":"post-6777","1":"product","2":"type-product","3":"status-publish","4":"has-post-thumbnail","6":"product_brand-active-technologies","7":"product_cat-generator","8":"product_cat-pulse-generator","9":"pa_amplitude-v-672","10":"pa_channels-384","11":"pa_frequency-mhz-132","12":"pa_pulse-width-min-ns-266","13":"pa_transition-time-min-ns-0-4","15":"first","16":"instock","17":"taxable","18":"shipping-taxable","19":"product-type-simple"},"acf":[],"_links":{"self":[{"href":"https:\/\/yotavis.ch\/fr\/wp-json\/wp\/v2\/product\/6777","targetHints":{"allow":["GET"]}}],"collection":[{"href":"https:\/\/yotavis.ch\/fr\/wp-json\/wp\/v2\/product"}],"about":[{"href":"https:\/\/yotavis.ch\/fr\/wp-json\/wp\/v2\/types\/product"}],"replies":[{"embeddable":true,"href":"https:\/\/yotavis.ch\/fr\/wp-json\/wp\/v2\/comments?post=6777"}],"wp:featuredmedia":[{"embeddable":true,"href":"https:\/\/yotavis.ch\/fr\/wp-json\/wp\/v2\/media\/7810"}],"wp:attachment":[{"href":"https:\/\/yotavis.ch\/fr\/wp-json\/wp\/v2\/media?parent=6777"}],"wp:term":[{"taxonomy":"product_brand","embeddable":true,"href":"https:\/\/yotavis.ch\/fr\/wp-json\/wp\/v2\/product_brand?post=6777"},{"taxonomy":"product_cat","embeddable":true,"href":"https:\/\/yotavis.ch\/fr\/wp-json\/wp\/v2\/product_cat?post=6777"},{"taxonomy":"product_tag","embeddable":true,"href":"https:\/\/yotavis.ch\/fr\/wp-json\/wp\/v2\/product_tag?post=6777"}],"curies":[{"name":"wp","href":"https:\/\/api.w.org\/{rel}","templated":true}]}}