{"id":6778,"date":"2025-10-09T00:00:00","date_gmt":"2025-10-08T22:00:00","guid":{"rendered":"https:\/\/yotavis.ch\/product\/pg-1502\/"},"modified":"2026-04-24T13:35:50","modified_gmt":"2026-04-24T11:35:50","slug":"pg-1502","status":"publish","type":"product","link":"https:\/\/yotavis.ch\/fr\/produit\/pg-1502\/","title":{"rendered":"PG-1502"},"content":{"rendered":"<p>Le PG-1502 d'Active Technologies est un g\u00e9n\u00e9rateur d'impulsions dot\u00e9 d'une fr\u00e9quence de 200 MHz et d'une amplitude de 50 volts. Il offre un temps de transition minimal de 0,4 nanoseconde et une largeur d'impulsion minimale de 1 nanoseconde. Ce dispositif est con\u00e7u pour g\u00e9n\u00e9rer des impulsions pr\u00e9cises avec un temps de front rapide de 400 picosecondes. Le g\u00e9n\u00e9rateur d'impulsions prend en charge deux canaux, ce qui permet des configurations de sortie de signal polyvalentes. Ses sp\u00e9cifications mettent en \u00e9vidence la capacit\u00e9 \u00e0 g\u00e9rer la g\u00e9n\u00e9ration d'impulsions \u00e0 haute vitesse pour diverses applications n\u00e9cessitant un contr\u00f4le pr\u00e9cis du temps et de la tension. La combinaison de ces caract\u00e9ristiques fait du PG-1502 un instrument sp\u00e9cialis\u00e9 dans la g\u00e9n\u00e9ration d'impulsions avec des caract\u00e9ristiques de timing et d'amplitude sp\u00e9cifiques.<\/p>","protected":false},"excerpt":{"rendered":"<p>G\u00e9n\u00e9rateur d'impulsions 2 voies 400 ps temps de front 50 Volts<\/p>","protected":false},"featured_media":7810,"comment_status":"closed","ping_status":"closed","template":"","meta":{"_acf_changed":false,"slim_seo":{"title":"PG-1502 - YOTAVIS AG","description":"G\u00e9n\u00e9rateur d'impulsions 2 voies 400 ps temps de front 50 Volts"}},"product_brand":[657],"product_cat":[513,671],"product_tag":[],"class_list":{"0":"post-6778","1":"product","2":"type-product","3":"status-publish","4":"has-post-thumbnail","6":"product_brand-active-technologies","7":"product_cat-generator","8":"product_cat-pulse-generator","9":"pa_amplitude-v-672","10":"pa_channels-350","11":"pa_frequency-mhz-132","12":"pa_pulse-width-min-ns-266","13":"pa_transition-time-min-ns-0-4","15":"first","16":"instock","17":"taxable","18":"shipping-taxable","19":"product-type-simple"},"acf":[],"_links":{"self":[{"href":"https:\/\/yotavis.ch\/fr\/wp-json\/wp\/v2\/product\/6778","targetHints":{"allow":["GET"]}}],"collection":[{"href":"https:\/\/yotavis.ch\/fr\/wp-json\/wp\/v2\/product"}],"about":[{"href":"https:\/\/yotavis.ch\/fr\/wp-json\/wp\/v2\/types\/product"}],"replies":[{"embeddable":true,"href":"https:\/\/yotavis.ch\/fr\/wp-json\/wp\/v2\/comments?post=6778"}],"wp:featuredmedia":[{"embeddable":true,"href":"https:\/\/yotavis.ch\/fr\/wp-json\/wp\/v2\/media\/7810"}],"wp:attachment":[{"href":"https:\/\/yotavis.ch\/fr\/wp-json\/wp\/v2\/media?parent=6778"}],"wp:term":[{"taxonomy":"product_brand","embeddable":true,"href":"https:\/\/yotavis.ch\/fr\/wp-json\/wp\/v2\/product_brand?post=6778"},{"taxonomy":"product_cat","embeddable":true,"href":"https:\/\/yotavis.ch\/fr\/wp-json\/wp\/v2\/product_cat?post=6778"},{"taxonomy":"product_tag","embeddable":true,"href":"https:\/\/yotavis.ch\/fr\/wp-json\/wp\/v2\/product_tag?post=6778"}],"curies":[{"name":"wp","href":"https:\/\/api.w.org\/{rel}","templated":true}]}}