{"id":6779,"date":"2025-10-09T00:00:00","date_gmt":"2025-10-08T22:00:00","guid":{"rendered":"https:\/\/yotavis.ch\/product\/awg-7202\/"},"modified":"2026-04-24T13:35:50","modified_gmt":"2026-04-24T11:35:50","slug":"awg-7202","status":"publish","type":"product","link":"https:\/\/yotavis.ch\/fr\/produit\/awg-7202\/","title":{"rendered":"AWG-7202"},"content":{"rendered":"<p>L'AWG-7202 d'Active Technologies dispose de deux canaux avec une fr\u00e9quence maximale de 6,5 GHz et un taux d'\u00e9chantillonnage de 20 000 MS\/s. Il offre une profondeur de m\u00e9moire de 9 000 Mpts, ce qui permet de stocker et de lire de nombreuses formes d'onde. Il offre une profondeur de m\u00e9moire de 9 000 Mpts, ce qui permet un stockage et une lecture \u00e9tendus des formes d'onde. L'appareil prend en charge les modes balayage et rafale, ce qui accro\u00eet sa polyvalence en mati\u00e8re de g\u00e9n\u00e9ration de signaux. Il fournit une sortie asym\u00e9trique d'une amplitude de 5 Vpp. Le temps de transition minimum est de 0,12 ns et la largeur d'impulsion minimum est de 0,15 ns, ce qui permet un contr\u00f4le pr\u00e9cis de la synchronisation pour diverses applications. Ce mod\u00e8le est con\u00e7u pour g\u00e9rer la g\u00e9n\u00e9ration de signaux \u00e0 grande vitesse avec une bande passante de 10 GHz et une capacit\u00e9 de m\u00e9moire de 9 Gpts ou 1 Mpts. L'AWG-7202 convient aux t\u00e2ches n\u00e9cessitant la cr\u00e9ation et la manipulation d\u00e9taill\u00e9es de formes d'onde.<\/p>","protected":false},"excerpt":{"rendered":"<p>2CH &#8211; 20\u00a0\u00a0GS\/s &#8211; 10 GHz &#8211; 9 Gpts \/ 1 Mpts Memory &#8211; 5Vpp\u00a0\u00a0single ended output<\/p>","protected":false},"featured_media":7821,"comment_status":"closed","ping_status":"closed","template":"","meta":{"_acf_changed":false,"slim_seo":{"title":"AWG-7202 - YOTAVIS AG","description":"2CH - 20 GS\/s - 10 GHz - 9 Gpts \/ 1 Mpts M\u00e9moire - 5Vpp single ended output"}},"product_brand":[657],"product_cat":[541,513],"product_tag":[],"class_list":{"0":"post-6779","1":"product","2":"type-product","3":"status-publish","4":"has-post-thumbnail","6":"product_brand-active-technologies","7":"product_cat-awg","8":"product_cat-generator","9":"pa_amplitude-v-668","10":"pa_burst-yes","11":"pa_channels-350","12":"pa_frequency-mhz-674","13":"pa_memory-mpts-676","14":"pa_pulse-width-min-ns-0-15","15":"pa_sampling-rate-ms-s-675","16":"pa_sweep-yes","17":"pa_transition-time-min-ns-0-12","18":"pa_vertical-resolution-bits-113","20":"first","21":"instock","22":"taxable","23":"shipping-taxable","24":"product-type-simple"},"acf":[],"_links":{"self":[{"href":"https:\/\/yotavis.ch\/fr\/wp-json\/wp\/v2\/product\/6779","targetHints":{"allow":["GET"]}}],"collection":[{"href":"https:\/\/yotavis.ch\/fr\/wp-json\/wp\/v2\/product"}],"about":[{"href":"https:\/\/yotavis.ch\/fr\/wp-json\/wp\/v2\/types\/product"}],"replies":[{"embeddable":true,"href":"https:\/\/yotavis.ch\/fr\/wp-json\/wp\/v2\/comments?post=6779"}],"wp:featuredmedia":[{"embeddable":true,"href":"https:\/\/yotavis.ch\/fr\/wp-json\/wp\/v2\/media\/7821"}],"wp:attachment":[{"href":"https:\/\/yotavis.ch\/fr\/wp-json\/wp\/v2\/media?parent=6779"}],"wp:term":[{"taxonomy":"product_brand","embeddable":true,"href":"https:\/\/yotavis.ch\/fr\/wp-json\/wp\/v2\/product_brand?post=6779"},{"taxonomy":"product_cat","embeddable":true,"href":"https:\/\/yotavis.ch\/fr\/wp-json\/wp\/v2\/product_cat?post=6779"},{"taxonomy":"product_tag","embeddable":true,"href":"https:\/\/yotavis.ch\/fr\/wp-json\/wp\/v2\/product_tag?post=6779"}],"curies":[{"name":"wp","href":"https:\/\/api.w.org\/{rel}","templated":true}]}}